{"id":45526,"date":"2024-12-24T09:35:11","date_gmt":"2024-12-24T09:35:11","guid":{"rendered":"https:\/\/astunametal.com\/oval-cam-korkuluk-modelleri-ve-fiyatlari\/"},"modified":"2024-12-24T10:36:57","modified_gmt":"2024-12-24T10:36:57","slug":"oval-cam-korkuluk-modelleri-ve-fiyatlari","status":"publish","type":"page","link":"https:\/\/astunametal.com\/tr\/oval-cam-korkuluk-modelleri-ve-fiyatlari\/","title":{"rendered":"Oval Cam Korkuluk Modelleri ve Fiyatlar\u0131"},"content":{"rendered":"\t\t<div data-elementor-type=\"wp-page\" data-elementor-id=\"45526\" class=\"elementor elementor-45526\">\n\t\t\t\t\t\t\t\t\t<section class=\"elementor-section elementor-top-section elementor-element elementor-element-454daa54 elementor-section-boxed elementor-section-height-default elementor-section-height-default\" data-id=\"454daa54\" data-element_type=\"section\" data-settings=\"{&quot;background_background&quot;:&quot;gradient&quot;}\">\n\t\t\t\t\t\t\t<div class=\"elementor-background-overlay\"><\/div>\n\t\t\t\t\t\t\t<div class=\"elementor-container elementor-column-gap-default\">\n\t\t\t\t\t<div class=\"elementor-column elementor-col-100 elementor-top-column elementor-element elementor-element-4e7d928d\" data-id=\"4e7d928d\" data-element_type=\"column\">\n\t\t\t<div class=\"elementor-widget-wrap elementor-element-populated\">\n\t\t\t\t\t\t\t\t<div class=\"elementor-element elementor-element-361eac8f elementor-widget elementor-widget-heading\" data-id=\"361eac8f\" data-element_type=\"widget\" data-widget_type=\"heading.default\">\n\t\t\t\t<div class=\"elementor-widget-container\">\n\t\t\t<style>\/*! elementor - v3.16.0 - 17-10-2023 *\/\n.elementor-heading-title{padding:0;margin:0;line-height:1}.elementor-widget-heading .elementor-heading-title[class*=elementor-size-]>a{color:inherit;font-size:inherit;line-height:inherit}.elementor-widget-heading .elementor-heading-title.elementor-size-small{font-size:15px}.elementor-widget-heading .elementor-heading-title.elementor-size-medium{font-size:19px}.elementor-widget-heading .elementor-heading-title.elementor-size-large{font-size:29px}.elementor-widget-heading .elementor-heading-title.elementor-size-xl{font-size:39px}.elementor-widget-heading .elementor-heading-title.elementor-size-xxl{font-size:59px}<\/style><h1 class=\"elementor-heading-title elementor-size-default\">OVAL CAM KORKULUK MODELLER\u0130 VE F\u0130YATLARI<\/h1>\t\t<\/div>\n\t\t\t\t<\/div>\n\t\t\t\t<div class=\"elementor-element elementor-element-542e081 elementor-icon-list--layout-inline elementor-align-left elementor-mobile-align-center elementor-widget-mobile__width-initial elementor-tablet-align-left elementor-widget-tablet__width-initial elementor-list-item-link-full_width elementor-widget elementor-widget-icon-list\" data-id=\"542e081\" data-element_type=\"widget\" data-widget_type=\"icon-list.default\">\n\t\t\t\t<div class=\"elementor-widget-container\">\n\t\t\t<link rel=\"stylesheet\" href=\"https:\/\/astunametal.com\/wp-content\/plugins\/elementor\/assets\/css\/widget-icon-list.min.css\">\t\t<ul class=\"elementor-icon-list-items elementor-inline-items\">\n\t\t\t\t\t\t\t<li class=\"elementor-icon-list-item elementor-inline-item\">\n\t\t\t\t\t\t\t\t\t\t\t<a href=\"\/tr\/\">\n\n\t\t\t\t\t\t\t\t\t\t\t<span class=\"elementor-icon-list-text\">ANASAYFA<\/span>\n\t\t\t\t\t\t\t\t\t\t\t<\/a>\n\t\t\t\t\t\t\t\t\t<\/li>\n\t\t\t\t\t\t\t\t<li class=\"elementor-icon-list-item elementor-inline-item\">\n\t\t\t\t\t\t\t\t\t\t\t<span class=\"elementor-icon-list-icon\">\n\t\t\t\t\t\t\t<i aria-hidden=\"true\" class=\"jki jki-right-arrow-8\"><\/i>\t\t\t\t\t\t<\/span>\n\t\t\t\t\t\t\t\t\t\t<span class=\"elementor-icon-list-text\">OVAL CAM KORKULUK MODELLER\u0130<\/span>\n\t\t\t\t\t\t\t\t\t<\/li>\n\t\t\t\t\t\t<\/ul>\n\t\t\t\t<\/div>\n\t\t\t\t<\/div>\n\t\t\t\t\t<\/div>\n\t\t<\/div>\n\t\t\t\t\t\t\t<\/div>\n\t\t<\/section>\n\t\t\t\t<section class=\"elementor-section elementor-top-section elementor-element elementor-element-ae5686f elementor-section-boxed elementor-section-height-default elementor-section-height-default\" data-id=\"ae5686f\" data-element_type=\"section\">\n\t\t\t\t\t\t<div class=\"elementor-container elementor-column-gap-default\">\n\t\t\t\t\t<div class=\"elementor-column elementor-col-50 elementor-top-column elementor-element elementor-element-743c07a\" data-id=\"743c07a\" data-element_type=\"column\">\n\t\t\t<div class=\"elementor-widget-wrap elementor-element-populated\">\n\t\t\t\t\t\t\t\t<div class=\"elementor-element elementor-element-8b9d58a elementor-widget elementor-widget-image\" data-id=\"8b9d58a\" data-element_type=\"widget\" data-widget_type=\"image.default\">\n\t\t\t\t<div class=\"elementor-widget-container\">\n\t\t\t<style>\/*! elementor - v3.16.0 - 17-10-2023 *\/\n.elementor-widget-image{text-align:center}.elementor-widget-image a{display:inline-block}.elementor-widget-image a img[src$=\".svg\"]{width:48px}.elementor-widget-image img{vertical-align:middle;display:inline-block}<\/style>\t\t\t\t\t\t\t\t\t<figure class=\"wp-caption\">\n\t\t\t\t\t\t\t\t\t\t<img loading=\"lazy\" decoding=\"async\" width=\"750\" height=\"500\" src=\"https:\/\/astunametal.com\/wp-content\/uploads\/2024\/12\/Oval-Cam-Korkuluk-Sistemleri-ve-Fiyatlari.webp\" class=\"attachment-full size-full wp-image-45580\" alt=\"Oval Cam Korkuluk Sistemleri ve Fiyatlar\u0131\" srcset=\"https:\/\/astunametal.com\/wp-content\/uploads\/2024\/12\/Oval-Cam-Korkuluk-Sistemleri-ve-Fiyatlari.webp 750w, https:\/\/astunametal.com\/wp-content\/uploads\/2024\/12\/Oval-Cam-Korkuluk-Sistemleri-ve-Fiyatlari-300x200.webp 300w\" sizes=\"(max-width: 750px) 100vw, 750px\" \/>\t\t\t\t\t\t\t\t\t\t\t<figcaption class=\"widget-image-caption wp-caption-text\">Oval Cam Korkuluk Sistemleri ve Fiyatlar\u0131<\/figcaption>\n\t\t\t\t\t\t\t\t\t\t<\/figure>\n\t\t\t\t\t\t\t\t\t<\/div>\n\t\t\t\t<\/div>\n\t\t\t\t\t<\/div>\n\t\t<\/div>\n\t\t\t\t<div class=\"elementor-column elementor-col-50 elementor-top-column elementor-element elementor-element-13b051d\" data-id=\"13b051d\" data-element_type=\"column\">\n\t\t\t<div class=\"elementor-widget-wrap elementor-element-populated\">\n\t\t\t\t\t\t\t\t<div class=\"elementor-element elementor-element-fbb7d0c elementor-widget elementor-widget-heading\" data-id=\"fbb7d0c\" data-element_type=\"widget\" data-settings=\"{&quot;_animation&quot;:&quot;none&quot;}\" data-widget_type=\"heading.default\">\n\t\t\t\t<div class=\"elementor-widget-container\">\n\t\t\t<h2 class=\"elementor-heading-title elementor-size-default\">OVAL CAM KORKULUK<\/h2>\t\t<\/div>\n\t\t\t\t<\/div>\n\t\t\t\t<div class=\"elementor-element elementor-element-7046633 elementor-widget elementor-widget-text-editor\" data-id=\"7046633\" data-element_type=\"widget\" data-widget_type=\"text-editor.default\">\n\t\t\t\t<div class=\"elementor-widget-container\">\n\t\t\t<style>\/*! elementor - v3.16.0 - 17-10-2023 *\/\n.elementor-widget-text-editor.elementor-drop-cap-view-stacked .elementor-drop-cap{background-color:#69727d;color:#fff}.elementor-widget-text-editor.elementor-drop-cap-view-framed .elementor-drop-cap{color:#69727d;border:3px solid;background-color:transparent}.elementor-widget-text-editor:not(.elementor-drop-cap-view-default) .elementor-drop-cap{margin-top:8px}.elementor-widget-text-editor:not(.elementor-drop-cap-view-default) .elementor-drop-cap-letter{width:1em;height:1em}.elementor-widget-text-editor .elementor-drop-cap{float:left;text-align:center;line-height:1;font-size:50px}.elementor-widget-text-editor .elementor-drop-cap-letter{display:inline-block}<\/style>\t\t\t\t<p>Oval cam korkuluklar, modern tasar\u0131m ve i\u015flevselli\u011fin m\u00fckemmel bir uyumunu sunar. Kavisli ve \u015f\u0131k yap\u0131s\u0131yla bu korkuluklar, balkon, merdiven ve teras gibi alanlara estetik bir dokunu\u015f katar. Astuna Metal\u2019in y\u00fcksek kalite standartlar\u0131yla \u00fcretilen oval cam korkuluklar, dayan\u0131kl\u0131l\u0131k ve g\u00fcvenli\u011fi \u00f6n planda tutarken mekanlara ferahl\u0131k ve zarafet kazand\u0131r\u0131r.<\/p>\t\t\t\t\t\t<\/div>\n\t\t\t\t<\/div>\n\t\t\t\t\t<\/div>\n\t\t<\/div>\n\t\t\t\t\t\t\t<\/div>\n\t\t<\/section>\n\t\t\t\t<section class=\"elementor-section elementor-top-section elementor-element elementor-element-638ae6e elementor-section-boxed elementor-section-height-default elementor-section-height-default\" data-id=\"638ae6e\" data-element_type=\"section\">\n\t\t\t\t\t\t<div class=\"elementor-container elementor-column-gap-default\">\n\t\t\t\t\t<div class=\"elementor-column elementor-col-100 elementor-top-column elementor-element elementor-element-37c216a\" data-id=\"37c216a\" data-element_type=\"column\">\n\t\t\t<div class=\"elementor-widget-wrap elementor-element-populated\">\n\t\t\t\t\t\t\t\t<div class=\"elementor-element elementor-element-50c2920 elementor-widget elementor-widget-heading\" data-id=\"50c2920\" data-element_type=\"widget\" data-settings=\"{&quot;_animation&quot;:&quot;none&quot;}\" data-widget_type=\"heading.default\">\n\t\t\t\t<div class=\"elementor-widget-container\">\n\t\t\t<h2 class=\"elementor-heading-title elementor-size-default\">OVAL CAM KORKULUK S\u0130STEMLER\u0130<\/h2>\t\t<\/div>\n\t\t\t\t<\/div>\n\t\t\t\t<div class=\"elementor-element elementor-element-328a6ea elementor-widget elementor-widget-image-gallery\" data-id=\"328a6ea\" data-element_type=\"widget\" data-widget_type=\"image-gallery.default\">\n\t\t\t\t<div class=\"elementor-widget-container\">\n\t\t\t<style>\/*! elementor - v3.16.0 - 17-10-2023 *\/\n.elementor-image-gallery .gallery-item{display:inline-block;text-align:center;vertical-align:top;width:100%;max-width:100%;margin:0 auto}.elementor-image-gallery .gallery-item img{margin:0 auto}.elementor-image-gallery .gallery-item .gallery-caption{margin:0}.elementor-image-gallery figure img{display:block}.elementor-image-gallery figure figcaption{width:100%}.gallery-spacing-custom .elementor-image-gallery .gallery-icon{padding:0}@media (min-width:768px){.elementor-image-gallery .gallery-columns-2 .gallery-item{max-width:50%}.elementor-image-gallery .gallery-columns-3 .gallery-item{max-width:33.33%}.elementor-image-gallery .gallery-columns-4 .gallery-item{max-width:25%}.elementor-image-gallery .gallery-columns-5 .gallery-item{max-width:20%}.elementor-image-gallery .gallery-columns-6 .gallery-item{max-width:16.666%}.elementor-image-gallery .gallery-columns-7 .gallery-item{max-width:14.28%}.elementor-image-gallery .gallery-columns-8 .gallery-item{max-width:12.5%}.elementor-image-gallery .gallery-columns-9 .gallery-item{max-width:11.11%}.elementor-image-gallery .gallery-columns-10 .gallery-item{max-width:10%}}@media (min-width:480px) and (max-width:767px){.elementor-image-gallery .gallery.gallery-columns-2 .gallery-item,.elementor-image-gallery .gallery.gallery-columns-3 .gallery-item,.elementor-image-gallery .gallery.gallery-columns-4 .gallery-item,.elementor-image-gallery .gallery.gallery-columns-5 .gallery-item,.elementor-image-gallery .gallery.gallery-columns-6 .gallery-item,.elementor-image-gallery .gallery.gallery-columns-7 .gallery-item,.elementor-image-gallery .gallery.gallery-columns-8 .gallery-item,.elementor-image-gallery .gallery.gallery-columns-9 .gallery-item,.elementor-image-gallery .gallery.gallery-columns-10 .gallery-item{max-width:50%}}@media (max-width:479px){.elementor-image-gallery .gallery.gallery-columns-2 .gallery-item,.elementor-image-gallery .gallery.gallery-columns-3 .gallery-item,.elementor-image-gallery .gallery.gallery-columns-4 .gallery-item,.elementor-image-gallery .gallery.gallery-columns-5 .gallery-item,.elementor-image-gallery .gallery.gallery-columns-6 .gallery-item,.elementor-image-gallery .gallery.gallery-columns-7 .gallery-item,.elementor-image-gallery .gallery.gallery-columns-8 .gallery-item,.elementor-image-gallery .gallery.gallery-columns-9 .gallery-item,.elementor-image-gallery .gallery.gallery-columns-10 .gallery-item{max-width:100%}}<\/style>\t\t<div class=\"elementor-image-gallery\">\n\t\t\t<div id='gallery-1' class='gallery galleryid-45526 gallery-columns-3 gallery-size-full'><figure class='gallery-item'>\n\t\t\t<div class='gallery-icon landscape'>\n\t\t\t\t<a data-elementor-open-lightbox=\"yes\" data-elementor-lightbox-slideshow=\"328a6ea\" data-elementor-lightbox-title=\"Oval Cam Korkuluk Modelleri\" data-elementor-lightbox-description=\"Oval Cam Korkuluk Modelleri\" data-e-action-hash=\"#elementor-action%3Aaction%3Dlightbox%26settings%3DeyJpZCI6NDU1ODcsInVybCI6Imh0dHBzOlwvXC9hc3R1bmFtZXRhbC5jb21cL3dwLWNvbnRlbnRcL3VwbG9hZHNcLzIwMjRcLzEyXC9PdmFsLUNhbS1Lb3JrdWx1ay1Nb2RlbGxlcmkud2VicCIsInNsaWRlc2hvdyI6IjMyOGE2ZWEifQ%3D%3D\" href='https:\/\/astunametal.com\/wp-content\/uploads\/2024\/12\/Oval-Cam-Korkuluk-Modelleri.webp'><img loading=\"lazy\" decoding=\"async\" width=\"750\" height=\"501\" src=\"https:\/\/astunametal.com\/wp-content\/uploads\/2024\/12\/Oval-Cam-Korkuluk-Modelleri.webp\" class=\"attachment-full size-full\" alt=\"Oval Cam Korkuluk Modelleri\" aria-describedby=\"gallery-1-45587\" srcset=\"https:\/\/astunametal.com\/wp-content\/uploads\/2024\/12\/Oval-Cam-Korkuluk-Modelleri.webp 750w, https:\/\/astunametal.com\/wp-content\/uploads\/2024\/12\/Oval-Cam-Korkuluk-Modelleri-300x200.webp 300w\" sizes=\"(max-width: 750px) 100vw, 750px\" \/><\/a>\n\t\t\t<\/div>\n\t\t\t\t<figcaption class='wp-caption-text gallery-caption' id='gallery-1-45587'>\n\t\t\t\tOval Cam Korkuluk Modelleri\n\t\t\t\t<\/figcaption><\/figure><figure class='gallery-item'>\n\t\t\t<div class='gallery-icon landscape'>\n\t\t\t\t<a data-elementor-open-lightbox=\"yes\" data-elementor-lightbox-slideshow=\"328a6ea\" data-elementor-lightbox-title=\"Oval Cam Korkuluk ve Fiyatlar\u0131\" data-elementor-lightbox-description=\"Oval Cam Korkuluk ve Fiyatlar\u0131\" data-e-action-hash=\"#elementor-action%3Aaction%3Dlightbox%26settings%3DeyJpZCI6NDU1OTMsInVybCI6Imh0dHBzOlwvXC9hc3R1bmFtZXRhbC5jb21cL3dwLWNvbnRlbnRcL3VwbG9hZHNcLzIwMjRcLzEyXC9PdmFsLUNhbS1Lb3JrdWx1ay12ZS1GaXlhdGxhcmkud2VicCIsInNsaWRlc2hvdyI6IjMyOGE2ZWEifQ%3D%3D\" href='https:\/\/astunametal.com\/wp-content\/uploads\/2024\/12\/Oval-Cam-Korkuluk-ve-Fiyatlari.webp'><img loading=\"lazy\" decoding=\"async\" width=\"750\" height=\"500\" src=\"https:\/\/astunametal.com\/wp-content\/uploads\/2024\/12\/Oval-Cam-Korkuluk-ve-Fiyatlari.webp\" class=\"attachment-full size-full\" alt=\"Oval Cam Korkuluk ve Fiyatlar\u0131\" aria-describedby=\"gallery-1-45593\" srcset=\"https:\/\/astunametal.com\/wp-content\/uploads\/2024\/12\/Oval-Cam-Korkuluk-ve-Fiyatlari.webp 750w, https:\/\/astunametal.com\/wp-content\/uploads\/2024\/12\/Oval-Cam-Korkuluk-ve-Fiyatlari-300x200.webp 300w\" sizes=\"(max-width: 750px) 100vw, 750px\" \/><\/a>\n\t\t\t<\/div>\n\t\t\t\t<figcaption class='wp-caption-text gallery-caption' id='gallery-1-45593'>\n\t\t\t\tOval Cam Korkuluk ve Fiyatlar\u0131\n\t\t\t\t<\/figcaption><\/figure><figure class='gallery-item'>\n\t\t\t<div class='gallery-icon landscape'>\n\t\t\t\t<a data-elementor-open-lightbox=\"yes\" data-elementor-lightbox-slideshow=\"328a6ea\" data-elementor-lightbox-title=\"Oval Cam Korkuluk\" data-elementor-lightbox-description=\"Oval Cam Korkuluk\" data-e-action-hash=\"#elementor-action%3Aaction%3Dlightbox%26settings%3DeyJpZCI6NDU1OTksInVybCI6Imh0dHBzOlwvXC9hc3R1bmFtZXRhbC5jb21cL3dwLWNvbnRlbnRcL3VwbG9hZHNcLzIwMjRcLzEyXC9PdmFsLUNhbS1Lb3JrdWx1ay53ZWJwIiwic2xpZGVzaG93IjoiMzI4YTZlYSJ9\" href='https:\/\/astunametal.com\/wp-content\/uploads\/2024\/12\/Oval-Cam-Korkuluk.webp'><img loading=\"lazy\" decoding=\"async\" width=\"750\" height=\"500\" src=\"https:\/\/astunametal.com\/wp-content\/uploads\/2024\/12\/Oval-Cam-Korkuluk.webp\" class=\"attachment-full size-full\" alt=\"Oval Cam Korkuluk\" aria-describedby=\"gallery-1-45599\" srcset=\"https:\/\/astunametal.com\/wp-content\/uploads\/2024\/12\/Oval-Cam-Korkuluk.webp 750w, https:\/\/astunametal.com\/wp-content\/uploads\/2024\/12\/Oval-Cam-Korkuluk-300x200.webp 300w\" sizes=\"(max-width: 750px) 100vw, 750px\" \/><\/a>\n\t\t\t<\/div>\n\t\t\t\t<figcaption class='wp-caption-text gallery-caption' id='gallery-1-45599'>\n\t\t\t\tOval Cam Korkuluk\n\t\t\t\t<\/figcaption><\/figure><figure class='gallery-item'>\n\t\t\t<div class='gallery-icon landscape'>\n\t\t\t\t<a data-elementor-open-lightbox=\"yes\" data-elementor-lightbox-slideshow=\"328a6ea\" data-elementor-lightbox-title=\"Oval Korkuluk\" data-elementor-lightbox-description=\"Oval Korkuluk\" data-e-action-hash=\"#elementor-action%3Aaction%3Dlightbox%26settings%3DeyJpZCI6NDU2MDUsInVybCI6Imh0dHBzOlwvXC9hc3R1bmFtZXRhbC5jb21cL3dwLWNvbnRlbnRcL3VwbG9hZHNcLzIwMjRcLzEyXC9PdmFsLUtvcmt1bHVrLndlYnAiLCJzbGlkZXNob3ciOiIzMjhhNmVhIn0%3D\" href='https:\/\/astunametal.com\/wp-content\/uploads\/2024\/12\/Oval-Korkuluk.webp'><img loading=\"lazy\" decoding=\"async\" width=\"750\" height=\"500\" src=\"https:\/\/astunametal.com\/wp-content\/uploads\/2024\/12\/Oval-Korkuluk.webp\" class=\"attachment-full size-full\" alt=\"Oval Korkuluk\" aria-describedby=\"gallery-1-45605\" srcset=\"https:\/\/astunametal.com\/wp-content\/uploads\/2024\/12\/Oval-Korkuluk.webp 750w, https:\/\/astunametal.com\/wp-content\/uploads\/2024\/12\/Oval-Korkuluk-300x200.webp 300w\" sizes=\"(max-width: 750px) 100vw, 750px\" \/><\/a>\n\t\t\t<\/div>\n\t\t\t\t<figcaption class='wp-caption-text gallery-caption' id='gallery-1-45605'>\n\t\t\t\tOval Korkuluk\n\t\t\t\t<\/figcaption><\/figure><figure class='gallery-item'>\n\t\t\t<div class='gallery-icon landscape'>\n\t\t\t\t<a data-elementor-open-lightbox=\"yes\" data-elementor-lightbox-slideshow=\"328a6ea\" data-elementor-lightbox-title=\"L\u00fcks Oval Cam Korkuluk\" data-elementor-lightbox-description=\"L\u00fcks Oval Cam Korkuluk\" data-e-action-hash=\"#elementor-action%3Aaction%3Dlightbox%26settings%3DeyJpZCI6NDU2MTEsInVybCI6Imh0dHBzOlwvXC9hc3R1bmFtZXRhbC5jb21cL3dwLWNvbnRlbnRcL3VwbG9hZHNcLzIwMjRcLzEyXC9MdWtzLU92YWwtQ2FtLUtvcmt1bHVrLndlYnAiLCJzbGlkZXNob3ciOiIzMjhhNmVhIn0%3D\" href='https:\/\/astunametal.com\/wp-content\/uploads\/2024\/12\/Luks-Oval-Cam-Korkuluk.webp'><img loading=\"lazy\" decoding=\"async\" width=\"750\" height=\"500\" src=\"https:\/\/astunametal.com\/wp-content\/uploads\/2024\/12\/Luks-Oval-Cam-Korkuluk.webp\" class=\"attachment-full size-full\" alt=\"L\u00fcks Oval Cam Korkuluk\" aria-describedby=\"gallery-1-45611\" srcset=\"https:\/\/astunametal.com\/wp-content\/uploads\/2024\/12\/Luks-Oval-Cam-Korkuluk.webp 750w, https:\/\/astunametal.com\/wp-content\/uploads\/2024\/12\/Luks-Oval-Cam-Korkuluk-300x200.webp 300w\" sizes=\"(max-width: 750px) 100vw, 750px\" \/><\/a>\n\t\t\t<\/div>\n\t\t\t\t<figcaption class='wp-caption-text gallery-caption' id='gallery-1-45611'>\n\t\t\t\tL\u00fcks Oval Cam Korkuluk\n\t\t\t\t<\/figcaption><\/figure><figure class='gallery-item'>\n\t\t\t<div class='gallery-icon landscape'>\n\t\t\t\t<a data-elementor-open-lightbox=\"yes\" data-elementor-lightbox-slideshow=\"328a6ea\" data-elementor-lightbox-title=\"Oval Cam Baza Korkuluk\" data-elementor-lightbox-description=\"Oval Cam Baza Korkuluk\" data-e-action-hash=\"#elementor-action%3Aaction%3Dlightbox%26settings%3DeyJpZCI6NDU2MTcsInVybCI6Imh0dHBzOlwvXC9hc3R1bmFtZXRhbC5jb21cL3dwLWNvbnRlbnRcL3VwbG9hZHNcLzIwMjRcLzEyXC9PdmFsLUNhbS1CYXphLUtvcmt1bHVrLndlYnAiLCJzbGlkZXNob3ciOiIzMjhhNmVhIn0%3D\" href='https:\/\/astunametal.com\/wp-content\/uploads\/2024\/12\/Oval-Cam-Baza-Korkuluk.webp'><img loading=\"lazy\" decoding=\"async\" width=\"750\" height=\"500\" src=\"https:\/\/astunametal.com\/wp-content\/uploads\/2024\/12\/Oval-Cam-Baza-Korkuluk.webp\" class=\"attachment-full size-full\" alt=\"Oval Cam Baza Korkuluk\" aria-describedby=\"gallery-1-45617\" srcset=\"https:\/\/astunametal.com\/wp-content\/uploads\/2024\/12\/Oval-Cam-Baza-Korkuluk.webp 750w, https:\/\/astunametal.com\/wp-content\/uploads\/2024\/12\/Oval-Cam-Baza-Korkuluk-300x200.webp 300w\" sizes=\"(max-width: 750px) 100vw, 750px\" \/><\/a>\n\t\t\t<\/div>\n\t\t\t\t<figcaption class='wp-caption-text gallery-caption' id='gallery-1-45617'>\n\t\t\t\tOval Cam Baza Korkuluk\n\t\t\t\t<\/figcaption><\/figure>\n\t\t<\/div>\n\t\t<\/div>\n\t\t\t\t<\/div>\n\t\t\t\t<\/div>\n\t\t\t\t\t<\/div>\n\t\t<\/div>\n\t\t\t\t\t\t\t<\/div>\n\t\t<\/section>\n\t\t<div class=\"elementor-element elementor-element-4dcf8996 e-flex e-con-boxed e-con e-parent\" data-id=\"4dcf8996\" data-element_type=\"container\" data-settings=\"{&quot;content_width&quot;:&quot;boxed&quot;}\" data-core-v316-plus=\"true\">\n\t\t\t\t\t<div class=\"e-con-inner\">\n\t\t<div class=\"elementor-element elementor-element-de7dd2a e-con-full e-flex e-con e-child\" data-id=\"de7dd2a\" data-element_type=\"container\" data-settings=\"{&quot;content_width&quot;:&quot;full&quot;}\">\n\t\t\t\t<div class=\"elementor-element elementor-element-6fd7dd8d elementor-widget elementor-widget-heading\" data-id=\"6fd7dd8d\" data-element_type=\"widget\" data-settings=\"{&quot;_animation&quot;:&quot;none&quot;}\" data-widget_type=\"heading.default\">\n\t\t\t\t<div class=\"elementor-widget-container\">\n\t\t\t<h2 class=\"elementor-heading-title elementor-size-default\">OVAL CAM KORKULUKLARIN TEMEL FONKS\u0130YONLARI<\/h2>\t\t<\/div>\n\t\t\t\t<\/div>\n\t\t\t\t<div class=\"elementor-element elementor-element-43f6182 elementor-widget elementor-widget-text-editor\" data-id=\"43f6182\" data-element_type=\"widget\" data-widget_type=\"text-editor.default\">\n\t\t\t\t<div class=\"elementor-widget-container\">\n\t\t\t\t\t\t\t<p>Astuna Metal\u2019in sundu\u011fu oval cam korkuluklar, hem i\u015flevsel hem de estetik a\u00e7\u0131dan bir\u00e7ok avantaja sahiptir:<\/p><ul><li><strong>G\u00fcvenli\u011fi Sa\u011flama<\/strong>: Kullan\u0131c\u0131lar\u0131n d\u00fc\u015fmesini \u00f6nleyerek g\u00fcvenli bir alan olu\u015fturur.<\/li><li><strong>Estetik Tasar\u0131m<\/strong>: Oval yap\u0131s\u0131yla modern mimarilere uyum sa\u011flar ve bulundu\u011fu alan\u0131n de\u011ferini art\u0131r\u0131r.<\/li><li><strong>Dayan\u0131kl\u0131l\u0131k<\/strong>: Astuna Metal\u2019in kulland\u0131\u011f\u0131 y\u00fcksek kaliteli temperli cam, zorlu hava ko\u015fullar\u0131na ve g\u00fcnl\u00fck kullan\u0131ma kar\u015f\u0131 dayan\u0131kl\u0131d\u0131r.<\/li><li><strong>A\u00e7\u0131k Alan Hissi<\/strong>: \u015eeffaf cam paneller, mekanlar\u0131n daha geni\u015f ve ferah g\u00f6r\u00fcnmesini sa\u011flar.<\/li><li><strong>Ki\u015fiselle\u015ftirme \u0130mkan\u0131<\/strong>: Mat, renkli veya \u015feffaf cam se\u00e7enekleriyle her tasar\u0131m ihtiyac\u0131na uygun \u00e7\u00f6z\u00fcmler sunar.<\/li><\/ul><p>Oval cam korkuluklar, Astuna Metal\u2019in uzmanl\u0131\u011f\u0131yla ya\u015fam alanlar\u0131n\u0131za hem \u015f\u0131kl\u0131k hem de g\u00fcvenlik katar.<\/p>\t\t\t\t\t\t<\/div>\n\t\t\t\t<\/div>\n\t\t\t\t<div class=\"elementor-element elementor-element-3c8ef849 elementor-widget elementor-widget-heading\" data-id=\"3c8ef849\" data-element_type=\"widget\" data-settings=\"{&quot;_animation&quot;:&quot;none&quot;}\" data-widget_type=\"heading.default\">\n\t\t\t\t<div class=\"elementor-widget-container\">\n\t\t\t<h2 class=\"elementor-heading-title elementor-size-default\">OVAL CAM KORKULUK NASIL YAPILIR<\/h2>\t\t<\/div>\n\t\t\t\t<\/div>\n\t\t\t\t<div class=\"elementor-element elementor-element-447ac031 elementor-widget elementor-widget-text-editor\" data-id=\"447ac031\" data-element_type=\"widget\" data-widget_type=\"text-editor.default\">\n\t\t\t\t<div class=\"elementor-widget-container\">\n\t\t\t\t\t\t\t<p>Astuna Metal\u2019in profesyonel ekibi taraf\u0131ndan oval cam korkuluk yap\u0131m\u0131, dikkatli bir planlama ve \u00f6zenli bir \u00fcretim s\u00fcreci gerektirir. \u0130\u015fte bu s\u00fcrecin ad\u0131mlar\u0131:<\/p><ol><li><strong>Tasar\u0131m ve Planlama<\/strong>: Mekan\u0131n \u00f6l\u00e7\u00fcleri al\u0131n\u0131r ve estetik gereksinimlere uygun bir tasar\u0131m belirlenir.<\/li><li><strong>Malzeme Se\u00e7imi<\/strong>: Astuna Metal\u2019in kaliteli temperli cam ve montaj ekipmanlar\u0131 se\u00e7ilir.<\/li><li><strong>Cam\u0131n \u015eekillendirilmesi<\/strong>: Cam, \u00f6zel ekipmanlarla kavisli forma getirilir ve estetik bir g\u00f6r\u00fcn\u00fcm kazan\u0131r.<\/li><li><strong>Montaj Haz\u0131rl\u0131klar\u0131<\/strong>: Korkuluklar\u0131n monte edilece\u011fi alanlarda gerekli delikler a\u00e7\u0131l\u0131r ve ba\u011flant\u0131 noktalar\u0131 haz\u0131rlan\u0131r.<\/li><li><strong>Montaj ve Yerle\u015ftirme<\/strong>: Oval cam paneller \u00f6zenle monte edilerek sa\u011flam bir \u015fekilde yerine oturtulur.<\/li><li><strong>Son Kontrol ve Temizlik<\/strong>: Montaj tamamland\u0131ktan sonra korkuluklar temizlenir ve g\u00fcvenlik standartlar\u0131na uygunlu\u011fu kontrol edilir.<\/li><\/ol><p>Astuna Metal\u2019in uzmanl\u0131\u011f\u0131yla \u00fcretilen oval cam korkuluklar, ya\u015fam alanlar\u0131n\u0131zda hem g\u00fcvenli\u011fi hem de esteti\u011fi m\u00fckemmel bir \u015fekilde bir araya getirir.<\/p>\t\t\t\t\t\t<\/div>\n\t\t\t\t<\/div>\n\t\t\t\t<\/div>\n\t\t\t\t\t<\/div>\n\t\t\t\t<\/div>\n\t\t\t\t\t\t\t<\/div>\n\t\t","protected":false},"excerpt":{"rendered":"<p>OVAL CAM KORKULUK MODELLER\u0130 VE F\u0130YATLARI ANASAYFA OVAL CAM KORKULUK MODELLER\u0130 Oval Cam Korkuluk Sistemleri ve Fiyatlar\u0131 OVAL CAM KORKULUK Oval cam korkuluklar, modern tasar\u0131m ve i\u015flevselli\u011fin m\u00fckemmel bir uyumunu sunar. Kavisli ve \u015f\u0131k yap\u0131s\u0131yla bu korkuluklar, balkon, merdiven ve teras gibi alanlara estetik bir dokunu\u015f katar. Astuna Metal\u2019in y\u00fcksek kalite standartlar\u0131yla \u00fcretilen oval cam &#8230; <a title=\"Oval Cam Korkuluk Modelleri ve Fiyatlar\u0131\" class=\"read-more\" href=\"https:\/\/astunametal.com\/tr\/oval-cam-korkuluk-modelleri-ve-fiyatlari\/\" aria-label=\"More on Oval Cam Korkuluk Modelleri ve Fiyatlar\u0131\">Devam\u0131n\u0131 oku<\/a><\/p>\n","protected":false},"author":1,"featured_media":0,"parent":0,"menu_order":0,"comment_status":"closed","ping_status":"closed","template":"elementor_header_footer","meta":{"footnotes":""},"_links":{"self":[{"href":"https:\/\/astunametal.com\/tr\/wp-json\/wp\/v2\/pages\/45526"}],"collection":[{"href":"https:\/\/astunametal.com\/tr\/wp-json\/wp\/v2\/pages"}],"about":[{"href":"https:\/\/astunametal.com\/tr\/wp-json\/wp\/v2\/types\/page"}],"author":[{"embeddable":true,"href":"https:\/\/astunametal.com\/tr\/wp-json\/wp\/v2\/users\/1"}],"replies":[{"embeddable":true,"href":"https:\/\/astunametal.com\/tr\/wp-json\/wp\/v2\/comments?post=45526"}],"version-history":[{"count":4,"href":"https:\/\/astunametal.com\/tr\/wp-json\/wp\/v2\/pages\/45526\/revisions"}],"predecessor-version":[{"id":45625,"href":"https:\/\/astunametal.com\/tr\/wp-json\/wp\/v2\/pages\/45526\/revisions\/45625"}],"wp:attachment":[{"href":"https:\/\/astunametal.com\/tr\/wp-json\/wp\/v2\/media?parent=45526"}],"curies":[{"name":"wp","href":"https:\/\/api.w.org\/{rel}","templated":true}]}}