{"id":45525,"date":"2024-12-24T10:05:47","date_gmt":"2024-12-24T10:05:47","guid":{"rendered":"https:\/\/astunametal.com\/bombeli-cam-korkuluk-modelleri-ve-fiyatlari\/"},"modified":"2024-12-24T10:32:06","modified_gmt":"2024-12-24T10:32:06","slug":"bombeli-cam-korkuluk-modelleri-ve-fiyatlari","status":"publish","type":"page","link":"https:\/\/astunametal.com\/tr\/bombeli-cam-korkuluk-modelleri-ve-fiyatlari\/","title":{"rendered":"Bombeli Cam Korkuluk Modelleri ve Fiyatlar\u0131"},"content":{"rendered":"\t\t<div data-elementor-type=\"wp-page\" data-elementor-id=\"45525\" class=\"elementor elementor-45525\">\n\t\t\t\t\t\t\t\t\t<section class=\"elementor-section elementor-top-section elementor-element elementor-element-454daa54 elementor-section-boxed elementor-section-height-default elementor-section-height-default\" data-id=\"454daa54\" data-element_type=\"section\" data-settings=\"{&quot;background_background&quot;:&quot;gradient&quot;}\">\n\t\t\t\t\t\t\t<div class=\"elementor-background-overlay\"><\/div>\n\t\t\t\t\t\t\t<div class=\"elementor-container elementor-column-gap-default\">\n\t\t\t\t\t<div class=\"elementor-column elementor-col-100 elementor-top-column elementor-element elementor-element-4e7d928d\" data-id=\"4e7d928d\" data-element_type=\"column\">\n\t\t\t<div class=\"elementor-widget-wrap elementor-element-populated\">\n\t\t\t\t\t\t\t\t<div class=\"elementor-element elementor-element-361eac8f elementor-widget elementor-widget-heading\" data-id=\"361eac8f\" data-element_type=\"widget\" data-widget_type=\"heading.default\">\n\t\t\t\t<div class=\"elementor-widget-container\">\n\t\t\t<style>\/*! elementor - v3.16.0 - 17-10-2023 *\/\n.elementor-heading-title{padding:0;margin:0;line-height:1}.elementor-widget-heading .elementor-heading-title[class*=elementor-size-]>a{color:inherit;font-size:inherit;line-height:inherit}.elementor-widget-heading .elementor-heading-title.elementor-size-small{font-size:15px}.elementor-widget-heading .elementor-heading-title.elementor-size-medium{font-size:19px}.elementor-widget-heading .elementor-heading-title.elementor-size-large{font-size:29px}.elementor-widget-heading .elementor-heading-title.elementor-size-xl{font-size:39px}.elementor-widget-heading .elementor-heading-title.elementor-size-xxl{font-size:59px}<\/style><h1 class=\"elementor-heading-title elementor-size-default\">BOMBEL\u0130 CAM KORKULUK MODELLER\u0130 VE F\u0130YATLARI<\/h1>\t\t<\/div>\n\t\t\t\t<\/div>\n\t\t\t\t<div class=\"elementor-element elementor-element-542e081 elementor-icon-list--layout-inline elementor-align-left elementor-mobile-align-center elementor-widget-mobile__width-initial elementor-tablet-align-left elementor-widget-tablet__width-initial elementor-list-item-link-full_width elementor-widget elementor-widget-icon-list\" data-id=\"542e081\" data-element_type=\"widget\" data-widget_type=\"icon-list.default\">\n\t\t\t\t<div class=\"elementor-widget-container\">\n\t\t\t<link rel=\"stylesheet\" href=\"https:\/\/astunametal.com\/wp-content\/plugins\/elementor\/assets\/css\/widget-icon-list.min.css\">\t\t<ul class=\"elementor-icon-list-items elementor-inline-items\">\n\t\t\t\t\t\t\t<li class=\"elementor-icon-list-item elementor-inline-item\">\n\t\t\t\t\t\t\t\t\t\t\t<a href=\"\/tr\/\">\n\n\t\t\t\t\t\t\t\t\t\t\t<span class=\"elementor-icon-list-text\">ANASAYFA<\/span>\n\t\t\t\t\t\t\t\t\t\t\t<\/a>\n\t\t\t\t\t\t\t\t\t<\/li>\n\t\t\t\t\t\t\t\t<li class=\"elementor-icon-list-item elementor-inline-item\">\n\t\t\t\t\t\t\t\t\t\t\t<span class=\"elementor-icon-list-icon\">\n\t\t\t\t\t\t\t<i aria-hidden=\"true\" class=\"jki jki-right-arrow-8\"><\/i>\t\t\t\t\t\t<\/span>\n\t\t\t\t\t\t\t\t\t\t<span class=\"elementor-icon-list-text\">BOMBEL\u0130 CAM KORKULUK MODELLER\u0130<\/span>\n\t\t\t\t\t\t\t\t\t<\/li>\n\t\t\t\t\t\t<\/ul>\n\t\t\t\t<\/div>\n\t\t\t\t<\/div>\n\t\t\t\t\t<\/div>\n\t\t<\/div>\n\t\t\t\t\t\t\t<\/div>\n\t\t<\/section>\n\t\t\t\t<section class=\"elementor-section elementor-top-section elementor-element elementor-element-ae5686f elementor-section-boxed elementor-section-height-default elementor-section-height-default\" data-id=\"ae5686f\" data-element_type=\"section\">\n\t\t\t\t\t\t<div class=\"elementor-container elementor-column-gap-default\">\n\t\t\t\t\t<div class=\"elementor-column elementor-col-50 elementor-top-column elementor-element elementor-element-743c07a\" data-id=\"743c07a\" data-element_type=\"column\">\n\t\t\t<div class=\"elementor-widget-wrap elementor-element-populated\">\n\t\t\t\t\t\t\t\t<div class=\"elementor-element elementor-element-8b9d58a elementor-widget elementor-widget-image\" data-id=\"8b9d58a\" data-element_type=\"widget\" data-widget_type=\"image.default\">\n\t\t\t\t<div class=\"elementor-widget-container\">\n\t\t\t<style>\/*! elementor - v3.16.0 - 17-10-2023 *\/\n.elementor-widget-image{text-align:center}.elementor-widget-image a{display:inline-block}.elementor-widget-image a img[src$=\".svg\"]{width:48px}.elementor-widget-image img{vertical-align:middle;display:inline-block}<\/style>\t\t\t\t\t\t\t\t\t<figure class=\"wp-caption\">\n\t\t\t\t\t\t\t\t\t\t<img loading=\"lazy\" decoding=\"async\" width=\"750\" height=\"500\" src=\"https:\/\/astunametal.com\/wp-content\/uploads\/2024\/12\/Bombeli-Cam-Korkuluk-Sistemleri-ve-Fiyatlari.webp\" class=\"attachment-full size-full wp-image-45534\" alt=\"Bombeli Cam Korkuluk Sistemleri ve Fiyatlar\u0131\" srcset=\"https:\/\/astunametal.com\/wp-content\/uploads\/2024\/12\/Bombeli-Cam-Korkuluk-Sistemleri-ve-Fiyatlari.webp 750w, https:\/\/astunametal.com\/wp-content\/uploads\/2024\/12\/Bombeli-Cam-Korkuluk-Sistemleri-ve-Fiyatlari-300x200.webp 300w\" sizes=\"(max-width: 750px) 100vw, 750px\" \/>\t\t\t\t\t\t\t\t\t\t\t<figcaption class=\"widget-image-caption wp-caption-text\">Bombeli Cam Korkuluk Sistemleri ve Fiyatlar\u0131<\/figcaption>\n\t\t\t\t\t\t\t\t\t\t<\/figure>\n\t\t\t\t\t\t\t\t\t<\/div>\n\t\t\t\t<\/div>\n\t\t\t\t\t<\/div>\n\t\t<\/div>\n\t\t\t\t<div class=\"elementor-column elementor-col-50 elementor-top-column elementor-element elementor-element-13b051d\" data-id=\"13b051d\" data-element_type=\"column\">\n\t\t\t<div class=\"elementor-widget-wrap elementor-element-populated\">\n\t\t\t\t\t\t\t\t<div class=\"elementor-element elementor-element-fbb7d0c elementor-widget elementor-widget-heading\" data-id=\"fbb7d0c\" data-element_type=\"widget\" data-settings=\"{&quot;_animation&quot;:&quot;none&quot;}\" data-widget_type=\"heading.default\">\n\t\t\t\t<div class=\"elementor-widget-container\">\n\t\t\t<h2 class=\"elementor-heading-title elementor-size-default\">BOMBEL\u0130 CAM KORKULUK<\/h2>\t\t<\/div>\n\t\t\t\t<\/div>\n\t\t\t\t<div class=\"elementor-element elementor-element-7046633 elementor-widget elementor-widget-text-editor\" data-id=\"7046633\" data-element_type=\"widget\" data-widget_type=\"text-editor.default\">\n\t\t\t\t<div class=\"elementor-widget-container\">\n\t\t\t<style>\/*! elementor - v3.16.0 - 17-10-2023 *\/\n.elementor-widget-text-editor.elementor-drop-cap-view-stacked .elementor-drop-cap{background-color:#69727d;color:#fff}.elementor-widget-text-editor.elementor-drop-cap-view-framed .elementor-drop-cap{color:#69727d;border:3px solid;background-color:transparent}.elementor-widget-text-editor:not(.elementor-drop-cap-view-default) .elementor-drop-cap{margin-top:8px}.elementor-widget-text-editor:not(.elementor-drop-cap-view-default) .elementor-drop-cap-letter{width:1em;height:1em}.elementor-widget-text-editor .elementor-drop-cap{float:left;text-align:center;line-height:1;font-size:50px}.elementor-widget-text-editor .elementor-drop-cap-letter{display:inline-block}<\/style>\t\t\t\t<p>Bombeli cam korkuluklar, modern tasar\u0131mlar\u0131 ve i\u015flevselli\u011fi bir araya getiren estetik yap\u0131 elemanlar\u0131d\u0131r. Kavisli temperli cam panellerden olu\u015fan bu korkuluklar, balkon, merdiven veya teras gibi alanlara \u015f\u0131kl\u0131k katar. \u015eeffaf yap\u0131lar\u0131 sayesinde mekanlar\u0131 daha geni\u015f ve ferah g\u00f6sterirken, dayan\u0131kl\u0131l\u0131\u011f\u0131 ve g\u00fcvenli\u011fi de \u00f6n planda tutar.<\/p>\t\t\t\t\t\t<\/div>\n\t\t\t\t<\/div>\n\t\t\t\t\t<\/div>\n\t\t<\/div>\n\t\t\t\t\t\t\t<\/div>\n\t\t<\/section>\n\t\t\t\t<section class=\"elementor-section elementor-top-section elementor-element elementor-element-638ae6e elementor-section-boxed elementor-section-height-default elementor-section-height-default\" data-id=\"638ae6e\" data-element_type=\"section\">\n\t\t\t\t\t\t<div class=\"elementor-container elementor-column-gap-default\">\n\t\t\t\t\t<div class=\"elementor-column elementor-col-100 elementor-top-column elementor-element elementor-element-37c216a\" data-id=\"37c216a\" data-element_type=\"column\">\n\t\t\t<div class=\"elementor-widget-wrap elementor-element-populated\">\n\t\t\t\t\t\t\t\t<div class=\"elementor-element elementor-element-50c2920 elementor-widget elementor-widget-heading\" data-id=\"50c2920\" data-element_type=\"widget\" data-settings=\"{&quot;_animation&quot;:&quot;none&quot;}\" data-widget_type=\"heading.default\">\n\t\t\t\t<div class=\"elementor-widget-container\">\n\t\t\t<h2 class=\"elementor-heading-title elementor-size-default\">BOMBEL\u0130 CAM KORKULUK S\u0130STEMLER\u0130<\/h2>\t\t<\/div>\n\t\t\t\t<\/div>\n\t\t\t\t<div class=\"elementor-element elementor-element-328a6ea elementor-widget elementor-widget-image-gallery\" data-id=\"328a6ea\" data-element_type=\"widget\" data-widget_type=\"image-gallery.default\">\n\t\t\t\t<div class=\"elementor-widget-container\">\n\t\t\t<style>\/*! elementor - v3.16.0 - 17-10-2023 *\/\n.elementor-image-gallery .gallery-item{display:inline-block;text-align:center;vertical-align:top;width:100%;max-width:100%;margin:0 auto}.elementor-image-gallery .gallery-item img{margin:0 auto}.elementor-image-gallery .gallery-item .gallery-caption{margin:0}.elementor-image-gallery figure img{display:block}.elementor-image-gallery figure figcaption{width:100%}.gallery-spacing-custom .elementor-image-gallery .gallery-icon{padding:0}@media (min-width:768px){.elementor-image-gallery .gallery-columns-2 .gallery-item{max-width:50%}.elementor-image-gallery .gallery-columns-3 .gallery-item{max-width:33.33%}.elementor-image-gallery .gallery-columns-4 .gallery-item{max-width:25%}.elementor-image-gallery .gallery-columns-5 .gallery-item{max-width:20%}.elementor-image-gallery .gallery-columns-6 .gallery-item{max-width:16.666%}.elementor-image-gallery .gallery-columns-7 .gallery-item{max-width:14.28%}.elementor-image-gallery .gallery-columns-8 .gallery-item{max-width:12.5%}.elementor-image-gallery .gallery-columns-9 .gallery-item{max-width:11.11%}.elementor-image-gallery .gallery-columns-10 .gallery-item{max-width:10%}}@media (min-width:480px) and (max-width:767px){.elementor-image-gallery .gallery.gallery-columns-2 .gallery-item,.elementor-image-gallery .gallery.gallery-columns-3 .gallery-item,.elementor-image-gallery .gallery.gallery-columns-4 .gallery-item,.elementor-image-gallery .gallery.gallery-columns-5 .gallery-item,.elementor-image-gallery .gallery.gallery-columns-6 .gallery-item,.elementor-image-gallery .gallery.gallery-columns-7 .gallery-item,.elementor-image-gallery .gallery.gallery-columns-8 .gallery-item,.elementor-image-gallery .gallery.gallery-columns-9 .gallery-item,.elementor-image-gallery .gallery.gallery-columns-10 .gallery-item{max-width:50%}}@media (max-width:479px){.elementor-image-gallery .gallery.gallery-columns-2 .gallery-item,.elementor-image-gallery .gallery.gallery-columns-3 .gallery-item,.elementor-image-gallery .gallery.gallery-columns-4 .gallery-item,.elementor-image-gallery .gallery.gallery-columns-5 .gallery-item,.elementor-image-gallery .gallery.gallery-columns-6 .gallery-item,.elementor-image-gallery .gallery.gallery-columns-7 .gallery-item,.elementor-image-gallery .gallery.gallery-columns-8 .gallery-item,.elementor-image-gallery .gallery.gallery-columns-9 .gallery-item,.elementor-image-gallery .gallery.gallery-columns-10 .gallery-item{max-width:100%}}<\/style>\t\t<div class=\"elementor-image-gallery\">\n\t\t\t<div id='gallery-1' class='gallery galleryid-45525 gallery-columns-3 gallery-size-full'><figure class='gallery-item'>\n\t\t\t<div class='gallery-icon landscape'>\n\t\t\t\t<a data-elementor-open-lightbox=\"yes\" data-elementor-lightbox-slideshow=\"328a6ea\" data-elementor-lightbox-title=\"Bombeli Cam Korkuluk ve Fiyatlar\u0131\" data-elementor-lightbox-description=\"Bombeli Cam Korkuluk ve Fiyatlar\u0131\" data-e-action-hash=\"#elementor-action%3Aaction%3Dlightbox%26settings%3DeyJpZCI6NDU1NDAsInVybCI6Imh0dHBzOlwvXC9hc3R1bmFtZXRhbC5jb21cL3dwLWNvbnRlbnRcL3VwbG9hZHNcLzIwMjRcLzEyXC9Cb21iZWxpLUNhbS1Lb3JrdWx1ay12ZS1GaXlhdGxhcmkud2VicCIsInNsaWRlc2hvdyI6IjMyOGE2ZWEifQ%3D%3D\" href='https:\/\/astunametal.com\/wp-content\/uploads\/2024\/12\/Bombeli-Cam-Korkuluk-ve-Fiyatlari.webp'><img loading=\"lazy\" decoding=\"async\" width=\"750\" height=\"500\" src=\"https:\/\/astunametal.com\/wp-content\/uploads\/2024\/12\/Bombeli-Cam-Korkuluk-ve-Fiyatlari.webp\" class=\"attachment-full size-full\" alt=\"Bombeli Cam Korkuluk ve Fiyatlar\u0131\" aria-describedby=\"gallery-1-45540\" srcset=\"https:\/\/astunametal.com\/wp-content\/uploads\/2024\/12\/Bombeli-Cam-Korkuluk-ve-Fiyatlari.webp 750w, https:\/\/astunametal.com\/wp-content\/uploads\/2024\/12\/Bombeli-Cam-Korkuluk-ve-Fiyatlari-300x200.webp 300w\" sizes=\"(max-width: 750px) 100vw, 750px\" \/><\/a>\n\t\t\t<\/div>\n\t\t\t\t<figcaption class='wp-caption-text gallery-caption' id='gallery-1-45540'>\n\t\t\t\tBombeli Cam Korkuluk ve Fiyatlar\u0131\n\t\t\t\t<\/figcaption><\/figure><figure class='gallery-item'>\n\t\t\t<div class='gallery-icon landscape'>\n\t\t\t\t<a data-elementor-open-lightbox=\"yes\" data-elementor-lightbox-slideshow=\"328a6ea\" data-elementor-lightbox-title=\"Bombeli Cam Korkuluk\" data-elementor-lightbox-description=\"Bombeli Cam Korkuluk\" data-e-action-hash=\"#elementor-action%3Aaction%3Dlightbox%26settings%3DeyJpZCI6NDU1NDYsInVybCI6Imh0dHBzOlwvXC9hc3R1bmFtZXRhbC5jb21cL3dwLWNvbnRlbnRcL3VwbG9hZHNcLzIwMjRcLzEyXC9Cb21iZWxpLUNhbS1Lb3JrdWx1ay53ZWJwIiwic2xpZGVzaG93IjoiMzI4YTZlYSJ9\" href='https:\/\/astunametal.com\/wp-content\/uploads\/2024\/12\/Bombeli-Cam-Korkuluk.webp'><img loading=\"lazy\" decoding=\"async\" width=\"750\" height=\"500\" src=\"https:\/\/astunametal.com\/wp-content\/uploads\/2024\/12\/Bombeli-Cam-Korkuluk.webp\" class=\"attachment-full size-full\" alt=\"Bombeli Cam Korkuluk\" aria-describedby=\"gallery-1-45546\" srcset=\"https:\/\/astunametal.com\/wp-content\/uploads\/2024\/12\/Bombeli-Cam-Korkuluk.webp 750w, https:\/\/astunametal.com\/wp-content\/uploads\/2024\/12\/Bombeli-Cam-Korkuluk-300x200.webp 300w\" sizes=\"(max-width: 750px) 100vw, 750px\" \/><\/a>\n\t\t\t<\/div>\n\t\t\t\t<figcaption class='wp-caption-text gallery-caption' id='gallery-1-45546'>\n\t\t\t\tBombeli Cam Korkuluk\n\t\t\t\t<\/figcaption><\/figure><figure class='gallery-item'>\n\t\t\t<div class='gallery-icon landscape'>\n\t\t\t\t<a data-elementor-open-lightbox=\"yes\" data-elementor-lightbox-slideshow=\"328a6ea\" data-elementor-lightbox-title=\"Bombeli Korkuluk\" data-elementor-lightbox-description=\"Bombeli Korkuluk\" data-e-action-hash=\"#elementor-action%3Aaction%3Dlightbox%26settings%3DeyJpZCI6NDU1NTIsInVybCI6Imh0dHBzOlwvXC9hc3R1bmFtZXRhbC5jb21cL3dwLWNvbnRlbnRcL3VwbG9hZHNcLzIwMjRcLzEyXC9Cb21iZWxpLUtvcmt1bHVrLndlYnAiLCJzbGlkZXNob3ciOiIzMjhhNmVhIn0%3D\" href='https:\/\/astunametal.com\/wp-content\/uploads\/2024\/12\/Bombeli-Korkuluk.webp'><img loading=\"lazy\" decoding=\"async\" width=\"750\" height=\"500\" src=\"https:\/\/astunametal.com\/wp-content\/uploads\/2024\/12\/Bombeli-Korkuluk.webp\" class=\"attachment-full size-full\" alt=\"Bombeli Korkuluk\" aria-describedby=\"gallery-1-45552\" srcset=\"https:\/\/astunametal.com\/wp-content\/uploads\/2024\/12\/Bombeli-Korkuluk.webp 750w, https:\/\/astunametal.com\/wp-content\/uploads\/2024\/12\/Bombeli-Korkuluk-300x200.webp 300w\" sizes=\"(max-width: 750px) 100vw, 750px\" \/><\/a>\n\t\t\t<\/div>\n\t\t\t\t<figcaption class='wp-caption-text gallery-caption' id='gallery-1-45552'>\n\t\t\t\tBombeli Korkuluk\n\t\t\t\t<\/figcaption><\/figure><figure class='gallery-item'>\n\t\t\t<div class='gallery-icon landscape'>\n\t\t\t\t<a data-elementor-open-lightbox=\"yes\" data-elementor-lightbox-slideshow=\"328a6ea\" data-elementor-lightbox-title=\"L\u00fcks Bombeli Cam Korkuluk\" data-elementor-lightbox-description=\"L\u00fcks Bombeli Cam Korkuluk\" data-e-action-hash=\"#elementor-action%3Aaction%3Dlightbox%26settings%3DeyJpZCI6NDU1NTgsInVybCI6Imh0dHBzOlwvXC9hc3R1bmFtZXRhbC5jb21cL3dwLWNvbnRlbnRcL3VwbG9hZHNcLzIwMjRcLzEyXC9MdWtzLUJvbWJlbGktQ2FtLUtvcmt1bHVrLndlYnAiLCJzbGlkZXNob3ciOiIzMjhhNmVhIn0%3D\" href='https:\/\/astunametal.com\/wp-content\/uploads\/2024\/12\/Luks-Bombeli-Cam-Korkuluk.webp'><img loading=\"lazy\" decoding=\"async\" width=\"750\" height=\"500\" src=\"https:\/\/astunametal.com\/wp-content\/uploads\/2024\/12\/Luks-Bombeli-Cam-Korkuluk.webp\" class=\"attachment-full size-full\" alt=\"L\u00fcks Bombeli Cam Korkuluk\" aria-describedby=\"gallery-1-45558\" srcset=\"https:\/\/astunametal.com\/wp-content\/uploads\/2024\/12\/Luks-Bombeli-Cam-Korkuluk.webp 750w, https:\/\/astunametal.com\/wp-content\/uploads\/2024\/12\/Luks-Bombeli-Cam-Korkuluk-300x200.webp 300w\" sizes=\"(max-width: 750px) 100vw, 750px\" \/><\/a>\n\t\t\t<\/div>\n\t\t\t\t<figcaption class='wp-caption-text gallery-caption' id='gallery-1-45558'>\n\t\t\t\tL\u00fcks Bombeli Cam Korkuluk\n\t\t\t\t<\/figcaption><\/figure><figure class='gallery-item'>\n\t\t\t<div class='gallery-icon landscape'>\n\t\t\t\t<a data-elementor-open-lightbox=\"yes\" data-elementor-lightbox-slideshow=\"328a6ea\" data-elementor-lightbox-title=\"Bombeli Cam Baza Korkuluk\" data-elementor-lightbox-description=\"Bombeli Cam Baza Korkuluk\" data-e-action-hash=\"#elementor-action%3Aaction%3Dlightbox%26settings%3DeyJpZCI6NDU1NjQsInVybCI6Imh0dHBzOlwvXC9hc3R1bmFtZXRhbC5jb21cL3dwLWNvbnRlbnRcL3VwbG9hZHNcLzIwMjRcLzEyXC9Cb21iZWxpLUNhbS1CYXphLUtvcmt1bHVrLndlYnAiLCJzbGlkZXNob3ciOiIzMjhhNmVhIn0%3D\" href='https:\/\/astunametal.com\/wp-content\/uploads\/2024\/12\/Bombeli-Cam-Baza-Korkuluk.webp'><img loading=\"lazy\" decoding=\"async\" width=\"750\" height=\"500\" src=\"https:\/\/astunametal.com\/wp-content\/uploads\/2024\/12\/Bombeli-Cam-Baza-Korkuluk.webp\" class=\"attachment-full size-full\" alt=\"Bombeli Cam Baza Korkuluk\" aria-describedby=\"gallery-1-45564\" srcset=\"https:\/\/astunametal.com\/wp-content\/uploads\/2024\/12\/Bombeli-Cam-Baza-Korkuluk.webp 750w, https:\/\/astunametal.com\/wp-content\/uploads\/2024\/12\/Bombeli-Cam-Baza-Korkuluk-300x200.webp 300w\" sizes=\"(max-width: 750px) 100vw, 750px\" \/><\/a>\n\t\t\t<\/div>\n\t\t\t\t<figcaption class='wp-caption-text gallery-caption' id='gallery-1-45564'>\n\t\t\t\tBombeli Cam Baza Korkuluk\n\t\t\t\t<\/figcaption><\/figure><figure class='gallery-item'>\n\t\t\t<div class='gallery-icon landscape'>\n\t\t\t\t<a data-elementor-open-lightbox=\"yes\" data-elementor-lightbox-slideshow=\"328a6ea\" data-elementor-lightbox-title=\"Bombeli Cam Korkuluk Modelleri\" data-elementor-lightbox-description=\"Bombeli Cam Baza Korkuluk\" data-e-action-hash=\"#elementor-action%3Aaction%3Dlightbox%26settings%3DeyJpZCI6NDU1NzAsInVybCI6Imh0dHBzOlwvXC9hc3R1bmFtZXRhbC5jb21cL3dwLWNvbnRlbnRcL3VwbG9hZHNcLzIwMjRcLzEyXC9Cb21iZWxpLUNhbS1Lb3JrdWx1ay1Nb2RlbGxlcmkud2VicCIsInNsaWRlc2hvdyI6IjMyOGE2ZWEifQ%3D%3D\" href='https:\/\/astunametal.com\/wp-content\/uploads\/2024\/12\/Bombeli-Cam-Korkuluk-Modelleri.webp'><img loading=\"lazy\" decoding=\"async\" width=\"750\" height=\"501\" src=\"https:\/\/astunametal.com\/wp-content\/uploads\/2024\/12\/Bombeli-Cam-Korkuluk-Modelleri.webp\" class=\"attachment-full size-full\" alt=\"Bombeli Cam Korkuluk Modelleri\" aria-describedby=\"gallery-1-45570\" srcset=\"https:\/\/astunametal.com\/wp-content\/uploads\/2024\/12\/Bombeli-Cam-Korkuluk-Modelleri.webp 750w, https:\/\/astunametal.com\/wp-content\/uploads\/2024\/12\/Bombeli-Cam-Korkuluk-Modelleri-300x200.webp 300w\" sizes=\"(max-width: 750px) 100vw, 750px\" \/><\/a>\n\t\t\t<\/div>\n\t\t\t\t<figcaption class='wp-caption-text gallery-caption' id='gallery-1-45570'>\n\t\t\t\tBombeli Cam Korkuluk Modelleri\n\t\t\t\t<\/figcaption><\/figure>\n\t\t<\/div>\n\t\t<\/div>\n\t\t\t\t<\/div>\n\t\t\t\t<\/div>\n\t\t\t\t\t<\/div>\n\t\t<\/div>\n\t\t\t\t\t\t\t<\/div>\n\t\t<\/section>\n\t\t<div class=\"elementor-element elementor-element-4dcf8996 e-flex e-con-boxed e-con e-parent\" data-id=\"4dcf8996\" data-element_type=\"container\" data-settings=\"{&quot;content_width&quot;:&quot;boxed&quot;}\" data-core-v316-plus=\"true\">\n\t\t\t\t\t<div class=\"e-con-inner\">\n\t\t<div class=\"elementor-element elementor-element-de7dd2a e-con-full e-flex e-con e-child\" data-id=\"de7dd2a\" data-element_type=\"container\" data-settings=\"{&quot;content_width&quot;:&quot;full&quot;}\">\n\t\t\t\t<div class=\"elementor-element elementor-element-6fd7dd8d elementor-widget elementor-widget-heading\" data-id=\"6fd7dd8d\" data-element_type=\"widget\" data-settings=\"{&quot;_animation&quot;:&quot;none&quot;}\" data-widget_type=\"heading.default\">\n\t\t\t\t<div class=\"elementor-widget-container\">\n\t\t\t<h2 class=\"elementor-heading-title elementor-size-default\">BOMBEL\u0130 CAM KORKULUKLARIN TEMEL FONKS\u0130YONLARI<\/h2>\t\t<\/div>\n\t\t\t\t<\/div>\n\t\t\t\t<div class=\"elementor-element elementor-element-43f6182 elementor-widget elementor-widget-text-editor\" data-id=\"43f6182\" data-element_type=\"widget\" data-widget_type=\"text-editor.default\">\n\t\t\t\t<div class=\"elementor-widget-container\">\n\t\t\t\t\t\t\t<p>Astuna Metal&#8217;in bombeli cam korkuluklar\u0131, hem g\u00fcvenlik hem de g\u00f6rsel tasar\u0131m a\u00e7\u0131s\u0131ndan bir\u00e7ok \u00f6nemli i\u015fleve sahiptir:<\/p><ul><li><strong>G\u00fcvenli\u011fi Sa\u011flama<\/strong>: Kullan\u0131c\u0131lar\u0131n d\u00fc\u015fmesini engelleyerek g\u00fcvenli bir kullan\u0131m alan\u0131 olu\u015fturur.<\/li><li><strong>Estetik Katk\u0131<\/strong>: Kavisli tasar\u0131m\u0131, modern ve zarif bir g\u00f6r\u00fcn\u00fcm sunar.<\/li><li><strong>Dayan\u0131kl\u0131l\u0131k<\/strong>: Temperli cam malzemesi sayesinde uzun \u00f6m\u00fcrl\u00fc ve dayan\u0131kl\u0131d\u0131r.<\/li><li><strong>Alan\u0131 Geni\u015fletme<\/strong>: \u015eeffaf cam, mekan\u0131n daha geni\u015f ve a\u00e7\u0131k g\u00f6r\u00fcnmesini sa\u011flar.<\/li><li><strong>Ki\u015fiselle\u015ftirme Se\u00e7enekleri<\/strong>: Mat, renkli veya \u015feffaf cam gibi farkl\u0131 se\u00e7eneklerle her tasar\u0131m ihtiyac\u0131na uygun hale getirilebilir.<\/li><\/ul><p>Bombeli cam korkuluklar, i\u015flevsellik ve esteti\u011fi bir arada sunarak ya\u015fam alanlar\u0131na de\u011fer katar.<\/p>\t\t\t\t\t\t<\/div>\n\t\t\t\t<\/div>\n\t\t\t\t<div class=\"elementor-element elementor-element-3c8ef849 elementor-widget elementor-widget-heading\" data-id=\"3c8ef849\" data-element_type=\"widget\" data-settings=\"{&quot;_animation&quot;:&quot;none&quot;}\" data-widget_type=\"heading.default\">\n\t\t\t\t<div class=\"elementor-widget-container\">\n\t\t\t<h2 class=\"elementor-heading-title elementor-size-default\">BOMBEL\u0130 CAM KORKULUK NASIL YAPILIR<\/h2>\t\t<\/div>\n\t\t\t\t<\/div>\n\t\t\t\t<div class=\"elementor-element elementor-element-447ac031 elementor-widget elementor-widget-text-editor\" data-id=\"447ac031\" data-element_type=\"widget\" data-widget_type=\"text-editor.default\">\n\t\t\t\t<div class=\"elementor-widget-container\">\n\t\t\t\t\t\t\t<p>Bombeli cam korkuluk yap\u0131m\u0131, hassas bir planlama ve uzmanl\u0131k gerektirir. \u0130\u015fte temel ad\u0131mlar\u0131:<\/p><ol><li><strong>Tasar\u0131m ve Planlama<\/strong>: Korkuluk yap\u0131lacak alan\u0131n \u00f6l\u00e7\u00fcleri al\u0131n\u0131r ve alan\u0131n mimarisine uygun bir tasar\u0131m belirlenir.<\/li><li><strong>Malzeme Se\u00e7imi<\/strong>: Dayan\u0131kl\u0131 temperli cam ve sa\u011flam montaj ekipmanlar\u0131 se\u00e7ilir.<\/li><li><strong>Cam\u0131n Bombelendirilmesi<\/strong>: Cam, \u00f6zel \u0131s\u0131tma ve \u015fekillendirme teknikleri kullan\u0131larak istenen kavisli forma getirilir.<\/li><li><strong>Montaj Haz\u0131rl\u0131\u011f\u0131<\/strong>: Cam panellerin monte edilece\u011fi alanlarda delikler a\u00e7\u0131l\u0131r ve ba\u011flant\u0131 noktalar\u0131 haz\u0131rlan\u0131r.<\/li><li><strong>Montaj ve Kurulum<\/strong>: Bombeli cam paneller, \u00f6zenle monte edilerek sa\u011flam bir \u015fekilde yerle\u015ftirilir.<\/li><li><strong>Son Kontroller ve Temizlik<\/strong>: Montaj sonras\u0131 korkuluklar\u0131n temizli\u011fi yap\u0131l\u0131r ve g\u00fcvenlik standartlar\u0131na uygunlu\u011fu kontrol edilir.<\/li><\/ol><p>Astuna Metal&#8217;in do\u011fru bir montajla bombeli cam korkuluklar, hem g\u00fcvenli\u011fi hem de esteti\u011fi kusursuz bir \u015fekilde sunar.<\/p>\t\t\t\t\t\t<\/div>\n\t\t\t\t<\/div>\n\t\t\t\t<\/div>\n\t\t\t\t\t<\/div>\n\t\t\t\t<\/div>\n\t\t\t\t\t\t\t<\/div>\n\t\t","protected":false},"excerpt":{"rendered":"<p>BOMBEL\u0130 CAM KORKULUK MODELLER\u0130 VE F\u0130YATLARI ANASAYFA BOMBEL\u0130 CAM KORKULUK MODELLER\u0130 Bombeli Cam Korkuluk Sistemleri ve Fiyatlar\u0131 BOMBEL\u0130 CAM KORKULUK Bombeli cam korkuluklar, modern tasar\u0131mlar\u0131 ve i\u015flevselli\u011fi bir araya getiren estetik yap\u0131 elemanlar\u0131d\u0131r. Kavisli temperli cam panellerden olu\u015fan bu korkuluklar, balkon, merdiven veya teras gibi alanlara \u015f\u0131kl\u0131k katar. \u015eeffaf yap\u0131lar\u0131 sayesinde mekanlar\u0131 daha geni\u015f ve &#8230; <a title=\"Bombeli Cam Korkuluk Modelleri ve Fiyatlar\u0131\" class=\"read-more\" href=\"https:\/\/astunametal.com\/tr\/bombeli-cam-korkuluk-modelleri-ve-fiyatlari\/\" aria-label=\"More on Bombeli Cam Korkuluk Modelleri ve Fiyatlar\u0131\">Devam\u0131n\u0131 oku<\/a><\/p>\n","protected":false},"author":1,"featured_media":0,"parent":0,"menu_order":0,"comment_status":"closed","ping_status":"closed","template":"elementor_header_footer","meta":{"footnotes":""},"_links":{"self":[{"href":"https:\/\/astunametal.com\/tr\/wp-json\/wp\/v2\/pages\/45525"}],"collection":[{"href":"https:\/\/astunametal.com\/tr\/wp-json\/wp\/v2\/pages"}],"about":[{"href":"https:\/\/astunametal.com\/tr\/wp-json\/wp\/v2\/types\/page"}],"author":[{"embeddable":true,"href":"https:\/\/astunametal.com\/tr\/wp-json\/wp\/v2\/users\/1"}],"replies":[{"embeddable":true,"href":"https:\/\/astunametal.com\/tr\/wp-json\/wp\/v2\/comments?post=45525"}],"version-history":[{"count":10,"href":"https:\/\/astunametal.com\/tr\/wp-json\/wp\/v2\/pages\/45525\/revisions"}],"predecessor-version":[{"id":45578,"href":"https:\/\/astunametal.com\/tr\/wp-json\/wp\/v2\/pages\/45525\/revisions\/45578"}],"wp:attachment":[{"href":"https:\/\/astunametal.com\/tr\/wp-json\/wp\/v2\/media?parent=45525"}],"curies":[{"name":"wp","href":"https:\/\/api.w.org\/{rel}","templated":true}]}}