{"id":24148,"date":"2023-12-30T10:17:03","date_gmt":"2023-12-30T10:17:03","guid":{"rendered":"https:\/\/astunametal.com\/stair-railing-manufacturer\/"},"modified":"2024-02-19T10:18:00","modified_gmt":"2024-02-19T10:18:00","slug":"merdiven-korkuluk","status":"publish","type":"page","link":"https:\/\/astunametal.com\/tr\/merdiven-korkuluk\/","title":{"rendered":"Merdiven Korkuluk Modelleri ve Fiyatlar\u0131"},"content":{"rendered":"\t\t<div data-elementor-type=\"wp-page\" data-elementor-id=\"24148\" class=\"elementor elementor-24148\">\n\t\t\t\t\t\t\t\t\t<section class=\"elementor-section elementor-top-section elementor-element elementor-element-5af53e99 elementor-section-boxed elementor-section-height-default elementor-section-height-default\" data-id=\"5af53e99\" data-element_type=\"section\" data-settings=\"{&quot;background_background&quot;:&quot;gradient&quot;}\">\n\t\t\t\t\t\t\t<div class=\"elementor-background-overlay\"><\/div>\n\t\t\t\t\t\t\t<div class=\"elementor-container elementor-column-gap-default\">\n\t\t\t\t\t<div class=\"elementor-column elementor-col-100 elementor-top-column elementor-element elementor-element-31877fb0\" data-id=\"31877fb0\" data-element_type=\"column\">\n\t\t\t<div class=\"elementor-widget-wrap elementor-element-populated\">\n\t\t\t\t\t\t\t\t<div class=\"elementor-element elementor-element-122de312 elementor-widget elementor-widget-heading\" data-id=\"122de312\" data-element_type=\"widget\" data-widget_type=\"heading.default\">\n\t\t\t\t<div class=\"elementor-widget-container\">\n\t\t\t<style>\/*! elementor - v3.16.0 - 17-10-2023 *\/\n.elementor-heading-title{padding:0;margin:0;line-height:1}.elementor-widget-heading .elementor-heading-title[class*=elementor-size-]>a{color:inherit;font-size:inherit;line-height:inherit}.elementor-widget-heading .elementor-heading-title.elementor-size-small{font-size:15px}.elementor-widget-heading .elementor-heading-title.elementor-size-medium{font-size:19px}.elementor-widget-heading .elementor-heading-title.elementor-size-large{font-size:29px}.elementor-widget-heading .elementor-heading-title.elementor-size-xl{font-size:39px}.elementor-widget-heading .elementor-heading-title.elementor-size-xxl{font-size:59px}<\/style><h1 class=\"elementor-heading-title elementor-size-default\">MERD\u0130VEN KORKULUK<\/h1>\t\t<\/div>\n\t\t\t\t<\/div>\n\t\t\t\t<div class=\"elementor-element elementor-element-47e7d4e elementor-icon-list--layout-inline elementor-align-left elementor-mobile-align-center elementor-widget-mobile__width-initial elementor-tablet-align-left elementor-widget-tablet__width-initial elementor-list-item-link-full_width elementor-widget elementor-widget-icon-list\" data-id=\"47e7d4e\" data-element_type=\"widget\" data-widget_type=\"icon-list.default\">\n\t\t\t\t<div class=\"elementor-widget-container\">\n\t\t\t<link rel=\"stylesheet\" href=\"https:\/\/astunametal.com\/wp-content\/plugins\/elementor\/assets\/css\/widget-icon-list.min.css\">\t\t<ul class=\"elementor-icon-list-items elementor-inline-items\">\n\t\t\t\t\t\t\t<li class=\"elementor-icon-list-item elementor-inline-item\">\n\t\t\t\t\t\t\t\t\t\t\t<a href=\"\/\">\n\n\t\t\t\t\t\t\t\t\t\t\t<span class=\"elementor-icon-list-text\">ANASAYFA<\/span>\n\t\t\t\t\t\t\t\t\t\t\t<\/a>\n\t\t\t\t\t\t\t\t\t<\/li>\n\t\t\t\t\t\t\t\t<li class=\"elementor-icon-list-item elementor-inline-item\">\n\t\t\t\t\t\t\t\t\t\t\t<span class=\"elementor-icon-list-icon\">\n\t\t\t\t\t\t\t<i aria-hidden=\"true\" class=\"jki jki-right-arrow-8\"><\/i>\t\t\t\t\t\t<\/span>\n\t\t\t\t\t\t\t\t\t\t<span class=\"elementor-icon-list-text\">MERD\u0130VEN KORKULUK<\/span>\n\t\t\t\t\t\t\t\t\t<\/li>\n\t\t\t\t\t\t<\/ul>\n\t\t\t\t<\/div>\n\t\t\t\t<\/div>\n\t\t\t\t\t<\/div>\n\t\t<\/div>\n\t\t\t\t\t\t\t<\/div>\n\t\t<\/section>\n\t\t\t\t<section class=\"elementor-section elementor-top-section elementor-element elementor-element-c3751b0 elementor-section-boxed elementor-section-height-default elementor-section-height-default\" data-id=\"c3751b0\" data-element_type=\"section\">\n\t\t\t\t\t\t<div class=\"elementor-container elementor-column-gap-default\">\n\t\t\t\t\t<div class=\"elementor-column elementor-col-50 elementor-top-column elementor-element elementor-element-d43ca55\" data-id=\"d43ca55\" data-element_type=\"column\">\n\t\t\t<div class=\"elementor-widget-wrap elementor-element-populated\">\n\t\t\t\t\t\t\t\t<div class=\"elementor-element elementor-element-d7ea918 elementor-widget elementor-widget-image\" data-id=\"d7ea918\" data-element_type=\"widget\" data-widget_type=\"image.default\">\n\t\t\t\t<div class=\"elementor-widget-container\">\n\t\t\t<style>\/*! elementor - v3.16.0 - 17-10-2023 *\/\n.elementor-widget-image{text-align:center}.elementor-widget-image a{display:inline-block}.elementor-widget-image a img[src$=\".svg\"]{width:48px}.elementor-widget-image img{vertical-align:middle;display:inline-block}<\/style>\t\t\t\t\t\t\t\t\t<figure class=\"wp-caption\">\n\t\t\t\t\t\t\t\t\t\t<img loading=\"lazy\" decoding=\"async\" width=\"640\" height=\"427\" src=\"https:\/\/astunametal.com\/wp-content\/uploads\/2024\/02\/merdiven-korkuluk-modelleri.jpg\" class=\"attachment-full size-full wp-image-30494\" alt=\"merdiven korkuluk modelleri\" srcset=\"https:\/\/astunametal.com\/wp-content\/uploads\/2024\/02\/merdiven-korkuluk-modelleri.jpg 640w, https:\/\/astunametal.com\/wp-content\/uploads\/2024\/02\/merdiven-korkuluk-modelleri-300x200.jpg 300w\" sizes=\"(max-width: 640px) 100vw, 640px\" \/>\t\t\t\t\t\t\t\t\t\t\t<figcaption class=\"widget-image-caption wp-caption-text\">merdiven korkuluk modelleri<\/figcaption>\n\t\t\t\t\t\t\t\t\t\t<\/figure>\n\t\t\t\t\t\t\t\t\t<\/div>\n\t\t\t\t<\/div>\n\t\t\t\t\t<\/div>\n\t\t<\/div>\n\t\t\t\t<div class=\"elementor-column elementor-col-50 elementor-top-column elementor-element elementor-element-fa5e27f\" data-id=\"fa5e27f\" data-element_type=\"column\">\n\t\t\t<div class=\"elementor-widget-wrap elementor-element-populated\">\n\t\t\t\t\t\t\t\t<div class=\"elementor-element elementor-element-970bb77 elementor-widget elementor-widget-heading\" data-id=\"970bb77\" data-element_type=\"widget\" data-settings=\"{&quot;_animation&quot;:&quot;none&quot;}\" data-widget_type=\"heading.default\">\n\t\t\t\t<div class=\"elementor-widget-container\">\n\t\t\t<h2 class=\"elementor-heading-title elementor-size-default\">MERD\u0130VEN KORKULUK\u200b<\/h2>\t\t<\/div>\n\t\t\t\t<\/div>\n\t\t\t\t<div class=\"elementor-element elementor-element-b9ca97a elementor-widget elementor-widget-text-editor\" data-id=\"b9ca97a\" data-element_type=\"widget\" data-widget_type=\"text-editor.default\">\n\t\t\t\t<div class=\"elementor-widget-container\">\n\t\t\t<style>\/*! elementor - v3.16.0 - 17-10-2023 *\/\n.elementor-widget-text-editor.elementor-drop-cap-view-stacked .elementor-drop-cap{background-color:#69727d;color:#fff}.elementor-widget-text-editor.elementor-drop-cap-view-framed .elementor-drop-cap{color:#69727d;border:3px solid;background-color:transparent}.elementor-widget-text-editor:not(.elementor-drop-cap-view-default) .elementor-drop-cap{margin-top:8px}.elementor-widget-text-editor:not(.elementor-drop-cap-view-default) .elementor-drop-cap-letter{width:1em;height:1em}.elementor-widget-text-editor .elementor-drop-cap{float:left;text-align:center;line-height:1;font-size:50px}.elementor-widget-text-editor .elementor-drop-cap-letter{display:inline-block}<\/style>\t\t\t\t<p>Merdiven korkulu\u011fu veya korkuluk olarak da bilinen merdiven korkulu\u011fu, merdivenlerde kullan\u0131c\u0131lara g\u00fcvenlik, destek ve rehberlik sa\u011flamak i\u00e7in kullan\u0131lan yap\u0131sal bir unsurdur. Merdivenin her iki taraf\u0131na monte edilen merdiven korkulu\u011fu tipik olarak bir el deste\u011fi g\u00f6revi g\u00f6r\u00fcr ve d\u00fc\u015fmeleri \u00f6nlemek i\u00e7in bir bariyer g\u00f6revi g\u00f6r\u00fcr.<\/p>\t\t\t\t\t\t<\/div>\n\t\t\t\t<\/div>\n\t\t\t\t\t<\/div>\n\t\t<\/div>\n\t\t\t\t\t\t\t<\/div>\n\t\t<\/section>\n\t\t\t\t<section class=\"elementor-section elementor-top-section elementor-element elementor-element-fa0d6ce elementor-section-boxed elementor-section-height-default elementor-section-height-default\" data-id=\"fa0d6ce\" data-element_type=\"section\">\n\t\t\t\t\t\t<div class=\"elementor-container elementor-column-gap-default\">\n\t\t\t\t\t<div class=\"elementor-column elementor-col-100 elementor-top-column elementor-element elementor-element-c594832\" data-id=\"c594832\" data-element_type=\"column\">\n\t\t\t<div class=\"elementor-widget-wrap elementor-element-populated\">\n\t\t\t\t\t\t\t\t<div class=\"elementor-element elementor-element-c24d59f elementor-widget elementor-widget-heading\" data-id=\"c24d59f\" data-element_type=\"widget\" data-settings=\"{&quot;_animation&quot;:&quot;none&quot;}\" data-widget_type=\"heading.default\">\n\t\t\t\t<div class=\"elementor-widget-container\">\n\t\t\t<h2 class=\"elementor-heading-title elementor-size-default\">MERD\u0130VEN KORKULUK MODELLER\u0130<\/h2>\t\t<\/div>\n\t\t\t\t<\/div>\n\t\t\t\t<div class=\"elementor-element elementor-element-5af2a8b elementor-widget elementor-widget-image-gallery\" data-id=\"5af2a8b\" data-element_type=\"widget\" data-widget_type=\"image-gallery.default\">\n\t\t\t\t<div class=\"elementor-widget-container\">\n\t\t\t<style>\/*! elementor - v3.16.0 - 17-10-2023 *\/\n.elementor-image-gallery .gallery-item{display:inline-block;text-align:center;vertical-align:top;width:100%;max-width:100%;margin:0 auto}.elementor-image-gallery .gallery-item img{margin:0 auto}.elementor-image-gallery .gallery-item .gallery-caption{margin:0}.elementor-image-gallery figure img{display:block}.elementor-image-gallery figure figcaption{width:100%}.gallery-spacing-custom .elementor-image-gallery .gallery-icon{padding:0}@media (min-width:768px){.elementor-image-gallery .gallery-columns-2 .gallery-item{max-width:50%}.elementor-image-gallery .gallery-columns-3 .gallery-item{max-width:33.33%}.elementor-image-gallery .gallery-columns-4 .gallery-item{max-width:25%}.elementor-image-gallery .gallery-columns-5 .gallery-item{max-width:20%}.elementor-image-gallery .gallery-columns-6 .gallery-item{max-width:16.666%}.elementor-image-gallery .gallery-columns-7 .gallery-item{max-width:14.28%}.elementor-image-gallery .gallery-columns-8 .gallery-item{max-width:12.5%}.elementor-image-gallery .gallery-columns-9 .gallery-item{max-width:11.11%}.elementor-image-gallery .gallery-columns-10 .gallery-item{max-width:10%}}@media (min-width:480px) and (max-width:767px){.elementor-image-gallery .gallery.gallery-columns-2 .gallery-item,.elementor-image-gallery .gallery.gallery-columns-3 .gallery-item,.elementor-image-gallery .gallery.gallery-columns-4 .gallery-item,.elementor-image-gallery .gallery.gallery-columns-5 .gallery-item,.elementor-image-gallery .gallery.gallery-columns-6 .gallery-item,.elementor-image-gallery .gallery.gallery-columns-7 .gallery-item,.elementor-image-gallery .gallery.gallery-columns-8 .gallery-item,.elementor-image-gallery .gallery.gallery-columns-9 .gallery-item,.elementor-image-gallery .gallery.gallery-columns-10 .gallery-item{max-width:50%}}@media (max-width:479px){.elementor-image-gallery .gallery.gallery-columns-2 .gallery-item,.elementor-image-gallery .gallery.gallery-columns-3 .gallery-item,.elementor-image-gallery .gallery.gallery-columns-4 .gallery-item,.elementor-image-gallery .gallery.gallery-columns-5 .gallery-item,.elementor-image-gallery .gallery.gallery-columns-6 .gallery-item,.elementor-image-gallery .gallery.gallery-columns-7 .gallery-item,.elementor-image-gallery .gallery.gallery-columns-8 .gallery-item,.elementor-image-gallery .gallery.gallery-columns-9 .gallery-item,.elementor-image-gallery .gallery.gallery-columns-10 .gallery-item{max-width:100%}}<\/style>\t\t<div class=\"elementor-image-gallery\">\n\t\t\t<div id='gallery-1' class='gallery galleryid-24148 gallery-columns-3 gallery-size-full'><figure class='gallery-item'>\n\t\t\t<div class='gallery-icon landscape'>\n\t\t\t\t<a data-elementor-open-lightbox=\"yes\" data-elementor-lightbox-slideshow=\"5af2a8b\" data-elementor-lightbox-title=\"L\u00fcks Merdiven Korkuluk Modelleri\" data-elementor-lightbox-description=\"L\u00fcks Merdiven Korkuluk Modelleri\" data-e-action-hash=\"#elementor-action%3Aaction%3Dlightbox%26settings%3DeyJpZCI6MzA5MTAsInVybCI6Imh0dHBzOlwvXC9hc3R1bmFtZXRhbC5jb21cL3dwLWNvbnRlbnRcL3VwbG9hZHNcLzIwMjRcLzAyXC9MdWtzLU1lcmRpdmVuLUtvcmt1bHVrLU1vZGVsbGVyaS5qcGciLCJzbGlkZXNob3ciOiI1YWYyYThiIn0%3D\" href='https:\/\/astunametal.com\/wp-content\/uploads\/2024\/02\/Luks-Merdiven-Korkuluk-Modelleri.jpg'><img loading=\"lazy\" decoding=\"async\" width=\"750\" height=\"500\" src=\"https:\/\/astunametal.com\/wp-content\/uploads\/2024\/02\/Luks-Merdiven-Korkuluk-Modelleri.jpg\" class=\"attachment-full size-full\" alt=\"L\u00fcks Merdiven Korkuluk Modelleri\" aria-describedby=\"gallery-1-30910\" srcset=\"https:\/\/astunametal.com\/wp-content\/uploads\/2024\/02\/Luks-Merdiven-Korkuluk-Modelleri.jpg 750w, https:\/\/astunametal.com\/wp-content\/uploads\/2024\/02\/Luks-Merdiven-Korkuluk-Modelleri-300x200.jpg 300w\" sizes=\"(max-width: 750px) 100vw, 750px\" \/><\/a>\n\t\t\t<\/div>\n\t\t\t\t<figcaption class='wp-caption-text gallery-caption' id='gallery-1-30910'>\n\t\t\t\tL\u00fcks Merdiven Korkuluk Modelleri\n\t\t\t\t<\/figcaption><\/figure><figure class='gallery-item'>\n\t\t\t<div class='gallery-icon landscape'>\n\t\t\t\t<a data-elementor-open-lightbox=\"yes\" data-elementor-lightbox-slideshow=\"5af2a8b\" data-elementor-lightbox-title=\"Estetik Merdiven Korkuluk Modelleri\" data-elementor-lightbox-description=\"Estetik Merdiven Korkuluk Modelleri\" data-e-action-hash=\"#elementor-action%3Aaction%3Dlightbox%26settings%3DeyJpZCI6MzA5MDYsInVybCI6Imh0dHBzOlwvXC9hc3R1bmFtZXRhbC5jb21cL3dwLWNvbnRlbnRcL3VwbG9hZHNcLzIwMjRcLzAyXC9Fc3RldGlrLU1lcmRpdmVuLUtvcmt1bHVrLU1vZGVsbGVyaS5qcGciLCJzbGlkZXNob3ciOiI1YWYyYThiIn0%3D\" href='https:\/\/astunametal.com\/wp-content\/uploads\/2024\/02\/Estetik-Merdiven-Korkuluk-Modelleri.jpg'><img loading=\"lazy\" decoding=\"async\" width=\"750\" height=\"500\" src=\"https:\/\/astunametal.com\/wp-content\/uploads\/2024\/02\/Estetik-Merdiven-Korkuluk-Modelleri.jpg\" class=\"attachment-full size-full\" alt=\"Estetik Merdiven Korkuluk Modelleri\" aria-describedby=\"gallery-1-30906\" srcset=\"https:\/\/astunametal.com\/wp-content\/uploads\/2024\/02\/Estetik-Merdiven-Korkuluk-Modelleri.jpg 750w, https:\/\/astunametal.com\/wp-content\/uploads\/2024\/02\/Estetik-Merdiven-Korkuluk-Modelleri-300x200.jpg 300w\" sizes=\"(max-width: 750px) 100vw, 750px\" \/><\/a>\n\t\t\t<\/div>\n\t\t\t\t<figcaption class='wp-caption-text gallery-caption' id='gallery-1-30906'>\n\t\t\t\tEstetik Merdiven Korkuluk Modelleri\n\t\t\t\t<\/figcaption><\/figure><figure class='gallery-item'>\n\t\t\t<div class='gallery-icon landscape'>\n\t\t\t\t<a data-elementor-open-lightbox=\"yes\" data-elementor-lightbox-slideshow=\"5af2a8b\" data-elementor-lightbox-title=\"Cam Merdiven Korkuluk\" data-elementor-lightbox-description=\"Cam Merdiven Korkuluk\" data-e-action-hash=\"#elementor-action%3Aaction%3Dlightbox%26settings%3DeyJpZCI6MzA5MDIsInVybCI6Imh0dHBzOlwvXC9hc3R1bmFtZXRhbC5jb21cL3dwLWNvbnRlbnRcL3VwbG9hZHNcLzIwMjRcLzAyXC9DYW0tTWVyZGl2ZW4tS29ya3VsdWsuanBnIiwic2xpZGVzaG93IjoiNWFmMmE4YiJ9\" href='https:\/\/astunametal.com\/wp-content\/uploads\/2024\/02\/Cam-Merdiven-Korkuluk.jpg'><img loading=\"lazy\" decoding=\"async\" width=\"750\" height=\"500\" src=\"https:\/\/astunametal.com\/wp-content\/uploads\/2024\/02\/Cam-Merdiven-Korkuluk.jpg\" class=\"attachment-full size-full\" alt=\"Cam Merdiven Korkuluk\" aria-describedby=\"gallery-1-30902\" srcset=\"https:\/\/astunametal.com\/wp-content\/uploads\/2024\/02\/Cam-Merdiven-Korkuluk.jpg 750w, https:\/\/astunametal.com\/wp-content\/uploads\/2024\/02\/Cam-Merdiven-Korkuluk-300x200.jpg 300w\" sizes=\"(max-width: 750px) 100vw, 750px\" \/><\/a>\n\t\t\t<\/div>\n\t\t\t\t<figcaption class='wp-caption-text gallery-caption' id='gallery-1-30902'>\n\t\t\t\tCam Merdiven Korkuluk\n\t\t\t\t<\/figcaption><\/figure><figure class='gallery-item'>\n\t\t\t<div class='gallery-icon landscape'>\n\t\t\t\t<a data-elementor-open-lightbox=\"yes\" data-elementor-lightbox-slideshow=\"5af2a8b\" data-elementor-lightbox-title=\"Ah\u015fap Merdiven Korkuluk Modelleri\" data-elementor-lightbox-description=\"Ah\u015fap Merdiven Korkuluk Modelleri\" data-e-action-hash=\"#elementor-action%3Aaction%3Dlightbox%26settings%3DeyJpZCI6MzA4OTgsInVybCI6Imh0dHBzOlwvXC9hc3R1bmFtZXRhbC5jb21cL3dwLWNvbnRlbnRcL3VwbG9hZHNcLzIwMjRcLzAyXC9BaHNhcC1NZXJkaXZlbi1Lb3JrdWx1ay1Nb2RlbGxlcmkuanBnIiwic2xpZGVzaG93IjoiNWFmMmE4YiJ9\" href='https:\/\/astunametal.com\/wp-content\/uploads\/2024\/02\/Ahsap-Merdiven-Korkuluk-Modelleri.jpg'><img loading=\"lazy\" decoding=\"async\" width=\"750\" height=\"500\" src=\"https:\/\/astunametal.com\/wp-content\/uploads\/2024\/02\/Ahsap-Merdiven-Korkuluk-Modelleri.jpg\" class=\"attachment-full size-full\" alt=\"Ah\u015fap Merdiven Korkuluk Modelleri\" aria-describedby=\"gallery-1-30898\" srcset=\"https:\/\/astunametal.com\/wp-content\/uploads\/2024\/02\/Ahsap-Merdiven-Korkuluk-Modelleri.jpg 750w, https:\/\/astunametal.com\/wp-content\/uploads\/2024\/02\/Ahsap-Merdiven-Korkuluk-Modelleri-300x200.jpg 300w\" sizes=\"(max-width: 750px) 100vw, 750px\" \/><\/a>\n\t\t\t<\/div>\n\t\t\t\t<figcaption class='wp-caption-text gallery-caption' id='gallery-1-30898'>\n\t\t\t\tAh\u015fap Merdiven Korkuluk Modelleri\n\t\t\t\t<\/figcaption><\/figure><figure class='gallery-item'>\n\t\t\t<div class='gallery-icon landscape'>\n\t\t\t\t<a data-elementor-open-lightbox=\"yes\" data-elementor-lightbox-slideshow=\"5af2a8b\" data-elementor-lightbox-title=\"Merdiven Korkuluk Fiyatlar\u0131\" data-elementor-lightbox-description=\"Merdiven Korkuluk Fiyatlar\u0131\" data-e-action-hash=\"#elementor-action%3Aaction%3Dlightbox%26settings%3DeyJpZCI6MzA4OTAsInVybCI6Imh0dHBzOlwvXC9hc3R1bmFtZXRhbC5jb21cL3dwLWNvbnRlbnRcL3VwbG9hZHNcLzIwMjRcLzAyXC9NZXJkaXZlbi1Lb3JrdWx1ay1GaXlhdGxhcmkuanBnIiwic2xpZGVzaG93IjoiNWFmMmE4YiJ9\" href='https:\/\/astunametal.com\/wp-content\/uploads\/2024\/02\/Merdiven-Korkuluk-Fiyatlari.jpg'><img loading=\"lazy\" decoding=\"async\" width=\"750\" height=\"500\" src=\"https:\/\/astunametal.com\/wp-content\/uploads\/2024\/02\/Merdiven-Korkuluk-Fiyatlari.jpg\" class=\"attachment-full size-full\" alt=\"Merdiven Korkuluk Fiyatlar\u0131\" aria-describedby=\"gallery-1-30890\" srcset=\"https:\/\/astunametal.com\/wp-content\/uploads\/2024\/02\/Merdiven-Korkuluk-Fiyatlari.jpg 750w, https:\/\/astunametal.com\/wp-content\/uploads\/2024\/02\/Merdiven-Korkuluk-Fiyatlari-300x200.jpg 300w\" sizes=\"(max-width: 750px) 100vw, 750px\" \/><\/a>\n\t\t\t<\/div>\n\t\t\t\t<figcaption class='wp-caption-text gallery-caption' id='gallery-1-30890'>\n\t\t\t\tMerdiven Korkuluk Fiyatlar\u0131\n\t\t\t\t<\/figcaption><\/figure><figure class='gallery-item'>\n\t\t\t<div class='gallery-icon landscape'>\n\t\t\t\t<a data-elementor-open-lightbox=\"yes\" data-elementor-lightbox-slideshow=\"5af2a8b\" data-elementor-lightbox-title=\"Modern Merdiven Korkuluk Modelleri\" data-elementor-lightbox-description=\"Modern Merdiven Korkuluk Modelleri\" data-e-action-hash=\"#elementor-action%3Aaction%3Dlightbox%26settings%3DeyJpZCI6MzA4OTQsInVybCI6Imh0dHBzOlwvXC9hc3R1bmFtZXRhbC5jb21cL3dwLWNvbnRlbnRcL3VwbG9hZHNcLzIwMjRcLzAyXC9Nb2Rlcm4tTWVyZGl2ZW4tS29ya3VsdWstTW9kZWxsZXJpLmpwZyIsInNsaWRlc2hvdyI6IjVhZjJhOGIifQ%3D%3D\" href='https:\/\/astunametal.com\/wp-content\/uploads\/2024\/02\/Modern-Merdiven-Korkuluk-Modelleri.jpg'><img loading=\"lazy\" decoding=\"async\" width=\"750\" height=\"500\" src=\"https:\/\/astunametal.com\/wp-content\/uploads\/2024\/02\/Modern-Merdiven-Korkuluk-Modelleri.jpg\" class=\"attachment-full size-full\" alt=\"Modern Merdiven Korkuluk Modelleri\" aria-describedby=\"gallery-1-30894\" srcset=\"https:\/\/astunametal.com\/wp-content\/uploads\/2024\/02\/Modern-Merdiven-Korkuluk-Modelleri.jpg 750w, https:\/\/astunametal.com\/wp-content\/uploads\/2024\/02\/Modern-Merdiven-Korkuluk-Modelleri-300x200.jpg 300w\" sizes=\"(max-width: 750px) 100vw, 750px\" \/><\/a>\n\t\t\t<\/div>\n\t\t\t\t<figcaption class='wp-caption-text gallery-caption' id='gallery-1-30894'>\n\t\t\t\tModern Merdiven Korkuluk Modelleri\n\t\t\t\t<\/figcaption><\/figure>\n\t\t<\/div>\n\t\t<\/div>\n\t\t\t\t<\/div>\n\t\t\t\t<\/div>\n\t\t\t\t\t<\/div>\n\t\t<\/div>\n\t\t\t\t\t\t\t<\/div>\n\t\t<\/section>\n\t\t<div class=\"elementor-element elementor-element-62dc491 e-flex e-con-boxed e-con e-parent\" data-id=\"62dc491\" data-element_type=\"container\" data-settings=\"{&quot;content_width&quot;:&quot;boxed&quot;}\" data-core-v316-plus=\"true\">\n\t\t\t\t\t<div class=\"e-con-inner\">\n\t\t<div class=\"elementor-element elementor-element-44d9eb9b e-con-full e-flex e-con e-child\" data-id=\"44d9eb9b\" data-element_type=\"container\" data-settings=\"{&quot;content_width&quot;:&quot;full&quot;}\">\n\t\t\t\t<div class=\"elementor-element elementor-element-d881567 elementor-widget elementor-widget-heading\" data-id=\"d881567\" data-element_type=\"widget\" data-settings=\"{&quot;_animation&quot;:&quot;none&quot;}\" data-widget_type=\"heading.default\">\n\t\t\t\t<div class=\"elementor-widget-container\">\n\t\t\t<h2 class=\"elementor-heading-title elementor-size-default\">MERD\u0130VEN KORKULUK F\u0130YATLARI<\/h2>\t\t<\/div>\n\t\t\t\t<\/div>\n\t\t\t\t<div class=\"elementor-element elementor-element-c75c14d elementor-widget elementor-widget-text-editor\" data-id=\"c75c14d\" data-element_type=\"widget\" data-widget_type=\"text-editor.default\">\n\t\t\t\t<div class=\"elementor-widget-container\">\n\t\t\t\t\t\t\t<p>Merdiven korkuluk fiyatlar\u0131 \u00fcr\u00fcn\u00fcn hangi malzemeden yap\u0131ld\u0131\u011f\u0131ndan, \u00f6l\u00e7\u00fclerine kadar de\u011fi\u015fkenlik g\u00f6stermektedir. Bu y\u00fczden merdiven korkuluk ile ilgili fiyatlar\u0131 \u00f6\u011frenmek i\u00e7in l\u00fctfen bizimle ileti\u015fime ge\u00e7iniz. <strong><span style=\"color: #0000ff;\"><a style=\"color: #0000ff;\" href=\"\/tr\/iletisim\/\">\u0130leti\u015fime ge\u00e7mek i\u00e7in t\u0131klay\u0131n\u0131z.<\/a><\/span><\/strong><\/p>\t\t\t\t\t\t<\/div>\n\t\t\t\t<\/div>\n\t\t\t\t<div class=\"elementor-element elementor-element-5ec5fab elementor-widget elementor-widget-heading\" data-id=\"5ec5fab\" data-element_type=\"widget\" data-settings=\"{&quot;_animation&quot;:&quot;none&quot;}\" data-widget_type=\"heading.default\">\n\t\t\t\t<div class=\"elementor-widget-container\">\n\t\t\t<h2 class=\"elementor-heading-title elementor-size-default\">MERD\u0130VEN KORKULUKLARININ TEMEL FONKS\u0130YONLARI<\/h2>\t\t<\/div>\n\t\t\t\t<\/div>\n\t\t\t\t<div class=\"elementor-element elementor-element-2293e2cf elementor-widget elementor-widget-text-editor\" data-id=\"2293e2cf\" data-element_type=\"widget\" data-widget_type=\"text-editor.default\">\n\t\t\t\t<div class=\"elementor-widget-container\">\n\t\t\t\t\t\t\t<ol><li><strong>G\u00fcvenli\u011fin Sa\u011flanmas\u0131:<\/strong> Merdiven korkulu\u011fu, \u00f6zellikle y\u00fcksek veya e\u011fimli alanlarda kullan\u0131c\u0131lar\u0131n merdivenden yukar\u0131 veya a\u015fa\u011f\u0131 do\u011fru g\u00fcvenli hareket etmesini sa\u011flayarak d\u00fc\u015fmeleri \u00f6nler.<\/li><li><strong>Destek Sa\u011flama:<\/strong> Merdiven korkulu\u011fu kullan\u0131c\u0131lara destek sunarak merdivenleri kullan\u0131rken dengeyi korumalar\u0131na yard\u0131mc\u0131 olur. Bu \u00f6zellikle ya\u015fl\u0131 bireyler ve hareket k\u0131s\u0131tl\u0131l\u0131\u011f\u0131 olan ki\u015filer i\u00e7in \u00f6nemlidir.<\/li><li><strong>Y\u00f6nlendirme ve Y\u00f6nlendirme:<\/strong> Korkuluk, merdiven yolu boyunca bir k\u0131lavuz g\u00f6revi g\u00f6rerek kullan\u0131c\u0131lar\u0131 yukar\u0131 m\u0131 yoksa a\u015fa\u011f\u0131 m\u0131 inecekleri konusunda y\u00f6nlendirir.<\/li><li><strong>Estetik Katk\u0131:<\/strong> Merdiven korkuluklar\u0131 merdivenin genel tasar\u0131m\u0131na estetik a\u00e7\u0131dan katk\u0131 sa\u011flayabilir. Farkl\u0131 malzemeler, renkler ve tasar\u0131mlar mekana benzersiz bir g\u00f6r\u00fcn\u00fcm kazand\u0131rabilir.<\/li><\/ol><p>Merdiven korkuluklar\u0131 ah\u015fap, metal, cam gibi malzemelerden ya da kompozit malzemelerden yap\u0131labilir. Bunlar\u0131n in\u015faat standartlar\u0131na ve yerel d\u00fczenlemelere uygun olarak tasarlanmas\u0131 ve monte edilmesi \u00e7ok \u00f6nemlidir. Bu, g\u00fcvenli kullan\u0131m sa\u011flar ve merdivenin genel performans\u0131n\u0131 optimize eder.<\/p>\t\t\t\t\t\t<\/div>\n\t\t\t\t<\/div>\n\t\t\t\t<\/div>\n\t\t\t\t\t<\/div>\n\t\t\t\t<\/div>\n\t\t\t\t\t\t\t<\/div>\n\t\t","protected":false},"excerpt":{"rendered":"<p>MERD\u0130VEN KORKULUK ANASAYFA MERD\u0130VEN KORKULUK merdiven korkuluk modelleri MERD\u0130VEN KORKULUK\u200b Merdiven korkulu\u011fu veya korkuluk olarak da bilinen merdiven korkulu\u011fu, merdivenlerde kullan\u0131c\u0131lara g\u00fcvenlik, destek ve rehberlik sa\u011flamak i\u00e7in kullan\u0131lan yap\u0131sal bir unsurdur. Merdivenin her iki taraf\u0131na monte edilen merdiven korkulu\u011fu tipik olarak bir el deste\u011fi g\u00f6revi g\u00f6r\u00fcr ve d\u00fc\u015fmeleri \u00f6nlemek i\u00e7in bir bariyer g\u00f6revi g\u00f6r\u00fcr. MERD\u0130VEN &#8230; <a title=\"Merdiven Korkuluk Modelleri ve Fiyatlar\u0131\" class=\"read-more\" href=\"https:\/\/astunametal.com\/tr\/merdiven-korkuluk\/\" aria-label=\"More on Merdiven Korkuluk Modelleri ve Fiyatlar\u0131\">Devam\u0131n\u0131 oku<\/a><\/p>\n","protected":false},"author":1,"featured_media":0,"parent":0,"menu_order":0,"comment_status":"closed","ping_status":"closed","template":"elementor_header_footer","meta":{"footnotes":""},"_links":{"self":[{"href":"https:\/\/astunametal.com\/tr\/wp-json\/wp\/v2\/pages\/24148"}],"collection":[{"href":"https:\/\/astunametal.com\/tr\/wp-json\/wp\/v2\/pages"}],"about":[{"href":"https:\/\/astunametal.com\/tr\/wp-json\/wp\/v2\/types\/page"}],"author":[{"embeddable":true,"href":"https:\/\/astunametal.com\/tr\/wp-json\/wp\/v2\/users\/1"}],"replies":[{"embeddable":true,"href":"https:\/\/astunametal.com\/tr\/wp-json\/wp\/v2\/comments?post=24148"}],"version-history":[{"count":39,"href":"https:\/\/astunametal.com\/tr\/wp-json\/wp\/v2\/pages\/24148\/revisions"}],"predecessor-version":[{"id":31024,"href":"https:\/\/astunametal.com\/tr\/wp-json\/wp\/v2\/pages\/24148\/revisions\/31024"}],"wp:attachment":[{"href":"https:\/\/astunametal.com\/tr\/wp-json\/wp\/v2\/media?parent=24148"}],"curies":[{"name":"wp","href":"https:\/\/api.w.org\/{rel}","templated":true}]}}