{"id":24140,"date":"2023-12-30T09:53:47","date_gmt":"2023-12-30T09:53:47","guid":{"rendered":"https:\/\/astunametal.com\/glass-railing-manufacturer\/"},"modified":"2024-02-19T10:17:20","modified_gmt":"2024-02-19T10:17:20","slug":"cam-korkuluk","status":"publish","type":"page","link":"https:\/\/astunametal.com\/tr\/cam-korkuluk\/","title":{"rendered":"Cam Korkuluk Modelleri ve Fiyatlar\u0131"},"content":{"rendered":"\t\t<div data-elementor-type=\"wp-page\" data-elementor-id=\"24140\" class=\"elementor elementor-24140\">\n\t\t\t\t\t\t\t\t\t<section class=\"elementor-section elementor-top-section elementor-element elementor-element-701b592b elementor-section-boxed elementor-section-height-default elementor-section-height-default\" data-id=\"701b592b\" data-element_type=\"section\" data-settings=\"{&quot;background_background&quot;:&quot;gradient&quot;}\">\n\t\t\t\t\t\t\t<div class=\"elementor-background-overlay\"><\/div>\n\t\t\t\t\t\t\t<div class=\"elementor-container elementor-column-gap-default\">\n\t\t\t\t\t<div class=\"elementor-column elementor-col-100 elementor-top-column elementor-element elementor-element-5da860c0\" data-id=\"5da860c0\" data-element_type=\"column\">\n\t\t\t<div class=\"elementor-widget-wrap elementor-element-populated\">\n\t\t\t\t\t\t\t\t<div class=\"elementor-element elementor-element-3fb850a elementor-widget elementor-widget-heading\" data-id=\"3fb850a\" data-element_type=\"widget\" data-widget_type=\"heading.default\">\n\t\t\t\t<div class=\"elementor-widget-container\">\n\t\t\t<style>\/*! elementor - v3.16.0 - 17-10-2023 *\/\n.elementor-heading-title{padding:0;margin:0;line-height:1}.elementor-widget-heading .elementor-heading-title[class*=elementor-size-]>a{color:inherit;font-size:inherit;line-height:inherit}.elementor-widget-heading .elementor-heading-title.elementor-size-small{font-size:15px}.elementor-widget-heading .elementor-heading-title.elementor-size-medium{font-size:19px}.elementor-widget-heading .elementor-heading-title.elementor-size-large{font-size:29px}.elementor-widget-heading .elementor-heading-title.elementor-size-xl{font-size:39px}.elementor-widget-heading .elementor-heading-title.elementor-size-xxl{font-size:59px}<\/style><h1 class=\"elementor-heading-title elementor-size-default\">CAM KORKULUK<\/h1>\t\t<\/div>\n\t\t\t\t<\/div>\n\t\t\t\t<div class=\"elementor-element elementor-element-1c1dd25 elementor-icon-list--layout-inline elementor-align-left elementor-mobile-align-center elementor-widget-mobile__width-initial elementor-tablet-align-left elementor-widget-tablet__width-initial elementor-list-item-link-full_width elementor-widget elementor-widget-icon-list\" data-id=\"1c1dd25\" data-element_type=\"widget\" data-widget_type=\"icon-list.default\">\n\t\t\t\t<div class=\"elementor-widget-container\">\n\t\t\t<link rel=\"stylesheet\" href=\"https:\/\/astunametal.com\/wp-content\/plugins\/elementor\/assets\/css\/widget-icon-list.min.css\">\t\t<ul class=\"elementor-icon-list-items elementor-inline-items\">\n\t\t\t\t\t\t\t<li class=\"elementor-icon-list-item elementor-inline-item\">\n\t\t\t\t\t\t\t\t\t\t\t<a href=\"\/\">\n\n\t\t\t\t\t\t\t\t\t\t\t<span class=\"elementor-icon-list-text\">ANASAYFA<\/span>\n\t\t\t\t\t\t\t\t\t\t\t<\/a>\n\t\t\t\t\t\t\t\t\t<\/li>\n\t\t\t\t\t\t\t\t<li class=\"elementor-icon-list-item elementor-inline-item\">\n\t\t\t\t\t\t\t\t\t\t\t<span class=\"elementor-icon-list-icon\">\n\t\t\t\t\t\t\t<i aria-hidden=\"true\" class=\"jki jki-right-arrow-8\"><\/i>\t\t\t\t\t\t<\/span>\n\t\t\t\t\t\t\t\t\t\t<span class=\"elementor-icon-list-text\">CAM KORKULUK<\/span>\n\t\t\t\t\t\t\t\t\t<\/li>\n\t\t\t\t\t\t<\/ul>\n\t\t\t\t<\/div>\n\t\t\t\t<\/div>\n\t\t\t\t\t<\/div>\n\t\t<\/div>\n\t\t\t\t\t\t\t<\/div>\n\t\t<\/section>\n\t\t\t\t<section class=\"elementor-section elementor-top-section elementor-element elementor-element-a9374fa elementor-section-boxed elementor-section-height-default elementor-section-height-default\" data-id=\"a9374fa\" data-element_type=\"section\">\n\t\t\t\t\t\t<div class=\"elementor-container elementor-column-gap-default\">\n\t\t\t\t\t<div class=\"elementor-column elementor-col-50 elementor-top-column elementor-element elementor-element-17e2f87\" data-id=\"17e2f87\" data-element_type=\"column\">\n\t\t\t<div class=\"elementor-widget-wrap elementor-element-populated\">\n\t\t\t\t\t\t\t\t<div class=\"elementor-element elementor-element-b702be1 elementor-widget elementor-widget-image\" data-id=\"b702be1\" data-element_type=\"widget\" data-widget_type=\"image.default\">\n\t\t\t\t<div class=\"elementor-widget-container\">\n\t\t\t<style>\/*! elementor - v3.16.0 - 17-10-2023 *\/\n.elementor-widget-image{text-align:center}.elementor-widget-image a{display:inline-block}.elementor-widget-image a img[src$=\".svg\"]{width:48px}.elementor-widget-image img{vertical-align:middle;display:inline-block}<\/style>\t\t\t\t\t\t\t\t\t<figure class=\"wp-caption\">\n\t\t\t\t\t\t\t\t\t\t<img loading=\"lazy\" decoding=\"async\" width=\"600\" height=\"600\" src=\"https:\/\/astunametal.com\/wp-content\/uploads\/2024\/02\/cam-korkuluk-modelleri.jpg\" class=\"attachment-full size-full wp-image-30478\" alt=\"cam korkuluk modelleri\" srcset=\"https:\/\/astunametal.com\/wp-content\/uploads\/2024\/02\/cam-korkuluk-modelleri.jpg 600w, https:\/\/astunametal.com\/wp-content\/uploads\/2024\/02\/cam-korkuluk-modelleri-300x300.jpg 300w, https:\/\/astunametal.com\/wp-content\/uploads\/2024\/02\/cam-korkuluk-modelleri-150x150.jpg 150w\" sizes=\"(max-width: 600px) 100vw, 600px\" \/>\t\t\t\t\t\t\t\t\t\t\t<figcaption class=\"widget-image-caption wp-caption-text\">cam korkuluk modelleri<\/figcaption>\n\t\t\t\t\t\t\t\t\t\t<\/figure>\n\t\t\t\t\t\t\t\t\t<\/div>\n\t\t\t\t<\/div>\n\t\t\t\t\t<\/div>\n\t\t<\/div>\n\t\t\t\t<div class=\"elementor-column elementor-col-50 elementor-top-column elementor-element elementor-element-2f9e903\" data-id=\"2f9e903\" data-element_type=\"column\">\n\t\t\t<div class=\"elementor-widget-wrap elementor-element-populated\">\n\t\t\t\t\t\t\t\t<div class=\"elementor-element elementor-element-7cbc604 elementor-widget elementor-widget-heading\" data-id=\"7cbc604\" data-element_type=\"widget\" data-settings=\"{&quot;_animation&quot;:&quot;none&quot;}\" data-widget_type=\"heading.default\">\n\t\t\t\t<div class=\"elementor-widget-container\">\n\t\t\t<h2 class=\"elementor-heading-title elementor-size-default\">CAM KORKULUK<\/h2>\t\t<\/div>\n\t\t\t\t<\/div>\n\t\t\t\t<div class=\"elementor-element elementor-element-068edca elementor-widget elementor-widget-text-editor\" data-id=\"068edca\" data-element_type=\"widget\" data-widget_type=\"text-editor.default\">\n\t\t\t\t<div class=\"elementor-widget-container\">\n\t\t\t<style>\/*! elementor - v3.16.0 - 17-10-2023 *\/\n.elementor-widget-text-editor.elementor-drop-cap-view-stacked .elementor-drop-cap{background-color:#69727d;color:#fff}.elementor-widget-text-editor.elementor-drop-cap-view-framed .elementor-drop-cap{color:#69727d;border:3px solid;background-color:transparent}.elementor-widget-text-editor:not(.elementor-drop-cap-view-default) .elementor-drop-cap{margin-top:8px}.elementor-widget-text-editor:not(.elementor-drop-cap-view-default) .elementor-drop-cap-letter{width:1em;height:1em}.elementor-widget-text-editor .elementor-drop-cap{float:left;text-align:center;line-height:1;font-size:50px}.elementor-widget-text-editor .elementor-drop-cap-letter{display:inline-block}<\/style>\t\t\t\t<p>Cam korkuluklar, balkon, teras, merdiven ve di\u011fer a\u00e7\u0131k alanlarda g\u00fcvenli\u011fi sa\u011flamak amac\u0131yla yayg\u0131n olarak kullan\u0131lan, \u015feffaf veya yar\u0131 \u015feffaf cam panellerden olu\u015fan emniyet korkuluk sistemidir. Bu korkuluklar modern mimari tasar\u0131mlarda \u015feffafl\u0131k ve estetik bir g\u00f6r\u00fcn\u00fcm kazand\u0131rmas\u0131 nedeniyle tercih edilmektedir.<\/p><p>Cam korkuluklar modern ve \u015f\u0131k bir tasar\u0131m arayanlar i\u00e7in ideal bir se\u00e7imdir. D\u0131\u015f mekanlara \u015feffafl\u0131k ve a\u00e7\u0131kl\u0131k duygusu getirerek mimari projelere katk\u0131da bulunurlar.<\/p>\t\t\t\t\t\t<\/div>\n\t\t\t\t<\/div>\n\t\t\t\t\t<\/div>\n\t\t<\/div>\n\t\t\t\t\t\t\t<\/div>\n\t\t<\/section>\n\t\t\t\t<section class=\"elementor-section elementor-top-section elementor-element elementor-element-e59ca5a elementor-section-boxed elementor-section-height-default elementor-section-height-default\" data-id=\"e59ca5a\" data-element_type=\"section\">\n\t\t\t\t\t\t<div class=\"elementor-container elementor-column-gap-default\">\n\t\t\t\t\t<div class=\"elementor-column elementor-col-100 elementor-top-column elementor-element elementor-element-dc8654e\" data-id=\"dc8654e\" data-element_type=\"column\">\n\t\t\t<div class=\"elementor-widget-wrap elementor-element-populated\">\n\t\t\t\t\t\t\t\t<div class=\"elementor-element elementor-element-883e316 elementor-widget elementor-widget-heading\" data-id=\"883e316\" data-element_type=\"widget\" data-settings=\"{&quot;_animation&quot;:&quot;none&quot;}\" data-widget_type=\"heading.default\">\n\t\t\t\t<div class=\"elementor-widget-container\">\n\t\t\t<h2 class=\"elementor-heading-title elementor-size-default\">CAM KORKULUK MODELLER\u0130<\/h2>\t\t<\/div>\n\t\t\t\t<\/div>\n\t\t\t\t<div class=\"elementor-element elementor-element-31f9e8c elementor-widget elementor-widget-image-gallery\" data-id=\"31f9e8c\" data-element_type=\"widget\" data-widget_type=\"image-gallery.default\">\n\t\t\t\t<div class=\"elementor-widget-container\">\n\t\t\t<style>\/*! elementor - v3.16.0 - 17-10-2023 *\/\n.elementor-image-gallery .gallery-item{display:inline-block;text-align:center;vertical-align:top;width:100%;max-width:100%;margin:0 auto}.elementor-image-gallery .gallery-item img{margin:0 auto}.elementor-image-gallery .gallery-item .gallery-caption{margin:0}.elementor-image-gallery figure img{display:block}.elementor-image-gallery figure figcaption{width:100%}.gallery-spacing-custom .elementor-image-gallery .gallery-icon{padding:0}@media (min-width:768px){.elementor-image-gallery .gallery-columns-2 .gallery-item{max-width:50%}.elementor-image-gallery .gallery-columns-3 .gallery-item{max-width:33.33%}.elementor-image-gallery .gallery-columns-4 .gallery-item{max-width:25%}.elementor-image-gallery .gallery-columns-5 .gallery-item{max-width:20%}.elementor-image-gallery .gallery-columns-6 .gallery-item{max-width:16.666%}.elementor-image-gallery .gallery-columns-7 .gallery-item{max-width:14.28%}.elementor-image-gallery .gallery-columns-8 .gallery-item{max-width:12.5%}.elementor-image-gallery .gallery-columns-9 .gallery-item{max-width:11.11%}.elementor-image-gallery .gallery-columns-10 .gallery-item{max-width:10%}}@media (min-width:480px) and (max-width:767px){.elementor-image-gallery .gallery.gallery-columns-2 .gallery-item,.elementor-image-gallery .gallery.gallery-columns-3 .gallery-item,.elementor-image-gallery .gallery.gallery-columns-4 .gallery-item,.elementor-image-gallery .gallery.gallery-columns-5 .gallery-item,.elementor-image-gallery .gallery.gallery-columns-6 .gallery-item,.elementor-image-gallery .gallery.gallery-columns-7 .gallery-item,.elementor-image-gallery .gallery.gallery-columns-8 .gallery-item,.elementor-image-gallery .gallery.gallery-columns-9 .gallery-item,.elementor-image-gallery .gallery.gallery-columns-10 .gallery-item{max-width:50%}}@media (max-width:479px){.elementor-image-gallery .gallery.gallery-columns-2 .gallery-item,.elementor-image-gallery .gallery.gallery-columns-3 .gallery-item,.elementor-image-gallery .gallery.gallery-columns-4 .gallery-item,.elementor-image-gallery .gallery.gallery-columns-5 .gallery-item,.elementor-image-gallery .gallery.gallery-columns-6 .gallery-item,.elementor-image-gallery .gallery.gallery-columns-7 .gallery-item,.elementor-image-gallery .gallery.gallery-columns-8 .gallery-item,.elementor-image-gallery .gallery.gallery-columns-9 .gallery-item,.elementor-image-gallery .gallery.gallery-columns-10 .gallery-item{max-width:100%}}<\/style>\t\t<div class=\"elementor-image-gallery\">\n\t\t\t<div id='gallery-1' class='gallery galleryid-24140 gallery-columns-3 gallery-size-full'><figure class='gallery-item'>\n\t\t\t<div class='gallery-icon landscape'>\n\t\t\t\t<a data-elementor-open-lightbox=\"yes\" data-elementor-lightbox-slideshow=\"31f9e8c\" data-elementor-lightbox-title=\"Balkon Cam Korkuluk Modelleri\" data-elementor-lightbox-description=\"Balkon Cam Korkuluk Modelleri\" data-e-action-hash=\"#elementor-action%3Aaction%3Dlightbox%26settings%3DeyJpZCI6MzA4NTksInVybCI6Imh0dHBzOlwvXC9hc3R1bmFtZXRhbC5jb21cL3dwLWNvbnRlbnRcL3VwbG9hZHNcLzIwMjRcLzAyXC9CYWxrb24tQ2FtLUtvcmt1bHVrLU1vZGVsbGVyaS5qcGciLCJzbGlkZXNob3ciOiIzMWY5ZThjIn0%3D\" href='https:\/\/astunametal.com\/wp-content\/uploads\/2024\/02\/Balkon-Cam-Korkuluk-Modelleri.jpg'><img loading=\"lazy\" decoding=\"async\" width=\"750\" height=\"500\" src=\"https:\/\/astunametal.com\/wp-content\/uploads\/2024\/02\/Balkon-Cam-Korkuluk-Modelleri.jpg\" class=\"attachment-full size-full\" alt=\"Balkon Cam Korkuluk Modelleri\" aria-describedby=\"gallery-1-30859\" srcset=\"https:\/\/astunametal.com\/wp-content\/uploads\/2024\/02\/Balkon-Cam-Korkuluk-Modelleri.jpg 750w, https:\/\/astunametal.com\/wp-content\/uploads\/2024\/02\/Balkon-Cam-Korkuluk-Modelleri-300x200.jpg 300w\" sizes=\"(max-width: 750px) 100vw, 750px\" \/><\/a>\n\t\t\t<\/div>\n\t\t\t\t<figcaption class='wp-caption-text gallery-caption' id='gallery-1-30859'>\n\t\t\t\tBalkon Cam Korkuluk Modelleri\n\t\t\t\t<\/figcaption><\/figure><figure class='gallery-item'>\n\t\t\t<div class='gallery-icon landscape'>\n\t\t\t\t<a data-elementor-open-lightbox=\"yes\" data-elementor-lightbox-slideshow=\"31f9e8c\" data-elementor-lightbox-title=\"Cam Korkuluk Fiyatlar\u0131\" data-elementor-lightbox-description=\"Cam Korkuluk Fiyatlar\u0131\" data-e-action-hash=\"#elementor-action%3Aaction%3Dlightbox%26settings%3DeyJpZCI6MzA4NjcsInVybCI6Imh0dHBzOlwvXC9hc3R1bmFtZXRhbC5jb21cL3dwLWNvbnRlbnRcL3VwbG9hZHNcLzIwMjRcLzAyXC9DYW0tS29ya3VsdWstRml5YXRsYXJpLmpwZyIsInNsaWRlc2hvdyI6IjMxZjllOGMifQ%3D%3D\" href='https:\/\/astunametal.com\/wp-content\/uploads\/2024\/02\/Cam-Korkuluk-Fiyatlari.jpg'><img loading=\"lazy\" decoding=\"async\" width=\"750\" height=\"500\" src=\"https:\/\/astunametal.com\/wp-content\/uploads\/2024\/02\/Cam-Korkuluk-Fiyatlari.jpg\" class=\"attachment-full size-full\" alt=\"Cam Korkuluk Fiyatlar\u0131\" aria-describedby=\"gallery-1-30867\" srcset=\"https:\/\/astunametal.com\/wp-content\/uploads\/2024\/02\/Cam-Korkuluk-Fiyatlari.jpg 750w, https:\/\/astunametal.com\/wp-content\/uploads\/2024\/02\/Cam-Korkuluk-Fiyatlari-300x200.jpg 300w\" sizes=\"(max-width: 750px) 100vw, 750px\" \/><\/a>\n\t\t\t<\/div>\n\t\t\t\t<figcaption class='wp-caption-text gallery-caption' id='gallery-1-30867'>\n\t\t\t\tCam Korkuluk Fiyatlar\u0131\n\t\t\t\t<\/figcaption><\/figure><figure class='gallery-item'>\n\t\t\t<div class='gallery-icon landscape'>\n\t\t\t\t<a data-elementor-open-lightbox=\"yes\" data-elementor-lightbox-slideshow=\"31f9e8c\" data-elementor-lightbox-title=\"Merdiven Cam Korkuluk\" data-elementor-lightbox-description=\"Merdiven Cam Korkuluk\" data-e-action-hash=\"#elementor-action%3Aaction%3Dlightbox%26settings%3DeyJpZCI6MzA4NzUsInVybCI6Imh0dHBzOlwvXC9hc3R1bmFtZXRhbC5jb21cL3dwLWNvbnRlbnRcL3VwbG9hZHNcLzIwMjRcLzAyXC9NZXJkaXZlbi1DYW0tS29ya3VsdWsuanBnIiwic2xpZGVzaG93IjoiMzFmOWU4YyJ9\" href='https:\/\/astunametal.com\/wp-content\/uploads\/2024\/02\/Merdiven-Cam-Korkuluk.jpg'><img loading=\"lazy\" decoding=\"async\" width=\"750\" height=\"500\" src=\"https:\/\/astunametal.com\/wp-content\/uploads\/2024\/02\/Merdiven-Cam-Korkuluk.jpg\" class=\"attachment-full size-full\" alt=\"Merdiven Cam Korkuluk\" aria-describedby=\"gallery-1-30875\" srcset=\"https:\/\/astunametal.com\/wp-content\/uploads\/2024\/02\/Merdiven-Cam-Korkuluk.jpg 750w, https:\/\/astunametal.com\/wp-content\/uploads\/2024\/02\/Merdiven-Cam-Korkuluk-300x200.jpg 300w\" sizes=\"(max-width: 750px) 100vw, 750px\" \/><\/a>\n\t\t\t<\/div>\n\t\t\t\t<figcaption class='wp-caption-text gallery-caption' id='gallery-1-30875'>\n\t\t\t\tMerdiven Cam Korkuluk\n\t\t\t\t<\/figcaption><\/figure><figure class='gallery-item'>\n\t\t\t<div class='gallery-icon landscape'>\n\t\t\t\t<a data-elementor-open-lightbox=\"yes\" data-elementor-lightbox-slideshow=\"31f9e8c\" data-elementor-lightbox-title=\"Modern Cam Korkuluk\" data-elementor-lightbox-description=\"Modern Cam Korkuluk\" data-e-action-hash=\"#elementor-action%3Aaction%3Dlightbox%26settings%3DeyJpZCI6MzA4NzksInVybCI6Imh0dHBzOlwvXC9hc3R1bmFtZXRhbC5jb21cL3dwLWNvbnRlbnRcL3VwbG9hZHNcLzIwMjRcLzAyXC9Nb2Rlcm4tQ2FtLUtvcmt1bHVrLmpwZyIsInNsaWRlc2hvdyI6IjMxZjllOGMifQ%3D%3D\" href='https:\/\/astunametal.com\/wp-content\/uploads\/2024\/02\/Modern-Cam-Korkuluk.jpg'><img loading=\"lazy\" decoding=\"async\" width=\"750\" height=\"500\" src=\"https:\/\/astunametal.com\/wp-content\/uploads\/2024\/02\/Modern-Cam-Korkuluk.jpg\" class=\"attachment-full size-full\" alt=\"Modern Cam Korkuluk\" aria-describedby=\"gallery-1-30879\" srcset=\"https:\/\/astunametal.com\/wp-content\/uploads\/2024\/02\/Modern-Cam-Korkuluk.jpg 750w, https:\/\/astunametal.com\/wp-content\/uploads\/2024\/02\/Modern-Cam-Korkuluk-300x200.jpg 300w\" sizes=\"(max-width: 750px) 100vw, 750px\" \/><\/a>\n\t\t\t<\/div>\n\t\t\t\t<figcaption class='wp-caption-text gallery-caption' id='gallery-1-30879'>\n\t\t\t\tModern Cam Korkuluk\n\t\t\t\t<\/figcaption><\/figure><figure class='gallery-item'>\n\t\t\t<div class='gallery-icon landscape'>\n\t\t\t\t<a data-elementor-open-lightbox=\"yes\" data-elementor-lightbox-slideshow=\"31f9e8c\" data-elementor-lightbox-title=\"Estetik Cam Korkuluk Modelleri\" data-elementor-lightbox-description=\"Estetik Cam Korkuluk Modelleri\" data-e-action-hash=\"#elementor-action%3Aaction%3Dlightbox%26settings%3DeyJpZCI6MzA4NzEsInVybCI6Imh0dHBzOlwvXC9hc3R1bmFtZXRhbC5jb21cL3dwLWNvbnRlbnRcL3VwbG9hZHNcLzIwMjRcLzAyXC9Fc3RldGlsLUNhbS1Lb3JrdWx1ay1Nb2RlbGxlcmkuanBnIiwic2xpZGVzaG93IjoiMzFmOWU4YyJ9\" href='https:\/\/astunametal.com\/wp-content\/uploads\/2024\/02\/Estetil-Cam-Korkuluk-Modelleri.jpg'><img loading=\"lazy\" decoding=\"async\" width=\"750\" height=\"500\" src=\"https:\/\/astunametal.com\/wp-content\/uploads\/2024\/02\/Estetil-Cam-Korkuluk-Modelleri.jpg\" class=\"attachment-full size-full\" alt=\"Estetik Cam Korkuluk Modelleri\" aria-describedby=\"gallery-1-30871\" srcset=\"https:\/\/astunametal.com\/wp-content\/uploads\/2024\/02\/Estetil-Cam-Korkuluk-Modelleri.jpg 750w, https:\/\/astunametal.com\/wp-content\/uploads\/2024\/02\/Estetil-Cam-Korkuluk-Modelleri-300x200.jpg 300w\" sizes=\"(max-width: 750px) 100vw, 750px\" \/><\/a>\n\t\t\t<\/div>\n\t\t\t\t<figcaption class='wp-caption-text gallery-caption' id='gallery-1-30871'>\n\t\t\t\tEstetik Cam Korkuluk Modelleri\n\t\t\t\t<\/figcaption><\/figure><figure class='gallery-item'>\n\t\t\t<div class='gallery-icon landscape'>\n\t\t\t\t<a data-elementor-open-lightbox=\"yes\" data-elementor-lightbox-slideshow=\"31f9e8c\" data-elementor-lightbox-title=\"Balkon Cam Korkuluk\" data-elementor-lightbox-description=\"Balkon Cam Korkuluk\" data-e-action-hash=\"#elementor-action%3Aaction%3Dlightbox%26settings%3DeyJpZCI6MzA4NjMsInVybCI6Imh0dHBzOlwvXC9hc3R1bmFtZXRhbC5jb21cL3dwLWNvbnRlbnRcL3VwbG9hZHNcLzIwMjRcLzAyXC9CYWxrb24tQ2FtLUtvcmt1bHVrLmpwZyIsInNsaWRlc2hvdyI6IjMxZjllOGMifQ%3D%3D\" href='https:\/\/astunametal.com\/wp-content\/uploads\/2024\/02\/Balkon-Cam-Korkuluk.jpg'><img loading=\"lazy\" decoding=\"async\" width=\"750\" height=\"500\" src=\"https:\/\/astunametal.com\/wp-content\/uploads\/2024\/02\/Balkon-Cam-Korkuluk.jpg\" class=\"attachment-full size-full\" alt=\"Balkon Cam Korkuluk\" aria-describedby=\"gallery-1-30863\" srcset=\"https:\/\/astunametal.com\/wp-content\/uploads\/2024\/02\/Balkon-Cam-Korkuluk.jpg 750w, https:\/\/astunametal.com\/wp-content\/uploads\/2024\/02\/Balkon-Cam-Korkuluk-300x200.jpg 300w\" sizes=\"(max-width: 750px) 100vw, 750px\" \/><\/a>\n\t\t\t<\/div>\n\t\t\t\t<figcaption class='wp-caption-text gallery-caption' id='gallery-1-30863'>\n\t\t\t\tBalkon Cam Korkuluk\n\t\t\t\t<\/figcaption><\/figure>\n\t\t<\/div>\n\t\t<\/div>\n\t\t\t\t<\/div>\n\t\t\t\t<\/div>\n\t\t\t\t\t<\/div>\n\t\t<\/div>\n\t\t\t\t\t\t\t<\/div>\n\t\t<\/section>\n\t\t<div class=\"elementor-element elementor-element-59d6c901 e-flex e-con-boxed e-con e-parent\" data-id=\"59d6c901\" data-element_type=\"container\" data-settings=\"{&quot;content_width&quot;:&quot;boxed&quot;}\" data-core-v316-plus=\"true\">\n\t\t\t\t\t<div class=\"e-con-inner\">\n\t\t<div class=\"elementor-element elementor-element-37d29754 e-con-full e-flex e-con e-child\" data-id=\"37d29754\" data-element_type=\"container\" data-settings=\"{&quot;content_width&quot;:&quot;full&quot;}\">\n\t\t\t\t<div class=\"elementor-element elementor-element-7d28bfc elementor-widget elementor-widget-heading\" data-id=\"7d28bfc\" data-element_type=\"widget\" data-settings=\"{&quot;_animation&quot;:&quot;none&quot;}\" data-widget_type=\"heading.default\">\n\t\t\t\t<div class=\"elementor-widget-container\">\n\t\t\t<h2 class=\"elementor-heading-title elementor-size-default\">CAM KORKULUK F\u0130YATLARI<\/h2>\t\t<\/div>\n\t\t\t\t<\/div>\n\t\t\t\t<div class=\"elementor-element elementor-element-ebb506b elementor-widget elementor-widget-text-editor\" data-id=\"ebb506b\" data-element_type=\"widget\" data-widget_type=\"text-editor.default\">\n\t\t\t\t<div class=\"elementor-widget-container\">\n\t\t\t\t\t\t\t<p>Cam korkuluk fiyatlar\u0131 \u00fcr\u00fcn\u00fcn hangi malzemeden yap\u0131ld\u0131\u011f\u0131ndan, \u00f6l\u00e7\u00fclerine kadar de\u011fi\u015fkenlik g\u00f6stermektedir. Bu y\u00fczden cam korkuluk ile ilgili fiyatlar\u0131 \u00f6\u011frenmek i\u00e7in l\u00fctfen bizimle ileti\u015fime ge\u00e7iniz. <strong><span style=\"color: #0000ff;\"><a style=\"color: #0000ff;\" href=\"\/tr\/iletisim\/\">\u0130leti\u015fime ge\u00e7mek i\u00e7in t\u0131klay\u0131n\u0131z.<\/a><\/span><\/strong><\/p>\t\t\t\t\t\t<\/div>\n\t\t\t\t<\/div>\n\t\t\t\t<div class=\"elementor-element elementor-element-4422423c elementor-widget elementor-widget-heading\" data-id=\"4422423c\" data-element_type=\"widget\" data-settings=\"{&quot;_animation&quot;:&quot;none&quot;}\" data-widget_type=\"heading.default\">\n\t\t\t\t<div class=\"elementor-widget-container\">\n\t\t\t<h2 class=\"elementor-heading-title elementor-size-default\">CAM KORKULUK AVANTAJI NED\u0130R?<\/h2>\t\t<\/div>\n\t\t\t\t<\/div>\n\t\t\t\t<div class=\"elementor-element elementor-element-62ce8d90 elementor-widget elementor-widget-text-editor\" data-id=\"62ce8d90\" data-element_type=\"widget\" data-widget_type=\"text-editor.default\">\n\t\t\t\t<div class=\"elementor-widget-container\">\n\t\t\t\t\t\t\t<p>Cam korkuluklar bir\u00e7ok avantaj sunarak modern tasar\u0131mlarda tercih edilmesine katk\u0131 sa\u011flamakta ve estetik \u00e7ekicilik sa\u011flamaktad\u0131r. \u0130\u015fte cam korkuluklar\u0131n baz\u0131 avantajlar\u0131:<\/p><ol><li><strong>\u015eeffafl\u0131k ve Estetik G\u00f6r\u00fcn\u00fcm:<\/strong> Cam korkuluklar \u015feffaf veya yar\u0131 \u015feffaf yap\u0131lar\u0131yla modern bir g\u00f6r\u00fcn\u00fcm sa\u011flayarak mekanlara ferahl\u0131k ve a\u00e7\u0131kl\u0131k hissi katar. Mimari projelere estetik \u00e7ekicilik katarlar.<\/li><li><strong>I\u015f\u0131k Ge\u00e7irgenli\u011fi:<\/strong> Cam, do\u011fal \u0131\u015f\u0131\u011f\u0131n i\u00e7 mekan\u0131 etkilemeden ge\u00e7mesine izin verir. Bu sayede daha ayd\u0131nl\u0131k ve canl\u0131 i\u00e7 mekanlar elde edilir.<\/li><li><strong>Dayan\u0131kl\u0131l\u0131k:<\/strong> Temperli cam malzemenin kullan\u0131lmas\u0131 sa\u011flam ve dayan\u0131kl\u0131 bir yap\u0131 sa\u011flar. Cam korkuluklar\u0131n d\u0131\u015f etkenlere kar\u015f\u0131 dayan\u0131kl\u0131 olmas\u0131 uzun \u00f6m\u00fcrl\u00fc olmas\u0131n\u0131 sa\u011flar.<\/li><li><strong>Kolay Bak\u0131m:<\/strong> Cam y\u00fczeyin d\u00fczenli temizlikle bak\u0131m\u0131 kolayd\u0131r. Rengini korur, paslanmaz, korozyona kar\u015f\u0131 dayan\u0131kl\u0131d\u0131r.<\/li><li><strong>\u00c7e\u015fitli Tasar\u0131m Se\u00e7enekleri:<\/strong> Cam korkuluklar \u015feffaf, buzlu veya desenli cam panelleriyle farkl\u0131 tarz ve tercihlere uyum sa\u011flayan farkl\u0131 tasar\u0131m se\u00e7enekleri sunar.<\/li><li><strong>Uyum ve B\u00fct\u00fcnle\u015fme:<\/strong> Cam korkuluklar \u00e7e\u015fitli i\u00e7 ve d\u0131\u015f tasar\u0131mlara kolayl\u0131kla entegre edilebilir. Farkl\u0131 mimari tarzlara iyi uyum sa\u011flarlar.<\/li><li><strong>G\u00fcvenlik:<\/strong> Y\u00fcksek kaliteli temperli camdan \u00fcretilen korkuluklar g\u00fcvenlik standartlar\u0131na uygun olarak tasarlanm\u0131\u015ft\u0131r. K\u0131r\u0131lma durumunda temperli cam k\u00fc\u00e7\u00fck, keskin olmayan par\u00e7alara ayr\u0131larak yaralanma riskini azalt\u0131r.<\/li><li><strong>\u00c7evre Dostu:<\/strong> Cam, geri d\u00f6n\u00fc\u015ft\u00fcr\u00fclebilir bir malzeme oldu\u011fundan cam korkuluklar\u0131 \u00e7evre dostu bir se\u00e7enek haline getirir.<\/li><\/ol><p>Cam korkuluklar \u015f\u0131kl\u0131k, \u0131\u015f\u0131k ge\u00e7irgenli\u011fi, dayan\u0131kl\u0131l\u0131k gibi avantajlar\u0131yla bir g\u00fcvenlik \u00e7\u00f6z\u00fcm\u00fc olarak \u00f6ne \u00e7\u0131k\u0131yor.<\/p>\t\t\t\t\t\t<\/div>\n\t\t\t\t<\/div>\n\t\t\t\t<\/div>\n\t\t\t\t\t<\/div>\n\t\t\t\t<\/div>\n\t\t\t\t\t\t\t<\/div>\n\t\t","protected":false},"excerpt":{"rendered":"<p>CAM KORKULUK ANASAYFA CAM KORKULUK cam korkuluk modelleri CAM KORKULUK Cam korkuluklar, balkon, teras, merdiven ve di\u011fer a\u00e7\u0131k alanlarda g\u00fcvenli\u011fi sa\u011flamak amac\u0131yla yayg\u0131n olarak kullan\u0131lan, \u015feffaf veya yar\u0131 \u015feffaf cam panellerden olu\u015fan emniyet korkuluk sistemidir. Bu korkuluklar modern mimari tasar\u0131mlarda \u015feffafl\u0131k ve estetik bir g\u00f6r\u00fcn\u00fcm kazand\u0131rmas\u0131 nedeniyle tercih edilmektedir. Cam korkuluklar modern ve \u015f\u0131k bir &#8230; <a title=\"Cam Korkuluk Modelleri ve Fiyatlar\u0131\" class=\"read-more\" href=\"https:\/\/astunametal.com\/tr\/cam-korkuluk\/\" aria-label=\"More on Cam Korkuluk Modelleri ve Fiyatlar\u0131\">Devam\u0131n\u0131 oku<\/a><\/p>\n","protected":false},"author":1,"featured_media":0,"parent":0,"menu_order":0,"comment_status":"closed","ping_status":"closed","template":"elementor_header_footer","meta":{"footnotes":""},"_links":{"self":[{"href":"https:\/\/astunametal.com\/tr\/wp-json\/wp\/v2\/pages\/24140"}],"collection":[{"href":"https:\/\/astunametal.com\/tr\/wp-json\/wp\/v2\/pages"}],"about":[{"href":"https:\/\/astunametal.com\/tr\/wp-json\/wp\/v2\/types\/page"}],"author":[{"embeddable":true,"href":"https:\/\/astunametal.com\/tr\/wp-json\/wp\/v2\/users\/1"}],"replies":[{"embeddable":true,"href":"https:\/\/astunametal.com\/tr\/wp-json\/wp\/v2\/comments?post=24140"}],"version-history":[{"count":27,"href":"https:\/\/astunametal.com\/tr\/wp-json\/wp\/v2\/pages\/24140\/revisions"}],"predecessor-version":[{"id":31021,"href":"https:\/\/astunametal.com\/tr\/wp-json\/wp\/v2\/pages\/24140\/revisions\/31021"}],"wp:attachment":[{"href":"https:\/\/astunametal.com\/tr\/wp-json\/wp\/v2\/media?parent=24140"}],"curies":[{"name":"wp","href":"https:\/\/api.w.org\/{rel}","templated":true}]}}