{"id":24139,"date":"2023-12-30T10:22:44","date_gmt":"2023-12-30T10:22:44","guid":{"rendered":"https:\/\/astunametal.com\/balcony-railing-manufacturer\/"},"modified":"2024-02-19T08:40:23","modified_gmt":"2024-02-19T08:40:23","slug":"balkon-korkuluk","status":"publish","type":"page","link":"https:\/\/astunametal.com\/tr\/balkon-korkuluk\/","title":{"rendered":"Balkon Korkuluk Modelleri ve Fiyatlar\u0131"},"content":{"rendered":"\t\t<div data-elementor-type=\"wp-page\" data-elementor-id=\"24139\" class=\"elementor elementor-24139\">\n\t\t\t\t\t\t\t\t\t<section class=\"elementor-section elementor-top-section elementor-element elementor-element-454daa54 elementor-section-boxed elementor-section-height-default elementor-section-height-default\" data-id=\"454daa54\" data-element_type=\"section\" data-settings=\"{&quot;background_background&quot;:&quot;gradient&quot;}\">\n\t\t\t\t\t\t\t<div class=\"elementor-background-overlay\"><\/div>\n\t\t\t\t\t\t\t<div class=\"elementor-container elementor-column-gap-default\">\n\t\t\t\t\t<div class=\"elementor-column elementor-col-100 elementor-top-column elementor-element elementor-element-4e7d928d\" data-id=\"4e7d928d\" data-element_type=\"column\">\n\t\t\t<div class=\"elementor-widget-wrap elementor-element-populated\">\n\t\t\t\t\t\t\t\t<div class=\"elementor-element elementor-element-361eac8f elementor-widget elementor-widget-heading\" data-id=\"361eac8f\" data-element_type=\"widget\" data-widget_type=\"heading.default\">\n\t\t\t\t<div class=\"elementor-widget-container\">\n\t\t\t<style>\/*! elementor - v3.16.0 - 17-10-2023 *\/\n.elementor-heading-title{padding:0;margin:0;line-height:1}.elementor-widget-heading .elementor-heading-title[class*=elementor-size-]>a{color:inherit;font-size:inherit;line-height:inherit}.elementor-widget-heading .elementor-heading-title.elementor-size-small{font-size:15px}.elementor-widget-heading .elementor-heading-title.elementor-size-medium{font-size:19px}.elementor-widget-heading .elementor-heading-title.elementor-size-large{font-size:29px}.elementor-widget-heading .elementor-heading-title.elementor-size-xl{font-size:39px}.elementor-widget-heading .elementor-heading-title.elementor-size-xxl{font-size:59px}<\/style><h1 class=\"elementor-heading-title elementor-size-default\">BALKON KORKULUK<\/h1>\t\t<\/div>\n\t\t\t\t<\/div>\n\t\t\t\t<div class=\"elementor-element elementor-element-542e081 elementor-icon-list--layout-inline elementor-align-left elementor-mobile-align-center elementor-widget-mobile__width-initial elementor-tablet-align-left elementor-widget-tablet__width-initial elementor-list-item-link-full_width elementor-widget elementor-widget-icon-list\" data-id=\"542e081\" data-element_type=\"widget\" data-widget_type=\"icon-list.default\">\n\t\t\t\t<div class=\"elementor-widget-container\">\n\t\t\t<link rel=\"stylesheet\" href=\"https:\/\/astunametal.com\/wp-content\/plugins\/elementor\/assets\/css\/widget-icon-list.min.css\">\t\t<ul class=\"elementor-icon-list-items elementor-inline-items\">\n\t\t\t\t\t\t\t<li class=\"elementor-icon-list-item elementor-inline-item\">\n\t\t\t\t\t\t\t\t\t\t\t<a href=\"\/\">\n\n\t\t\t\t\t\t\t\t\t\t\t<span class=\"elementor-icon-list-text\">ANASAYFA<\/span>\n\t\t\t\t\t\t\t\t\t\t\t<\/a>\n\t\t\t\t\t\t\t\t\t<\/li>\n\t\t\t\t\t\t\t\t<li class=\"elementor-icon-list-item elementor-inline-item\">\n\t\t\t\t\t\t\t\t\t\t\t<span class=\"elementor-icon-list-icon\">\n\t\t\t\t\t\t\t<i aria-hidden=\"true\" class=\"jki jki-right-arrow-8\"><\/i>\t\t\t\t\t\t<\/span>\n\t\t\t\t\t\t\t\t\t\t<span class=\"elementor-icon-list-text\">BALKON KORKULUK<\/span>\n\t\t\t\t\t\t\t\t\t<\/li>\n\t\t\t\t\t\t<\/ul>\n\t\t\t\t<\/div>\n\t\t\t\t<\/div>\n\t\t\t\t\t<\/div>\n\t\t<\/div>\n\t\t\t\t\t\t\t<\/div>\n\t\t<\/section>\n\t\t\t\t<section class=\"elementor-section elementor-top-section elementor-element elementor-element-b04e5d1 elementor-section-boxed elementor-section-height-default elementor-section-height-default\" data-id=\"b04e5d1\" data-element_type=\"section\">\n\t\t\t\t\t\t<div class=\"elementor-container elementor-column-gap-default\">\n\t\t\t\t\t<div class=\"elementor-column elementor-col-50 elementor-top-column elementor-element elementor-element-1b74fc8\" data-id=\"1b74fc8\" data-element_type=\"column\">\n\t\t\t<div class=\"elementor-widget-wrap elementor-element-populated\">\n\t\t\t\t\t\t\t\t<div class=\"elementor-element elementor-element-cb7596c elementor-widget elementor-widget-image\" data-id=\"cb7596c\" data-element_type=\"widget\" data-widget_type=\"image.default\">\n\t\t\t\t<div class=\"elementor-widget-container\">\n\t\t\t<style>\/*! elementor - v3.16.0 - 17-10-2023 *\/\n.elementor-widget-image{text-align:center}.elementor-widget-image a{display:inline-block}.elementor-widget-image a img[src$=\".svg\"]{width:48px}.elementor-widget-image img{vertical-align:middle;display:inline-block}<\/style>\t\t\t\t\t\t\t\t\t<figure class=\"wp-caption\">\n\t\t\t\t\t\t\t\t\t\t<img loading=\"lazy\" decoding=\"async\" width=\"640\" height=\"427\" src=\"https:\/\/astunametal.com\/wp-content\/uploads\/2024\/02\/balkon-korkuluk-modelleri.jpg\" class=\"attachment-full size-full wp-image-30509\" alt=\"balkon korkuluk modelleri\" srcset=\"https:\/\/astunametal.com\/wp-content\/uploads\/2024\/02\/balkon-korkuluk-modelleri.jpg 640w, https:\/\/astunametal.com\/wp-content\/uploads\/2024\/02\/balkon-korkuluk-modelleri-300x200.jpg 300w\" sizes=\"(max-width: 640px) 100vw, 640px\" \/>\t\t\t\t\t\t\t\t\t\t\t<figcaption class=\"widget-image-caption wp-caption-text\">balkon korkuluk modelleri<\/figcaption>\n\t\t\t\t\t\t\t\t\t\t<\/figure>\n\t\t\t\t\t\t\t\t\t<\/div>\n\t\t\t\t<\/div>\n\t\t\t\t\t<\/div>\n\t\t<\/div>\n\t\t\t\t<div class=\"elementor-column elementor-col-50 elementor-top-column elementor-element elementor-element-227f43e\" data-id=\"227f43e\" data-element_type=\"column\">\n\t\t\t<div class=\"elementor-widget-wrap elementor-element-populated\">\n\t\t\t\t\t\t\t\t<div class=\"elementor-element elementor-element-9a8e00e elementor-widget elementor-widget-heading\" data-id=\"9a8e00e\" data-element_type=\"widget\" data-settings=\"{&quot;_animation&quot;:&quot;none&quot;}\" data-widget_type=\"heading.default\">\n\t\t\t\t<div class=\"elementor-widget-container\">\n\t\t\t<h2 class=\"elementor-heading-title elementor-size-default\">BALKON KORKULUK<\/h2>\t\t<\/div>\n\t\t\t\t<\/div>\n\t\t\t\t<div class=\"elementor-element elementor-element-ca2ee8e elementor-widget elementor-widget-text-editor\" data-id=\"ca2ee8e\" data-element_type=\"widget\" data-widget_type=\"text-editor.default\">\n\t\t\t\t<div class=\"elementor-widget-container\">\n\t\t\t<style>\/*! elementor - v3.16.0 - 17-10-2023 *\/\n.elementor-widget-text-editor.elementor-drop-cap-view-stacked .elementor-drop-cap{background-color:#69727d;color:#fff}.elementor-widget-text-editor.elementor-drop-cap-view-framed .elementor-drop-cap{color:#69727d;border:3px solid;background-color:transparent}.elementor-widget-text-editor:not(.elementor-drop-cap-view-default) .elementor-drop-cap{margin-top:8px}.elementor-widget-text-editor:not(.elementor-drop-cap-view-default) .elementor-drop-cap-letter{width:1em;height:1em}.elementor-widget-text-editor .elementor-drop-cap{float:left;text-align:center;line-height:1;font-size:50px}.elementor-widget-text-editor .elementor-drop-cap-letter{display:inline-block}<\/style>\t\t\t\t<p>Balkon korkulu\u011fu, balkon kenarlar\u0131na monte edilen ve kullan\u0131c\u0131lara balkon alan\u0131n\u0131 kullanma konusunda g\u00fcvenli bir ortam sa\u011flayan bir g\u00fcvenlik eleman\u0131d\u0131r. Balkon korkuluklar\u0131 genellikle ah\u015fap, metal, cam gibi malzemelerden veya kompozit malzemelerden yap\u0131l\u0131r. Bu korkuluklar hem estetik g\u00f6r\u00fcn\u00fcm\u00fc artt\u0131rmak hem de d\u00fc\u015fmeleri \u00f6nlemek gibi ikili bir amaca hizmet etmektedir.<\/p>\t\t\t\t\t\t<\/div>\n\t\t\t\t<\/div>\n\t\t\t\t\t<\/div>\n\t\t<\/div>\n\t\t\t\t\t\t\t<\/div>\n\t\t<\/section>\n\t\t\t\t<section class=\"elementor-section elementor-top-section elementor-element elementor-element-8637a55 elementor-section-boxed elementor-section-height-default elementor-section-height-default\" data-id=\"8637a55\" data-element_type=\"section\">\n\t\t\t\t\t\t<div class=\"elementor-container elementor-column-gap-default\">\n\t\t\t\t\t<div class=\"elementor-column elementor-col-100 elementor-top-column elementor-element elementor-element-eea08b1\" data-id=\"eea08b1\" data-element_type=\"column\">\n\t\t\t<div class=\"elementor-widget-wrap elementor-element-populated\">\n\t\t\t\t\t\t\t\t<div class=\"elementor-element elementor-element-4866c04 elementor-widget elementor-widget-heading\" data-id=\"4866c04\" data-element_type=\"widget\" data-settings=\"{&quot;_animation&quot;:&quot;none&quot;}\" data-widget_type=\"heading.default\">\n\t\t\t\t<div class=\"elementor-widget-container\">\n\t\t\t<h2 class=\"elementor-heading-title elementor-size-default\">BALKON KORKULUK MODELLER\u0130<\/h2>\t\t<\/div>\n\t\t\t\t<\/div>\n\t\t\t\t<div class=\"elementor-element elementor-element-420a27c elementor-widget elementor-widget-image-gallery\" data-id=\"420a27c\" data-element_type=\"widget\" data-widget_type=\"image-gallery.default\">\n\t\t\t\t<div class=\"elementor-widget-container\">\n\t\t\t<style>\/*! elementor - v3.16.0 - 17-10-2023 *\/\n.elementor-image-gallery .gallery-item{display:inline-block;text-align:center;vertical-align:top;width:100%;max-width:100%;margin:0 auto}.elementor-image-gallery .gallery-item img{margin:0 auto}.elementor-image-gallery .gallery-item .gallery-caption{margin:0}.elementor-image-gallery figure img{display:block}.elementor-image-gallery figure figcaption{width:100%}.gallery-spacing-custom .elementor-image-gallery .gallery-icon{padding:0}@media (min-width:768px){.elementor-image-gallery .gallery-columns-2 .gallery-item{max-width:50%}.elementor-image-gallery .gallery-columns-3 .gallery-item{max-width:33.33%}.elementor-image-gallery .gallery-columns-4 .gallery-item{max-width:25%}.elementor-image-gallery .gallery-columns-5 .gallery-item{max-width:20%}.elementor-image-gallery .gallery-columns-6 .gallery-item{max-width:16.666%}.elementor-image-gallery .gallery-columns-7 .gallery-item{max-width:14.28%}.elementor-image-gallery .gallery-columns-8 .gallery-item{max-width:12.5%}.elementor-image-gallery .gallery-columns-9 .gallery-item{max-width:11.11%}.elementor-image-gallery .gallery-columns-10 .gallery-item{max-width:10%}}@media (min-width:480px) and (max-width:767px){.elementor-image-gallery .gallery.gallery-columns-2 .gallery-item,.elementor-image-gallery .gallery.gallery-columns-3 .gallery-item,.elementor-image-gallery .gallery.gallery-columns-4 .gallery-item,.elementor-image-gallery .gallery.gallery-columns-5 .gallery-item,.elementor-image-gallery .gallery.gallery-columns-6 .gallery-item,.elementor-image-gallery .gallery.gallery-columns-7 .gallery-item,.elementor-image-gallery .gallery.gallery-columns-8 .gallery-item,.elementor-image-gallery .gallery.gallery-columns-9 .gallery-item,.elementor-image-gallery .gallery.gallery-columns-10 .gallery-item{max-width:50%}}@media (max-width:479px){.elementor-image-gallery .gallery.gallery-columns-2 .gallery-item,.elementor-image-gallery .gallery.gallery-columns-3 .gallery-item,.elementor-image-gallery .gallery.gallery-columns-4 .gallery-item,.elementor-image-gallery .gallery.gallery-columns-5 .gallery-item,.elementor-image-gallery .gallery.gallery-columns-6 .gallery-item,.elementor-image-gallery .gallery.gallery-columns-7 .gallery-item,.elementor-image-gallery .gallery.gallery-columns-8 .gallery-item,.elementor-image-gallery .gallery.gallery-columns-9 .gallery-item,.elementor-image-gallery .gallery.gallery-columns-10 .gallery-item{max-width:100%}}<\/style>\t\t<div class=\"elementor-image-gallery\">\n\t\t\t<div id='gallery-1' class='gallery galleryid-24139 gallery-columns-3 gallery-size-full'><figure class='gallery-item'>\n\t\t\t<div class='gallery-icon landscape'>\n\t\t\t\t<a data-elementor-open-lightbox=\"yes\" data-elementor-lightbox-slideshow=\"420a27c\" data-elementor-lightbox-title=\"Kare Cam Balkon Korkuluk\" data-elementor-lightbox-description=\"Kare Cam Balkon Korkuluk\" data-e-action-hash=\"#elementor-action%3Aaction%3Dlightbox%26settings%3DeyJpZCI6MzA5MjYsInVybCI6Imh0dHBzOlwvXC9hc3R1bmFtZXRhbC5jb21cL3dwLWNvbnRlbnRcL3VwbG9hZHNcLzIwMjRcLzAyXC9LYXJlLUNhbS1CYWxrb24tS29ya3VsdWsuanBnIiwic2xpZGVzaG93IjoiNDIwYTI3YyJ9\" href='https:\/\/astunametal.com\/wp-content\/uploads\/2024\/02\/Kare-Cam-Balkon-Korkuluk.jpg'><img loading=\"lazy\" decoding=\"async\" width=\"750\" height=\"500\" src=\"https:\/\/astunametal.com\/wp-content\/uploads\/2024\/02\/Kare-Cam-Balkon-Korkuluk.jpg\" class=\"attachment-full size-full\" alt=\"Kare Cam Balkon Korkuluk\" aria-describedby=\"gallery-1-30926\" srcset=\"https:\/\/astunametal.com\/wp-content\/uploads\/2024\/02\/Kare-Cam-Balkon-Korkuluk.jpg 750w, https:\/\/astunametal.com\/wp-content\/uploads\/2024\/02\/Kare-Cam-Balkon-Korkuluk-300x200.jpg 300w\" sizes=\"(max-width: 750px) 100vw, 750px\" \/><\/a>\n\t\t\t<\/div>\n\t\t\t\t<figcaption class='wp-caption-text gallery-caption' id='gallery-1-30926'>\n\t\t\t\tKare Cam Balkon Korkuluk\n\t\t\t\t<\/figcaption><\/figure><figure class='gallery-item'>\n\t\t\t<div class='gallery-icon landscape'>\n\t\t\t\t<a data-elementor-open-lightbox=\"yes\" data-elementor-lightbox-slideshow=\"420a27c\" data-elementor-lightbox-title=\"L\u00fcks Balkon Korkuluk Modelleri\" data-elementor-lightbox-description=\"L\u00fcks Balkon Korkuluk Modelleri\" data-e-action-hash=\"#elementor-action%3Aaction%3Dlightbox%26settings%3DeyJpZCI6MzA5MzAsInVybCI6Imh0dHBzOlwvXC9hc3R1bmFtZXRhbC5jb21cL3dwLWNvbnRlbnRcL3VwbG9hZHNcLzIwMjRcLzAyXC9MdWtzLUJhbGtvbi1Lb3JrdWx1ay1Nb2RlbGxlcmkuanBnIiwic2xpZGVzaG93IjoiNDIwYTI3YyJ9\" href='https:\/\/astunametal.com\/wp-content\/uploads\/2024\/02\/Luks-Balkon-Korkuluk-Modelleri.jpg'><img loading=\"lazy\" decoding=\"async\" width=\"750\" height=\"500\" src=\"https:\/\/astunametal.com\/wp-content\/uploads\/2024\/02\/Luks-Balkon-Korkuluk-Modelleri.jpg\" class=\"attachment-full size-full\" alt=\"L\u00fcks Balkon Korkuluk Modelleri\" aria-describedby=\"gallery-1-30930\" srcset=\"https:\/\/astunametal.com\/wp-content\/uploads\/2024\/02\/Luks-Balkon-Korkuluk-Modelleri.jpg 750w, https:\/\/astunametal.com\/wp-content\/uploads\/2024\/02\/Luks-Balkon-Korkuluk-Modelleri-300x200.jpg 300w\" sizes=\"(max-width: 750px) 100vw, 750px\" \/><\/a>\n\t\t\t<\/div>\n\t\t\t\t<figcaption class='wp-caption-text gallery-caption' id='gallery-1-30930'>\n\t\t\t\tL\u00fcks Balkon Korkuluk Modelleri\n\t\t\t\t<\/figcaption><\/figure><figure class='gallery-item'>\n\t\t\t<div class='gallery-icon landscape'>\n\t\t\t\t<a data-elementor-open-lightbox=\"yes\" data-elementor-lightbox-slideshow=\"420a27c\" data-elementor-lightbox-title=\"L\u00fcks Cam Balkon Korkuluk\" data-elementor-lightbox-description=\"L\u00fcks Cam Balkon Korkuluk\" data-e-action-hash=\"#elementor-action%3Aaction%3Dlightbox%26settings%3DeyJpZCI6MzA5MzQsInVybCI6Imh0dHBzOlwvXC9hc3R1bmFtZXRhbC5jb21cL3dwLWNvbnRlbnRcL3VwbG9hZHNcLzIwMjRcLzAyXC9MdWtzLUNhbS1CYWxrb24tS29ya3VsdWsuanBnIiwic2xpZGVzaG93IjoiNDIwYTI3YyJ9\" href='https:\/\/astunametal.com\/wp-content\/uploads\/2024\/02\/Luks-Cam-Balkon-Korkuluk.jpg'><img loading=\"lazy\" decoding=\"async\" width=\"750\" height=\"500\" src=\"https:\/\/astunametal.com\/wp-content\/uploads\/2024\/02\/Luks-Cam-Balkon-Korkuluk.jpg\" class=\"attachment-full size-full\" alt=\"L\u00fcks Cam Balkon Korkuluk\" aria-describedby=\"gallery-1-30934\" srcset=\"https:\/\/astunametal.com\/wp-content\/uploads\/2024\/02\/Luks-Cam-Balkon-Korkuluk.jpg 750w, https:\/\/astunametal.com\/wp-content\/uploads\/2024\/02\/Luks-Cam-Balkon-Korkuluk-300x200.jpg 300w\" sizes=\"(max-width: 750px) 100vw, 750px\" \/><\/a>\n\t\t\t<\/div>\n\t\t\t\t<figcaption class='wp-caption-text gallery-caption' id='gallery-1-30934'>\n\t\t\t\tL\u00fcks Cam Balkon Korkuluk\n\t\t\t\t<\/figcaption><\/figure><figure class='gallery-item'>\n\t\t\t<div class='gallery-icon landscape'>\n\t\t\t\t<a data-elementor-open-lightbox=\"yes\" data-elementor-lightbox-slideshow=\"420a27c\" data-elementor-lightbox-title=\"Balkon Korkuluk Fiyatlar\u0131\" data-elementor-lightbox-description=\"Balkon Korkuluk Fiyatlar\u0131\" data-e-action-hash=\"#elementor-action%3Aaction%3Dlightbox%26settings%3DeyJpZCI6MzA5MzgsInVybCI6Imh0dHBzOlwvXC9hc3R1bmFtZXRhbC5jb21cL3dwLWNvbnRlbnRcL3VwbG9hZHNcLzIwMjRcLzAyXC9CYWxrb24tS29ya3VsdWstRml5YXRsYXJpLmpwZyIsInNsaWRlc2hvdyI6IjQyMGEyN2MifQ%3D%3D\" href='https:\/\/astunametal.com\/wp-content\/uploads\/2024\/02\/Balkon-Korkuluk-Fiyatlari.jpg'><img loading=\"lazy\" decoding=\"async\" width=\"750\" height=\"500\" src=\"https:\/\/astunametal.com\/wp-content\/uploads\/2024\/02\/Balkon-Korkuluk-Fiyatlari.jpg\" class=\"attachment-full size-full\" alt=\"Balkon Korkuluk Fiyatlar\u0131\" aria-describedby=\"gallery-1-30938\" srcset=\"https:\/\/astunametal.com\/wp-content\/uploads\/2024\/02\/Balkon-Korkuluk-Fiyatlari.jpg 750w, https:\/\/astunametal.com\/wp-content\/uploads\/2024\/02\/Balkon-Korkuluk-Fiyatlari-300x200.jpg 300w\" sizes=\"(max-width: 750px) 100vw, 750px\" \/><\/a>\n\t\t\t<\/div>\n\t\t\t\t<figcaption class='wp-caption-text gallery-caption' id='gallery-1-30938'>\n\t\t\t\tBalkon Korkuluk Fiyatlar\u0131\n\t\t\t\t<\/figcaption><\/figure><figure class='gallery-item'>\n\t\t\t<div class='gallery-icon landscape'>\n\t\t\t\t<a data-elementor-open-lightbox=\"yes\" data-elementor-lightbox-slideshow=\"420a27c\" data-elementor-lightbox-title=\"Balkon Korkuluk Modelleri\" data-elementor-lightbox-description=\"Balkon Korkuluk Modelleri\" data-e-action-hash=\"#elementor-action%3Aaction%3Dlightbox%26settings%3DeyJpZCI6MzA5NDIsInVybCI6Imh0dHBzOlwvXC9hc3R1bmFtZXRhbC5jb21cL3dwLWNvbnRlbnRcL3VwbG9hZHNcLzIwMjRcLzAyXC9CYWxrb24tS29ya3VsdWstTW9kZWxsZXJpLTEuanBnIiwic2xpZGVzaG93IjoiNDIwYTI3YyJ9\" href='https:\/\/astunametal.com\/wp-content\/uploads\/2024\/02\/Balkon-Korkuluk-Modelleri-1.jpg'><img loading=\"lazy\" decoding=\"async\" width=\"750\" height=\"500\" src=\"https:\/\/astunametal.com\/wp-content\/uploads\/2024\/02\/Balkon-Korkuluk-Modelleri-1.jpg\" class=\"attachment-full size-full\" alt=\"Balkon Korkuluk Modelleri\" aria-describedby=\"gallery-1-30942\" srcset=\"https:\/\/astunametal.com\/wp-content\/uploads\/2024\/02\/Balkon-Korkuluk-Modelleri-1.jpg 750w, https:\/\/astunametal.com\/wp-content\/uploads\/2024\/02\/Balkon-Korkuluk-Modelleri-1-300x200.jpg 300w\" sizes=\"(max-width: 750px) 100vw, 750px\" \/><\/a>\n\t\t\t<\/div>\n\t\t\t\t<figcaption class='wp-caption-text gallery-caption' id='gallery-1-30942'>\n\t\t\t\tBalkon Korkuluk Modelleri\n\t\t\t\t<\/figcaption><\/figure><figure class='gallery-item'>\n\t\t\t<div class='gallery-icon landscape'>\n\t\t\t\t<a data-elementor-open-lightbox=\"yes\" data-elementor-lightbox-slideshow=\"420a27c\" data-elementor-lightbox-title=\"Estetik Balkon Korkuluk\" data-elementor-lightbox-description=\"Estetik Balkon Korkuluk\" data-e-action-hash=\"#elementor-action%3Aaction%3Dlightbox%26settings%3DeyJpZCI6MzA5NDcsInVybCI6Imh0dHBzOlwvXC9hc3R1bmFtZXRhbC5jb21cL3dwLWNvbnRlbnRcL3VwbG9hZHNcLzIwMjRcLzAyXC9Fc3RldGlrLUJhbGtvbi1Lb3JrdWx1ay0uanBnIiwic2xpZGVzaG93IjoiNDIwYTI3YyJ9\" href='https:\/\/astunametal.com\/wp-content\/uploads\/2024\/02\/Estetik-Balkon-Korkuluk-.jpg'><img loading=\"lazy\" decoding=\"async\" width=\"750\" height=\"500\" src=\"https:\/\/astunametal.com\/wp-content\/uploads\/2024\/02\/Estetik-Balkon-Korkuluk-.jpg\" class=\"attachment-full size-full\" alt=\"Estetik Balkon Korkuluk\" aria-describedby=\"gallery-1-30947\" srcset=\"https:\/\/astunametal.com\/wp-content\/uploads\/2024\/02\/Estetik-Balkon-Korkuluk-.jpg 750w, https:\/\/astunametal.com\/wp-content\/uploads\/2024\/02\/Estetik-Balkon-Korkuluk--300x200.jpg 300w\" sizes=\"(max-width: 750px) 100vw, 750px\" \/><\/a>\n\t\t\t<\/div>\n\t\t\t\t<figcaption class='wp-caption-text gallery-caption' id='gallery-1-30947'>\n\t\t\t\tEstetik Balkon Korkuluk\n\t\t\t\t<\/figcaption><\/figure>\n\t\t<\/div>\n\t\t<\/div>\n\t\t\t\t<\/div>\n\t\t\t\t<\/div>\n\t\t\t\t\t<\/div>\n\t\t<\/div>\n\t\t\t\t\t\t\t<\/div>\n\t\t<\/section>\n\t\t<div class=\"elementor-element elementor-element-4dcf8996 e-flex e-con-boxed e-con e-parent\" data-id=\"4dcf8996\" data-element_type=\"container\" data-settings=\"{&quot;content_width&quot;:&quot;boxed&quot;}\" data-core-v316-plus=\"true\">\n\t\t\t\t\t<div class=\"e-con-inner\">\n\t\t<div class=\"elementor-element elementor-element-de7dd2a e-con-full e-flex e-con e-child\" data-id=\"de7dd2a\" data-element_type=\"container\" data-settings=\"{&quot;content_width&quot;:&quot;full&quot;}\">\n\t\t\t\t<div class=\"elementor-element elementor-element-132708d elementor-widget elementor-widget-heading\" data-id=\"132708d\" data-element_type=\"widget\" data-settings=\"{&quot;_animation&quot;:&quot;none&quot;}\" data-widget_type=\"heading.default\">\n\t\t\t\t<div class=\"elementor-widget-container\">\n\t\t\t<h2 class=\"elementor-heading-title elementor-size-default\">BALKON KORKULUK F\u0130YATLARI<\/h2>\t\t<\/div>\n\t\t\t\t<\/div>\n\t\t\t\t<div class=\"elementor-element elementor-element-bf69111 elementor-widget elementor-widget-text-editor\" data-id=\"bf69111\" data-element_type=\"widget\" data-widget_type=\"text-editor.default\">\n\t\t\t\t<div class=\"elementor-widget-container\">\n\t\t\t\t\t\t\t<p>Balkon korkuluk fiyatlar\u0131 \u00fcr\u00fcn\u00fcn hangi malzemeden yap\u0131ld\u0131\u011f\u0131ndan, \u00f6l\u00e7\u00fclerine kadar de\u011fi\u015fkenlik g\u00f6stermektedir. Bu y\u00fczden balkon korkuluk ile ilgili fiyatlar\u0131 \u00f6\u011frenmek i\u00e7in l\u00fctfen bizimle ileti\u015fime ge\u00e7iniz. <strong><span style=\"color: #0000ff;\"><a style=\"color: #0000ff;\" href=\"\/tr\/iletisim\/\">\u0130leti\u015fime ge\u00e7mek i\u00e7in t\u0131klay\u0131n\u0131z.<\/a><\/span><\/strong><\/p>\t\t\t\t\t\t<\/div>\n\t\t\t\t<\/div>\n\t\t\t\t<div class=\"elementor-element elementor-element-6fd7dd8d elementor-widget elementor-widget-heading\" data-id=\"6fd7dd8d\" data-element_type=\"widget\" data-settings=\"{&quot;_animation&quot;:&quot;none&quot;}\" data-widget_type=\"heading.default\">\n\t\t\t\t<div class=\"elementor-widget-container\">\n\t\t\t<h2 class=\"elementor-heading-title elementor-size-default\">BALKON KORKULUKLARININ TEMEL FONKS\u0130YONLARI<\/h2>\t\t<\/div>\n\t\t\t\t<\/div>\n\t\t\t\t<div class=\"elementor-element elementor-element-43f6182 elementor-widget elementor-widget-text-editor\" data-id=\"43f6182\" data-element_type=\"widget\" data-widget_type=\"text-editor.default\">\n\t\t\t\t<div class=\"elementor-widget-container\">\n\t\t\t\t\t\t\t<ol><li><strong>G\u00fcvenli\u011fin Sa\u011flanmas\u0131:<\/strong> Balkon korkuluklar\u0131 kullan\u0131c\u0131lar\u0131n kenardan d\u00fc\u015fmesini engelleyerek g\u00fcvenli bir kullan\u0131m alan\u0131 olu\u015fturur.<\/li><li><strong>Estetik Katk\u0131:<\/strong> Balkon korkuluklar\u0131 balkonun genel tasar\u0131m\u0131na estetik a\u00e7\u0131dan katk\u0131 sa\u011flayabilir. Farkl\u0131 malzeme ve tasar\u0131mlarla ki\u015fiselle\u015ftirilebilirler.<\/li><li><strong>Dayan\u0131kl\u0131l\u0131k:<\/strong> Korkuluk malzemeleri genellikle d\u0131\u015f etkenlere kar\u015f\u0131 dayan\u0131kl\u0131 oldu\u011fundan dayan\u0131kl\u0131l\u0131k ve uzun \u00f6m\u00fcr sa\u011flar.<\/li><li><strong>Balkonun Tan\u0131mlanmas\u0131:<\/strong> Korkuluklar balkon alan\u0131n\u0131 tan\u0131mlayarak kullan\u0131c\u0131lara g\u00fcvenli kullan\u0131m i\u00e7in net bir s\u0131n\u0131r sunar.<\/li><li><strong>\u00c7e\u015fitli Malzeme Se\u00e7enekleri:<\/strong> Ah\u015fap, metal, cam veya kompozit malzemeler gibi farkl\u0131 malzemeler kullan\u0131larak farkl\u0131 tasar\u0131mlar ve stiller olu\u015fturulabilir.<\/li><li><strong>Ki\u015fiselle\u015ftirme:<\/strong> Balkon korkuluklar\u0131 ki\u015fisel tercihlere ve tasar\u0131m gereksinimlerine uyacak \u015fekilde \u00f6zelle\u015ftirilebilir.<\/li><\/ol><p>Balkon korkuluklar\u0131 g\u00fcvenlik ve estetik unsurlar\u0131 bir araya getirerek balkon alanlar\u0131n\u0131 daha i\u015flevsel ve \u00e7ekici hale getirir.<\/p>\t\t\t\t\t\t<\/div>\n\t\t\t\t<\/div>\n\t\t\t\t<\/div>\n\t\t\t\t\t<\/div>\n\t\t\t\t<\/div>\n\t\t\t\t\t\t\t<\/div>\n\t\t","protected":false},"excerpt":{"rendered":"<p>BALKON KORKULUK ANASAYFA BALKON KORKULUK balkon korkuluk modelleri BALKON KORKULUK Balkon korkulu\u011fu, balkon kenarlar\u0131na monte edilen ve kullan\u0131c\u0131lara balkon alan\u0131n\u0131 kullanma konusunda g\u00fcvenli bir ortam sa\u011flayan bir g\u00fcvenlik eleman\u0131d\u0131r. Balkon korkuluklar\u0131 genellikle ah\u015fap, metal, cam gibi malzemelerden veya kompozit malzemelerden yap\u0131l\u0131r. Bu korkuluklar hem estetik g\u00f6r\u00fcn\u00fcm\u00fc artt\u0131rmak hem de d\u00fc\u015fmeleri \u00f6nlemek gibi ikili bir amaca &#8230; <a title=\"Balkon Korkuluk Modelleri ve Fiyatlar\u0131\" class=\"read-more\" href=\"https:\/\/astunametal.com\/tr\/balkon-korkuluk\/\" aria-label=\"More on Balkon Korkuluk Modelleri ve Fiyatlar\u0131\">Devam\u0131n\u0131 oku<\/a><\/p>\n","protected":false},"author":1,"featured_media":0,"parent":0,"menu_order":0,"comment_status":"closed","ping_status":"closed","template":"elementor_header_footer","meta":{"footnotes":""},"_links":{"self":[{"href":"https:\/\/astunametal.com\/tr\/wp-json\/wp\/v2\/pages\/24139"}],"collection":[{"href":"https:\/\/astunametal.com\/tr\/wp-json\/wp\/v2\/pages"}],"about":[{"href":"https:\/\/astunametal.com\/tr\/wp-json\/wp\/v2\/types\/page"}],"author":[{"embeddable":true,"href":"https:\/\/astunametal.com\/tr\/wp-json\/wp\/v2\/users\/1"}],"replies":[{"embeddable":true,"href":"https:\/\/astunametal.com\/tr\/wp-json\/wp\/v2\/comments?post=24139"}],"version-history":[{"count":27,"href":"https:\/\/astunametal.com\/tr\/wp-json\/wp\/v2\/pages\/24139\/revisions"}],"predecessor-version":[{"id":30953,"href":"https:\/\/astunametal.com\/tr\/wp-json\/wp\/v2\/pages\/24139\/revisions\/30953"}],"wp:attachment":[{"href":"https:\/\/astunametal.com\/tr\/wp-json\/wp\/v2\/media?parent=24139"}],"curies":[{"name":"wp","href":"https:\/\/api.w.org\/{rel}","templated":true}]}}