{"id":42505,"date":"2023-12-30T10:22:44","date_gmt":"2023-12-30T10:22:44","guid":{"rendered":"https:\/\/astunametal.com\/balcony-railing-manufacturer\/"},"modified":"2024-06-13T06:57:25","modified_gmt":"2024-06-13T06:57:25","slug":"balkongelaender","status":"publish","type":"page","link":"https:\/\/astunametal.com\/de\/balkongelaender\/","title":{"rendered":"Balkongel\u00e4nder Online Kaufen"},"content":{"rendered":"\t\t<div data-elementor-type=\"wp-page\" data-elementor-id=\"42505\" class=\"elementor elementor-42505\">\n\t\t\t\t\t\t\t\t\t<section class=\"elementor-section elementor-top-section elementor-element elementor-element-454daa54 elementor-section-boxed elementor-section-height-default elementor-section-height-default\" data-id=\"454daa54\" data-element_type=\"section\" data-settings=\"{&quot;background_background&quot;:&quot;gradient&quot;}\">\n\t\t\t\t\t\t\t<div class=\"elementor-background-overlay\"><\/div>\n\t\t\t\t\t\t\t<div class=\"elementor-container elementor-column-gap-default\">\n\t\t\t\t\t<div class=\"elementor-column elementor-col-100 elementor-top-column elementor-element elementor-element-4e7d928d\" data-id=\"4e7d928d\" data-element_type=\"column\">\n\t\t\t<div class=\"elementor-widget-wrap elementor-element-populated\">\n\t\t\t\t\t\t\t\t<div class=\"elementor-element elementor-element-361eac8f elementor-widget elementor-widget-heading\" data-id=\"361eac8f\" data-element_type=\"widget\" data-widget_type=\"heading.default\">\n\t\t\t\t<div class=\"elementor-widget-container\">\n\t\t\t<style>\/*! elementor - v3.16.0 - 17-10-2023 *\/\n.elementor-heading-title{padding:0;margin:0;line-height:1}.elementor-widget-heading .elementor-heading-title[class*=elementor-size-]>a{color:inherit;font-size:inherit;line-height:inherit}.elementor-widget-heading .elementor-heading-title.elementor-size-small{font-size:15px}.elementor-widget-heading .elementor-heading-title.elementor-size-medium{font-size:19px}.elementor-widget-heading .elementor-heading-title.elementor-size-large{font-size:29px}.elementor-widget-heading .elementor-heading-title.elementor-size-xl{font-size:39px}.elementor-widget-heading .elementor-heading-title.elementor-size-xxl{font-size:59px}<\/style><h1 class=\"elementor-heading-title elementor-size-default\">BALKONGEL\u00c4NDER<\/h1>\t\t<\/div>\n\t\t\t\t<\/div>\n\t\t\t\t<div class=\"elementor-element elementor-element-542e081 elementor-icon-list--layout-inline elementor-align-left elementor-mobile-align-center elementor-widget-mobile__width-initial elementor-tablet-align-left elementor-widget-tablet__width-initial elementor-list-item-link-full_width elementor-widget elementor-widget-icon-list\" data-id=\"542e081\" data-element_type=\"widget\" data-widget_type=\"icon-list.default\">\n\t\t\t\t<div class=\"elementor-widget-container\">\n\t\t\t<link rel=\"stylesheet\" href=\"https:\/\/astunametal.com\/wp-content\/plugins\/elementor\/assets\/css\/widget-icon-list.min.css\">\t\t<ul class=\"elementor-icon-list-items elementor-inline-items\">\n\t\t\t\t\t\t\t<li class=\"elementor-icon-list-item elementor-inline-item\">\n\t\t\t\t\t\t\t\t\t\t\t<a href=\"\/de\/\">\n\n\t\t\t\t\t\t\t\t\t\t\t<span class=\"elementor-icon-list-text\">START<\/span>\n\t\t\t\t\t\t\t\t\t\t\t<\/a>\n\t\t\t\t\t\t\t\t\t<\/li>\n\t\t\t\t\t\t\t\t<li class=\"elementor-icon-list-item elementor-inline-item\">\n\t\t\t\t\t\t\t\t\t\t\t<span class=\"elementor-icon-list-icon\">\n\t\t\t\t\t\t\t<i aria-hidden=\"true\" class=\"jki jki-right-arrow-8\"><\/i>\t\t\t\t\t\t<\/span>\n\t\t\t\t\t\t\t\t\t\t<span class=\"elementor-icon-list-text\">BALKONGEL\u00c4NDER<\/span>\n\t\t\t\t\t\t\t\t\t<\/li>\n\t\t\t\t\t\t<\/ul>\n\t\t\t\t<\/div>\n\t\t\t\t<\/div>\n\t\t\t\t\t<\/div>\n\t\t<\/div>\n\t\t\t\t\t\t\t<\/div>\n\t\t<\/section>\n\t\t\t\t<section class=\"elementor-section elementor-top-section elementor-element elementor-element-ae5686f elementor-section-boxed elementor-section-height-default elementor-section-height-default\" data-id=\"ae5686f\" data-element_type=\"section\">\n\t\t\t\t\t\t<div class=\"elementor-container elementor-column-gap-default\">\n\t\t\t\t\t<div class=\"elementor-column elementor-col-50 elementor-top-column elementor-element elementor-element-743c07a\" data-id=\"743c07a\" data-element_type=\"column\">\n\t\t\t<div class=\"elementor-widget-wrap elementor-element-populated\">\n\t\t\t\t\t\t\t\t<div class=\"elementor-element elementor-element-8b9d58a elementor-widget elementor-widget-image\" data-id=\"8b9d58a\" data-element_type=\"widget\" data-widget_type=\"image.default\">\n\t\t\t\t<div class=\"elementor-widget-container\">\n\t\t\t<style>\/*! elementor - v3.16.0 - 17-10-2023 *\/\n.elementor-widget-image{text-align:center}.elementor-widget-image a{display:inline-block}.elementor-widget-image a img[src$=\".svg\"]{width:48px}.elementor-widget-image img{vertical-align:middle;display:inline-block}<\/style>\t\t\t\t\t\t\t\t\t<figure class=\"wp-caption\">\n\t\t\t\t\t\t\t\t\t\t<img loading=\"lazy\" decoding=\"async\" width=\"640\" height=\"427\" src=\"https:\/\/astunametal.com\/wp-content\/uploads\/2024\/02\/balcony-railing-models.jpg\" class=\"attachment-full size-full wp-image-30696\" alt=\"BALCONY RAILING SYSTEMS, PRICE\" srcset=\"https:\/\/astunametal.com\/wp-content\/uploads\/2024\/02\/balcony-railing-models.jpg 640w, https:\/\/astunametal.com\/wp-content\/uploads\/2024\/02\/balcony-railing-models-300x200.jpg 300w\" sizes=\"(max-width: 640px) 100vw, 640px\" \/>\t\t\t\t\t\t\t\t\t\t\t<figcaption class=\"widget-image-caption wp-caption-text\">Rampes de Balcon\n<\/figcaption>\n\t\t\t\t\t\t\t\t\t\t<\/figure>\n\t\t\t\t\t\t\t\t\t<\/div>\n\t\t\t\t<\/div>\n\t\t\t\t\t<\/div>\n\t\t<\/div>\n\t\t\t\t<div class=\"elementor-column elementor-col-50 elementor-top-column elementor-element elementor-element-13b051d\" data-id=\"13b051d\" data-element_type=\"column\">\n\t\t\t<div class=\"elementor-widget-wrap elementor-element-populated\">\n\t\t\t\t\t\t\t\t<div class=\"elementor-element elementor-element-fbb7d0c elementor-widget elementor-widget-heading\" data-id=\"fbb7d0c\" data-element_type=\"widget\" data-settings=\"{&quot;_animation&quot;:&quot;none&quot;}\" data-widget_type=\"heading.default\">\n\t\t\t\t<div class=\"elementor-widget-container\">\n\t\t\t<h2 class=\"elementor-heading-title elementor-size-default\">BALKONGEL\u00c4NDER<\/h2>\t\t<\/div>\n\t\t\t\t<\/div>\n\t\t\t\t<div class=\"elementor-element elementor-element-7046633 elementor-widget elementor-widget-text-editor\" data-id=\"7046633\" data-element_type=\"widget\" data-widget_type=\"text-editor.default\">\n\t\t\t\t<div class=\"elementor-widget-container\">\n\t\t\t<style>\/*! elementor - v3.16.0 - 17-10-2023 *\/\n.elementor-widget-text-editor.elementor-drop-cap-view-stacked .elementor-drop-cap{background-color:#69727d;color:#fff}.elementor-widget-text-editor.elementor-drop-cap-view-framed .elementor-drop-cap{color:#69727d;border:3px solid;background-color:transparent}.elementor-widget-text-editor:not(.elementor-drop-cap-view-default) .elementor-drop-cap{margin-top:8px}.elementor-widget-text-editor:not(.elementor-drop-cap-view-default) .elementor-drop-cap-letter{width:1em;height:1em}.elementor-widget-text-editor .elementor-drop-cap{float:left;text-align:center;line-height:1;font-size:50px}.elementor-widget-text-editor .elementor-drop-cap-letter{display:inline-block}<\/style>\t\t\t\t<p>Ein Balkongel\u00e4nder ist ein Sicherheitselement, das an den R\u00e4ndern eines Balkons angebracht wird und den Benutzern eine sichere Umgebung f\u00fcr die Nutzung des Balkons bietet. Balkongel\u00e4nder werden normalerweise aus Materialien wie Holz, Metall, Glas oder Verbundwerkstoffen hergestellt. Diese Gel\u00e4nder dienen dem doppelten Zweck, das \u00e4sthetische Erscheinungsbild zu verbessern und St\u00fcrze zu verhindern.<\/p>\t\t\t\t\t\t<\/div>\n\t\t\t\t<\/div>\n\t\t\t\t\t<\/div>\n\t\t<\/div>\n\t\t\t\t\t\t\t<\/div>\n\t\t<\/section>\n\t\t\t\t<section class=\"elementor-section elementor-top-section elementor-element elementor-element-6610283 elementor-section-boxed elementor-section-height-default elementor-section-height-default\" data-id=\"6610283\" data-element_type=\"section\">\n\t\t\t\t\t\t<div class=\"elementor-container elementor-column-gap-default\">\n\t\t\t\t\t<div class=\"elementor-column elementor-col-100 elementor-top-column elementor-element elementor-element-41309e1\" data-id=\"41309e1\" data-element_type=\"column\">\n\t\t\t<div class=\"elementor-widget-wrap elementor-element-populated\">\n\t\t\t\t\t\t\t\t<div class=\"elementor-element elementor-element-18988e7 elementor-widget elementor-widget-heading\" data-id=\"18988e7\" data-element_type=\"widget\" data-settings=\"{&quot;_animation&quot;:&quot;none&quot;}\" data-widget_type=\"heading.default\">\n\t\t\t\t<div class=\"elementor-widget-container\">\n\t\t\t<h2 class=\"elementor-heading-title elementor-size-default\">BALKONGEL\u00c4NDER<\/h2>\t\t<\/div>\n\t\t\t\t<\/div>\n\t\t\t\t<div class=\"elementor-element elementor-element-9086f39 elementor-widget elementor-widget-image-gallery\" data-id=\"9086f39\" data-element_type=\"widget\" data-widget_type=\"image-gallery.default\">\n\t\t\t\t<div class=\"elementor-widget-container\">\n\t\t\t<style>\/*! elementor - v3.16.0 - 17-10-2023 *\/\n.elementor-image-gallery .gallery-item{display:inline-block;text-align:center;vertical-align:top;width:100%;max-width:100%;margin:0 auto}.elementor-image-gallery .gallery-item img{margin:0 auto}.elementor-image-gallery .gallery-item .gallery-caption{margin:0}.elementor-image-gallery figure img{display:block}.elementor-image-gallery figure figcaption{width:100%}.gallery-spacing-custom .elementor-image-gallery .gallery-icon{padding:0}@media (min-width:768px){.elementor-image-gallery .gallery-columns-2 .gallery-item{max-width:50%}.elementor-image-gallery .gallery-columns-3 .gallery-item{max-width:33.33%}.elementor-image-gallery .gallery-columns-4 .gallery-item{max-width:25%}.elementor-image-gallery .gallery-columns-5 .gallery-item{max-width:20%}.elementor-image-gallery .gallery-columns-6 .gallery-item{max-width:16.666%}.elementor-image-gallery .gallery-columns-7 .gallery-item{max-width:14.28%}.elementor-image-gallery .gallery-columns-8 .gallery-item{max-width:12.5%}.elementor-image-gallery .gallery-columns-9 .gallery-item{max-width:11.11%}.elementor-image-gallery .gallery-columns-10 .gallery-item{max-width:10%}}@media (min-width:480px) and (max-width:767px){.elementor-image-gallery .gallery.gallery-columns-2 .gallery-item,.elementor-image-gallery .gallery.gallery-columns-3 .gallery-item,.elementor-image-gallery .gallery.gallery-columns-4 .gallery-item,.elementor-image-gallery .gallery.gallery-columns-5 .gallery-item,.elementor-image-gallery .gallery.gallery-columns-6 .gallery-item,.elementor-image-gallery .gallery.gallery-columns-7 .gallery-item,.elementor-image-gallery .gallery.gallery-columns-8 .gallery-item,.elementor-image-gallery .gallery.gallery-columns-9 .gallery-item,.elementor-image-gallery .gallery.gallery-columns-10 .gallery-item{max-width:50%}}@media (max-width:479px){.elementor-image-gallery .gallery.gallery-columns-2 .gallery-item,.elementor-image-gallery .gallery.gallery-columns-3 .gallery-item,.elementor-image-gallery .gallery.gallery-columns-4 .gallery-item,.elementor-image-gallery .gallery.gallery-columns-5 .gallery-item,.elementor-image-gallery .gallery.gallery-columns-6 .gallery-item,.elementor-image-gallery .gallery.gallery-columns-7 .gallery-item,.elementor-image-gallery .gallery.gallery-columns-8 .gallery-item,.elementor-image-gallery .gallery.gallery-columns-9 .gallery-item,.elementor-image-gallery .gallery.gallery-columns-10 .gallery-item{max-width:100%}}<\/style>\t\t<div class=\"elementor-image-gallery\">\n\t\t\t<div id='gallery-1' class='gallery galleryid-42505 gallery-columns-3 gallery-size-full'><figure class='gallery-item'>\n\t\t\t<div class='gallery-icon landscape'>\n\t\t\t\t<a data-elementor-open-lightbox=\"yes\" data-elementor-lightbox-slideshow=\"9086f39\" data-elementor-lightbox-title=\"Quadratisches Glasbalkongel\u00e4nder\" data-elementor-lightbox-description=\"Quadratisches Glasbalkongel\u00e4nder\" data-e-action-hash=\"#elementor-action%3Aaction%3Dlightbox%26settings%3DeyJpZCI6NDQ0NDQsInVybCI6Imh0dHBzOlwvXC9hc3R1bmFtZXRhbC5jb21cL3dwLWNvbnRlbnRcL3VwbG9hZHNcLzIwMjRcLzA2XC9RdWFkcmF0aXNjaGVzLUdsYXNiYWxrb25nZWxhbmRlci5qcGciLCJzbGlkZXNob3ciOiI5MDg2ZjM5In0%3D\" href='https:\/\/astunametal.com\/wp-content\/uploads\/2024\/06\/Quadratisches-Glasbalkongelander.jpg'><img loading=\"lazy\" decoding=\"async\" width=\"750\" height=\"500\" src=\"https:\/\/astunametal.com\/wp-content\/uploads\/2024\/06\/Quadratisches-Glasbalkongelander.jpg\" class=\"attachment-full size-full\" alt=\"Quadratisches Glasbalkongel\u00e4nder\" aria-describedby=\"gallery-1-44444\" srcset=\"https:\/\/astunametal.com\/wp-content\/uploads\/2024\/06\/Quadratisches-Glasbalkongelander.jpg 750w, https:\/\/astunametal.com\/wp-content\/uploads\/2024\/06\/Quadratisches-Glasbalkongelander-300x200.jpg 300w\" sizes=\"(max-width: 750px) 100vw, 750px\" \/><\/a>\n\t\t\t<\/div>\n\t\t\t\t<figcaption class='wp-caption-text gallery-caption' id='gallery-1-44444'>\n\t\t\t\tQuadratisches Glasbalkongel\u00e4nder\n\t\t\t\t<\/figcaption><\/figure><figure class='gallery-item'>\n\t\t\t<div class='gallery-icon landscape'>\n\t\t\t\t<a data-elementor-open-lightbox=\"yes\" data-elementor-lightbox-slideshow=\"9086f39\" data-elementor-lightbox-title=\"Luxus-Balkon-Gel\u00e4nder\" data-elementor-lightbox-description=\"Luxus-Balkon-Gel\u00e4nder\" data-e-action-hash=\"#elementor-action%3Aaction%3Dlightbox%26settings%3DeyJpZCI6NDQ0MzgsInVybCI6Imh0dHBzOlwvXC9hc3R1bmFtZXRhbC5jb21cL3dwLWNvbnRlbnRcL3VwbG9hZHNcLzIwMjRcLzA2XC9MdXh1cy1CYWxrb24tR2VsYW5kZXIuanBnIiwic2xpZGVzaG93IjoiOTA4NmYzOSJ9\" href='https:\/\/astunametal.com\/wp-content\/uploads\/2024\/06\/Luxus-Balkon-Gelander.jpg'><img loading=\"lazy\" decoding=\"async\" width=\"750\" height=\"500\" src=\"https:\/\/astunametal.com\/wp-content\/uploads\/2024\/06\/Luxus-Balkon-Gelander.jpg\" class=\"attachment-full size-full\" alt=\"Luxus-Balkon-Gel\u00e4nder\" aria-describedby=\"gallery-1-44438\" srcset=\"https:\/\/astunametal.com\/wp-content\/uploads\/2024\/06\/Luxus-Balkon-Gelander.jpg 750w, https:\/\/astunametal.com\/wp-content\/uploads\/2024\/06\/Luxus-Balkon-Gelander-300x200.jpg 300w\" sizes=\"(max-width: 750px) 100vw, 750px\" \/><\/a>\n\t\t\t<\/div>\n\t\t\t\t<figcaption class='wp-caption-text gallery-caption' id='gallery-1-44438'>\n\t\t\t\tLuxus-Balkon-Gel\u00e4nder\n\t\t\t\t<\/figcaption><\/figure><figure class='gallery-item'>\n\t\t\t<div class='gallery-icon landscape'>\n\t\t\t\t<a data-elementor-open-lightbox=\"yes\" data-elementor-lightbox-slideshow=\"9086f39\" data-elementor-lightbox-title=\"Luxus-Glas-Balkongel\u00e4nder\" data-elementor-lightbox-description=\"Luxus-Glas-Balkongel\u00e4nder\" data-e-action-hash=\"#elementor-action%3Aaction%3Dlightbox%26settings%3DeyJpZCI6NDQ0MzIsInVybCI6Imh0dHBzOlwvXC9hc3R1bmFtZXRhbC5jb21cL3dwLWNvbnRlbnRcL3VwbG9hZHNcLzIwMjRcLzA2XC9MdXh1cy1HbGFzLUJhbGtvbmdlbGFuZGVyLmpwZyIsInNsaWRlc2hvdyI6IjkwODZmMzkifQ%3D%3D\" href='https:\/\/astunametal.com\/wp-content\/uploads\/2024\/06\/Luxus-Glas-Balkongelander.jpg'><img loading=\"lazy\" decoding=\"async\" width=\"750\" height=\"500\" src=\"https:\/\/astunametal.com\/wp-content\/uploads\/2024\/06\/Luxus-Glas-Balkongelander.jpg\" class=\"attachment-full size-full\" alt=\"Luxus-Glas-Balkongel\u00e4nder\" aria-describedby=\"gallery-1-44432\" srcset=\"https:\/\/astunametal.com\/wp-content\/uploads\/2024\/06\/Luxus-Glas-Balkongelander.jpg 750w, https:\/\/astunametal.com\/wp-content\/uploads\/2024\/06\/Luxus-Glas-Balkongelander-300x200.jpg 300w\" sizes=\"(max-width: 750px) 100vw, 750px\" \/><\/a>\n\t\t\t<\/div>\n\t\t\t\t<figcaption class='wp-caption-text gallery-caption' id='gallery-1-44432'>\n\t\t\t\tLuxus-Glas-Balkongel\u00e4nder\n\t\t\t\t<\/figcaption><\/figure><figure class='gallery-item'>\n\t\t\t<div class='gallery-icon landscape'>\n\t\t\t\t<a data-elementor-open-lightbox=\"yes\" data-elementor-lightbox-slideshow=\"9086f39\" data-elementor-lightbox-title=\"Balkongel\u00e4nder\" data-elementor-lightbox-description=\"Balkongel\u00e4nder\" data-e-action-hash=\"#elementor-action%3Aaction%3Dlightbox%26settings%3DeyJpZCI6NDQ0MjYsInVybCI6Imh0dHBzOlwvXC9hc3R1bmFtZXRhbC5jb21cL3dwLWNvbnRlbnRcL3VwbG9hZHNcLzIwMjRcLzA2XC9CYWxrb25nZWxhbmRlci5qcGciLCJzbGlkZXNob3ciOiI5MDg2ZjM5In0%3D\" href='https:\/\/astunametal.com\/wp-content\/uploads\/2024\/06\/Balkongelander.jpg'><img loading=\"lazy\" decoding=\"async\" width=\"750\" height=\"500\" src=\"https:\/\/astunametal.com\/wp-content\/uploads\/2024\/06\/Balkongelander.jpg\" class=\"attachment-full size-full\" alt=\"Balkongel\u00e4nder\" aria-describedby=\"gallery-1-44426\" srcset=\"https:\/\/astunametal.com\/wp-content\/uploads\/2024\/06\/Balkongelander.jpg 750w, https:\/\/astunametal.com\/wp-content\/uploads\/2024\/06\/Balkongelander-300x200.jpg 300w\" sizes=\"(max-width: 750px) 100vw, 750px\" \/><\/a>\n\t\t\t<\/div>\n\t\t\t\t<figcaption class='wp-caption-text gallery-caption' id='gallery-1-44426'>\n\t\t\t\tBalkongel\u00e4nder\n\t\t\t\t<\/figcaption><\/figure><figure class='gallery-item'>\n\t\t\t<div class='gallery-icon landscape'>\n\t\t\t\t<a data-elementor-open-lightbox=\"yes\" data-elementor-lightbox-slideshow=\"9086f39\" data-elementor-lightbox-title=\"Balkongel\u00e4nder-1\" data-elementor-lightbox-description=\"Balkongel\u00e4nder-1\" data-e-action-hash=\"#elementor-action%3Aaction%3Dlightbox%26settings%3DeyJpZCI6NDQ0MjAsInVybCI6Imh0dHBzOlwvXC9hc3R1bmFtZXRhbC5jb21cL3dwLWNvbnRlbnRcL3VwbG9hZHNcLzIwMjRcLzA2XC9CYWxrb25nZWxhbmRlci0xLmpwZyIsInNsaWRlc2hvdyI6IjkwODZmMzkifQ%3D%3D\" href='https:\/\/astunametal.com\/wp-content\/uploads\/2024\/06\/Balkongelander-1.jpg'><img loading=\"lazy\" decoding=\"async\" width=\"750\" height=\"500\" src=\"https:\/\/astunametal.com\/wp-content\/uploads\/2024\/06\/Balkongelander-1.jpg\" class=\"attachment-full size-full\" alt=\"Balkongel\u00e4nder-1\" aria-describedby=\"gallery-1-44420\" srcset=\"https:\/\/astunametal.com\/wp-content\/uploads\/2024\/06\/Balkongelander-1.jpg 750w, https:\/\/astunametal.com\/wp-content\/uploads\/2024\/06\/Balkongelander-1-300x200.jpg 300w\" sizes=\"(max-width: 750px) 100vw, 750px\" \/><\/a>\n\t\t\t<\/div>\n\t\t\t\t<figcaption class='wp-caption-text gallery-caption' id='gallery-1-44420'>\n\t\t\t\tBalkongel\u00e4nder-1\n\t\t\t\t<\/figcaption><\/figure><figure class='gallery-item'>\n\t\t\t<div class='gallery-icon landscape'>\n\t\t\t\t<a data-elementor-open-lightbox=\"yes\" data-elementor-lightbox-slideshow=\"9086f39\" data-elementor-lightbox-title=\"\u00c4sthetik-Balkon-Gel\u00e4nder\" data-elementor-lightbox-description=\"\u00c4sthetik-Balkon-Gel\u00e4nder\" data-e-action-hash=\"#elementor-action%3Aaction%3Dlightbox%26settings%3DeyJpZCI6NDQ0MTQsInVybCI6Imh0dHBzOlwvXC9hc3R1bmFtZXRhbC5jb21cL3dwLWNvbnRlbnRcL3VwbG9hZHNcLzIwMjRcLzA2XC9Bc3RoZXRpay1CYWxrb24tR2VsYW5kZXIuanBnIiwic2xpZGVzaG93IjoiOTA4NmYzOSJ9\" href='https:\/\/astunametal.com\/wp-content\/uploads\/2024\/06\/Asthetik-Balkon-Gelander.jpg'><img loading=\"lazy\" decoding=\"async\" width=\"750\" height=\"500\" src=\"https:\/\/astunametal.com\/wp-content\/uploads\/2024\/06\/Asthetik-Balkon-Gelander.jpg\" class=\"attachment-full size-full\" alt=\"\u00c4sthetik-Balkon-Gel\u00e4nder\" aria-describedby=\"gallery-1-44414\" srcset=\"https:\/\/astunametal.com\/wp-content\/uploads\/2024\/06\/Asthetik-Balkon-Gelander.jpg 750w, https:\/\/astunametal.com\/wp-content\/uploads\/2024\/06\/Asthetik-Balkon-Gelander-300x200.jpg 300w\" sizes=\"(max-width: 750px) 100vw, 750px\" \/><\/a>\n\t\t\t<\/div>\n\t\t\t\t<figcaption class='wp-caption-text gallery-caption' id='gallery-1-44414'>\n\t\t\t\t\u00c4sthetik-Balkon-Gel\u00e4nder\n\t\t\t\t<\/figcaption><\/figure>\n\t\t<\/div>\n\t\t<\/div>\n\t\t\t\t<\/div>\n\t\t\t\t<\/div>\n\t\t\t\t\t<\/div>\n\t\t<\/div>\n\t\t\t\t\t\t\t<\/div>\n\t\t<\/section>\n\t\t<div class=\"elementor-element elementor-element-4dcf8996 e-flex e-con-boxed e-con e-parent\" data-id=\"4dcf8996\" data-element_type=\"container\" data-settings=\"{&quot;content_width&quot;:&quot;boxed&quot;}\" data-core-v316-plus=\"true\">\n\t\t\t\t\t<div class=\"e-con-inner\">\n\t\t<div class=\"elementor-element elementor-element-de7dd2a e-con-full e-flex e-con e-child\" data-id=\"de7dd2a\" data-element_type=\"container\" data-settings=\"{&quot;content_width&quot;:&quot;full&quot;}\">\n\t\t\t\t<div class=\"elementor-element elementor-element-6fd7dd8d elementor-widget elementor-widget-heading\" data-id=\"6fd7dd8d\" data-element_type=\"widget\" data-settings=\"{&quot;_animation&quot;:&quot;none&quot;}\" data-widget_type=\"heading.default\">\n\t\t\t\t<div class=\"elementor-widget-container\">\n\t\t\t<h2 class=\"elementor-heading-title elementor-size-default\">DIE HAUPTFUNKTIONEN VON BALKONGEL\u00c4NDERN<\/h2>\t\t<\/div>\n\t\t\t\t<\/div>\n\t\t\t\t<div class=\"elementor-element elementor-element-43f6182 elementor-widget elementor-widget-text-editor\" data-id=\"43f6182\" data-element_type=\"widget\" data-widget_type=\"text-editor.default\">\n\t\t\t\t<div class=\"elementor-widget-container\">\n\t\t\t\t\t\t\t<ol><li><strong>Sicherheit gew\u00e4hrleisten:<\/strong> Balkongel\u00e4nder verhindern, dass Benutzer \u00fcber die Kante fallen, und schaffen so einen sicheren Nutzungsbereich.<\/li><li><strong>\u00c4sthetischer Beitrag:<\/strong> Balkongel\u00e4nder k\u00f6nnen \u00e4sthetisch zum Gesamtdesign des Balkons beitragen. Sie k\u00f6nnen mit verschiedenen Materialien und Designs individuell angepasst werden.<\/li><li><strong>Haltbarkeit:<\/strong> Gel\u00e4ndermaterialien sind in der Regel widerstandsf\u00e4hig gegen \u00e4u\u00dfere Einfl\u00fcsse und bieten Haltbarkeit und eine lange Lebensdauer.<\/li><li><strong>Definition des Balkons:<\/strong> Gel\u00e4nder definieren den Balkonbereich und bieten Benutzern eine klare Grenze f\u00fcr die sichere Nutzung.<\/li><li><strong>Verschiedene Materialoptionen:<\/strong> Verschiedene Materialien wie Holz, Metall, Glas oder Verbundwerkstoffe k\u00f6nnen verwendet werden, um unterschiedliche Designs und Stile zu kreieren.<\/li><li><strong>Anpassung:<\/strong> Balkongel\u00e4nder k\u00f6nnen an pers\u00f6nliche Vorlieben und Designanforderungen angepasst werden.<\/li><\/ol><p>Balkongel\u00e4nder kombinieren Sicherheit und \u00e4sthetische Elemente und machen Balkonbereiche funktionaler und attraktiver.<\/p>\t\t\t\t\t\t<\/div>\n\t\t\t\t<\/div>\n\t\t\t\t<div class=\"elementor-element elementor-element-3c8ef849 elementor-widget elementor-widget-heading\" data-id=\"3c8ef849\" data-element_type=\"widget\" data-settings=\"{&quot;_animation&quot;:&quot;none&quot;}\" data-widget_type=\"heading.default\">\n\t\t\t\t<div class=\"elementor-widget-container\">\n\t\t\t<h2 class=\"elementor-heading-title elementor-size-default\">WIE MACHT MAN EIN BALKONGEL\u00c4NDER?<\/h2>\t\t<\/div>\n\t\t\t\t<\/div>\n\t\t\t\t<div class=\"elementor-element elementor-element-447ac031 elementor-widget elementor-widget-text-editor\" data-id=\"447ac031\" data-element_type=\"widget\" data-widget_type=\"text-editor.default\">\n\t\t\t\t<div class=\"elementor-widget-container\">\n\t\t\t\t\t\t\t<p>Der Bau eines Balkongel\u00e4nders ist ein Prozess, der sorgf\u00e4ltige Planung und gewissenhafte Ausf\u00fchrung erfordert. Hier sind die allgemeinen Schritte:<\/p><ol><li><strong>Entwurf und Planung:<\/strong> Der erste Schritt besteht darin, ein Gel\u00e4nder zu planen, das zu den Abmessungen und dem Design des Balkons passt. In dieser Phase werden Materialauswahl, Designelemente und Ma\u00dfe festgelegt.<\/li><li><strong>Materialauswahl:<\/strong> Materialien f\u00fcr das Balkongel\u00e4nder werden ausgew\u00e4hlt. Verschiedene Optionen wie Holz, Metall, Glas oder Verbundwerkstoffe k\u00f6nnen in Betracht gezogen werden.<\/li><li><strong>Messen:<\/strong> Der Bereich entlang der Balkonkanten, an dem das Gel\u00e4nder angebracht wird, wird genau vermessen.<\/li><li><strong>Materialzuschnitt:<\/strong> Die ausgew\u00e4hlten Materialien werden passend zum Design zugeschnitten. Das richtige Schneiden ist entscheidend, insbesondere bei Materialien wie Holz oder Metall.<\/li><li><strong>Vorbereitung f\u00fcr Bohren und Montage:<\/strong> An den Stellen, an denen das Gel\u00e4nder montiert wird, werden L\u00f6cher gebohrt und Vorbereitungen f\u00fcr die Montage getroffen.<\/li><li><strong>Montage:<\/strong> Die vorbereiteten Materialien werden zusammengebaut und in die vorgebohrten L\u00f6cher und Montagepunkte eingepasst. Es ist wichtig sicherzustellen, dass die Materialien sicher und fest platziert sind.<\/li><li><strong>Finish und Reinigung:<\/strong> Nach der Montage wird die korrekte Platzierung des Gel\u00e4nders \u00fcberpr\u00fcft. Bei Bedarf kann das Gel\u00e4nder fertiggestellt oder poliert und ein Reinigungsvorgang durchgef\u00fchrt werden.<\/li><li><strong>Testen und Anpassungen:<\/strong> Nachdem das Gel\u00e4nder installiert wurde, wird es von Benutzern getestet und alle erforderlichen Anpassungen werden vorgenommen.<\/li><\/ol><p>Denken Sie daran, dass jedes Projekt spezifische Anforderungen haben kann und die Einhaltung der \u00f6rtlichen Bauvorschriften von entscheidender Bedeutung ist. F\u00fcr die richtige Materialauswahl und sichere Installation ist es wichtig, professionelle Hilfe in Anspruch zu nehmen.<\/p>\t\t\t\t\t\t<\/div>\n\t\t\t\t<\/div>\n\t\t\t\t<\/div>\n\t\t\t\t\t<\/div>\n\t\t\t\t<\/div>\n\t\t\t\t\t\t\t<\/div>\n\t\t","protected":false},"excerpt":{"rendered":"<p>BALKONGEL\u00c4NDER START BALKONGEL\u00c4NDER BALCONY RAILING SYSTEMS, PRICE BALKONGEL\u00c4NDER Ein Balkongel\u00e4nder ist ein Sicherheitselement, das an den R\u00e4ndern eines Balkons angebracht wird und den Benutzern eine sichere Umgebung f\u00fcr die Nutzung des Balkons bietet. Balkongel\u00e4nder werden normalerweise aus Materialien wie Holz, Metall, Glas oder Verbundwerkstoffen hergestellt. Diese Gel\u00e4nder dienen dem doppelten Zweck, das \u00e4sthetische Erscheinungsbild zu &#8230; <a title=\"Balkongel\u00e4nder Online Kaufen\" class=\"read-more\" href=\"https:\/\/astunametal.com\/de\/balkongelaender\/\" aria-label=\"Mehr dazu unter Balkongel\u00e4nder Online Kaufen\">Weiterlesen<\/a><\/p>\n","protected":false},"author":1,"featured_media":0,"parent":0,"menu_order":0,"comment_status":"closed","ping_status":"closed","template":"elementor_header_footer","meta":{"footnotes":""},"_links":{"self":[{"href":"https:\/\/astunametal.com\/de\/wp-json\/wp\/v2\/pages\/42505"}],"collection":[{"href":"https:\/\/astunametal.com\/de\/wp-json\/wp\/v2\/pages"}],"about":[{"href":"https:\/\/astunametal.com\/de\/wp-json\/wp\/v2\/types\/page"}],"author":[{"embeddable":true,"href":"https:\/\/astunametal.com\/de\/wp-json\/wp\/v2\/users\/1"}],"replies":[{"embeddable":true,"href":"https:\/\/astunametal.com\/de\/wp-json\/wp\/v2\/comments?post=42505"}],"version-history":[{"count":14,"href":"https:\/\/astunametal.com\/de\/wp-json\/wp\/v2\/pages\/42505\/revisions"}],"predecessor-version":[{"id":44452,"href":"https:\/\/astunametal.com\/de\/wp-json\/wp\/v2\/pages\/42505\/revisions\/44452"}],"wp:attachment":[{"href":"https:\/\/astunametal.com\/de\/wp-json\/wp\/v2\/media?parent=42505"}],"curies":[{"name":"wp","href":"https:\/\/api.w.org\/{rel}","templated":true}]}}