{"id":42463,"date":"2023-12-30T12:03:07","date_gmt":"2023-12-30T12:03:07","guid":{"rendered":"https:\/\/astunametal.com\/iron-railing-manufacturer\/"},"modified":"2024-06-13T06:58:45","modified_gmt":"2024-06-13T06:58:45","slug":"eisengelander","status":"publish","type":"page","link":"https:\/\/astunametal.com\/de\/eisengelander\/","title":{"rendered":"Eisengel\u00e4nder Online Kaufen"},"content":{"rendered":"\t\t<div data-elementor-type=\"wp-page\" data-elementor-id=\"42463\" class=\"elementor elementor-42463\">\n\t\t\t\t\t\t\t\t\t<section class=\"elementor-section elementor-top-section elementor-element elementor-element-3e05fdf3 elementor-section-boxed elementor-section-height-default elementor-section-height-default\" data-id=\"3e05fdf3\" data-element_type=\"section\" data-settings=\"{&quot;background_background&quot;:&quot;gradient&quot;}\">\n\t\t\t\t\t\t\t<div class=\"elementor-background-overlay\"><\/div>\n\t\t\t\t\t\t\t<div class=\"elementor-container elementor-column-gap-default\">\n\t\t\t\t\t<div class=\"elementor-column elementor-col-100 elementor-top-column elementor-element elementor-element-a43bb52\" data-id=\"a43bb52\" data-element_type=\"column\">\n\t\t\t<div class=\"elementor-widget-wrap elementor-element-populated\">\n\t\t\t\t\t\t\t\t<div class=\"elementor-element elementor-element-565a78a0 elementor-widget elementor-widget-heading\" data-id=\"565a78a0\" data-element_type=\"widget\" data-widget_type=\"heading.default\">\n\t\t\t\t<div class=\"elementor-widget-container\">\n\t\t\t<style>\/*! elementor - v3.16.0 - 17-10-2023 *\/\n.elementor-heading-title{padding:0;margin:0;line-height:1}.elementor-widget-heading .elementor-heading-title[class*=elementor-size-]>a{color:inherit;font-size:inherit;line-height:inherit}.elementor-widget-heading .elementor-heading-title.elementor-size-small{font-size:15px}.elementor-widget-heading .elementor-heading-title.elementor-size-medium{font-size:19px}.elementor-widget-heading .elementor-heading-title.elementor-size-large{font-size:29px}.elementor-widget-heading .elementor-heading-title.elementor-size-xl{font-size:39px}.elementor-widget-heading .elementor-heading-title.elementor-size-xxl{font-size:59px}<\/style><h1 class=\"elementor-heading-title elementor-size-default\">EISENGEL\u00c4NDER<\/h1>\t\t<\/div>\n\t\t\t\t<\/div>\n\t\t\t\t<div class=\"elementor-element elementor-element-ee8b97c elementor-icon-list--layout-inline elementor-align-left elementor-mobile-align-center elementor-widget-mobile__width-initial elementor-tablet-align-left elementor-widget-tablet__width-initial elementor-list-item-link-full_width elementor-widget elementor-widget-icon-list\" data-id=\"ee8b97c\" data-element_type=\"widget\" data-widget_type=\"icon-list.default\">\n\t\t\t\t<div class=\"elementor-widget-container\">\n\t\t\t<link rel=\"stylesheet\" href=\"https:\/\/astunametal.com\/wp-content\/plugins\/elementor\/assets\/css\/widget-icon-list.min.css\">\t\t<ul class=\"elementor-icon-list-items elementor-inline-items\">\n\t\t\t\t\t\t\t<li class=\"elementor-icon-list-item elementor-inline-item\">\n\t\t\t\t\t\t\t\t\t\t\t<a href=\"\/de\/\">\n\n\t\t\t\t\t\t\t\t\t\t\t<span class=\"elementor-icon-list-text\">START<\/span>\n\t\t\t\t\t\t\t\t\t\t\t<\/a>\n\t\t\t\t\t\t\t\t\t<\/li>\n\t\t\t\t\t\t\t\t<li class=\"elementor-icon-list-item elementor-inline-item\">\n\t\t\t\t\t\t\t\t\t\t\t<span class=\"elementor-icon-list-icon\">\n\t\t\t\t\t\t\t<i aria-hidden=\"true\" class=\"jki jki-right-arrow-8\"><\/i>\t\t\t\t\t\t<\/span>\n\t\t\t\t\t\t\t\t\t\t<span class=\"elementor-icon-list-text\">EISENGEL\u00c4NDER<\/span>\n\t\t\t\t\t\t\t\t\t<\/li>\n\t\t\t\t\t\t<\/ul>\n\t\t\t\t<\/div>\n\t\t\t\t<\/div>\n\t\t\t\t\t<\/div>\n\t\t<\/div>\n\t\t\t\t\t\t\t<\/div>\n\t\t<\/section>\n\t\t\t\t<section class=\"elementor-section elementor-top-section elementor-element elementor-element-52711ec elementor-section-boxed elementor-section-height-default elementor-section-height-default\" data-id=\"52711ec\" data-element_type=\"section\">\n\t\t\t\t\t\t<div class=\"elementor-container elementor-column-gap-default\">\n\t\t\t\t\t<div class=\"elementor-column elementor-col-50 elementor-top-column elementor-element elementor-element-6471b17\" data-id=\"6471b17\" data-element_type=\"column\">\n\t\t\t<div class=\"elementor-widget-wrap elementor-element-populated\">\n\t\t\t\t\t\t\t\t<div class=\"elementor-element elementor-element-ae79053 elementor-widget elementor-widget-image\" data-id=\"ae79053\" data-element_type=\"widget\" data-widget_type=\"image.default\">\n\t\t\t\t<div class=\"elementor-widget-container\">\n\t\t\t<style>\/*! elementor - v3.16.0 - 17-10-2023 *\/\n.elementor-widget-image{text-align:center}.elementor-widget-image a{display:inline-block}.elementor-widget-image a img[src$=\".svg\"]{width:48px}.elementor-widget-image img{vertical-align:middle;display:inline-block}<\/style>\t\t\t\t\t\t\t\t\t<figure class=\"wp-caption\">\n\t\t\t\t\t\t\t\t\t\t<img loading=\"lazy\" decoding=\"async\" width=\"640\" height=\"427\" src=\"https:\/\/astunametal.com\/wp-content\/uploads\/2024\/02\/iron-railing-models.jpg\" class=\"attachment-full size-full wp-image-30758\" alt=\"IRON RAILING SYSTEMS, PRICE\" srcset=\"https:\/\/astunametal.com\/wp-content\/uploads\/2024\/02\/iron-railing-models.jpg 640w, https:\/\/astunametal.com\/wp-content\/uploads\/2024\/02\/iron-railing-models-300x200.jpg 300w\" sizes=\"(max-width: 640px) 100vw, 640px\" \/>\t\t\t\t\t\t\t\t\t\t\t<figcaption class=\"widget-image-caption wp-caption-text\">Rampe Escalier Metal\n<\/figcaption>\n\t\t\t\t\t\t\t\t\t\t<\/figure>\n\t\t\t\t\t\t\t\t\t<\/div>\n\t\t\t\t<\/div>\n\t\t\t\t\t<\/div>\n\t\t<\/div>\n\t\t\t\t<div class=\"elementor-column elementor-col-50 elementor-top-column elementor-element elementor-element-da31f82\" data-id=\"da31f82\" data-element_type=\"column\">\n\t\t\t<div class=\"elementor-widget-wrap elementor-element-populated\">\n\t\t\t\t\t\t\t\t<div class=\"elementor-element elementor-element-50b1604 elementor-widget elementor-widget-heading\" data-id=\"50b1604\" data-element_type=\"widget\" data-settings=\"{&quot;_animation&quot;:&quot;none&quot;}\" data-widget_type=\"heading.default\">\n\t\t\t\t<div class=\"elementor-widget-container\">\n\t\t\t<h2 class=\"elementor-heading-title elementor-size-default\">EISENGEL\u00c4NDER<\/h2>\t\t<\/div>\n\t\t\t\t<\/div>\n\t\t\t\t<div class=\"elementor-element elementor-element-ae2c704 elementor-widget elementor-widget-text-editor\" data-id=\"ae2c704\" data-element_type=\"widget\" data-widget_type=\"text-editor.default\">\n\t\t\t\t<div class=\"elementor-widget-container\">\n\t\t\t<style>\/*! elementor - v3.16.0 - 17-10-2023 *\/\n.elementor-widget-text-editor.elementor-drop-cap-view-stacked .elementor-drop-cap{background-color:#69727d;color:#fff}.elementor-widget-text-editor.elementor-drop-cap-view-framed .elementor-drop-cap{color:#69727d;border:3px solid;background-color:transparent}.elementor-widget-text-editor:not(.elementor-drop-cap-view-default) .elementor-drop-cap{margin-top:8px}.elementor-widget-text-editor:not(.elementor-drop-cap-view-default) .elementor-drop-cap-letter{width:1em;height:1em}.elementor-widget-text-editor .elementor-drop-cap{float:left;text-align:center;line-height:1;font-size:50px}.elementor-widget-text-editor .elementor-drop-cap-letter{display:inline-block}<\/style>\t\t\t\t<p>Unter Eisengel\u00e4nder versteht man Gel\u00e4ndersysteme, die haupts\u00e4chlich aus Eisenkomponenten bestehen und ein klassisches und langlebiges Design bieten. Eisen ist seit Jahrhunderten ein Grundmaterial f\u00fcr den Bau von Gel\u00e4ndern und wird f\u00fcr seine St\u00e4rke, Vielseitigkeit und zeitlose Anziehungskraft gesch\u00e4tzt.<\/p>\t\t\t\t\t\t<\/div>\n\t\t\t\t<\/div>\n\t\t\t\t\t<\/div>\n\t\t<\/div>\n\t\t\t\t\t\t\t<\/div>\n\t\t<\/section>\n\t\t\t\t<section class=\"elementor-section elementor-top-section elementor-element elementor-element-0f32f99 elementor-section-boxed elementor-section-height-default elementor-section-height-default\" data-id=\"0f32f99\" data-element_type=\"section\">\n\t\t\t\t\t\t<div class=\"elementor-container elementor-column-gap-default\">\n\t\t\t\t\t<div class=\"elementor-column elementor-col-100 elementor-top-column elementor-element elementor-element-8d259b5\" data-id=\"8d259b5\" data-element_type=\"column\">\n\t\t\t<div class=\"elementor-widget-wrap elementor-element-populated\">\n\t\t\t\t\t\t\t\t<div class=\"elementor-element elementor-element-4145138 elementor-widget elementor-widget-heading\" data-id=\"4145138\" data-element_type=\"widget\" data-settings=\"{&quot;_animation&quot;:&quot;none&quot;}\" data-widget_type=\"heading.default\">\n\t\t\t\t<div class=\"elementor-widget-container\">\n\t\t\t<h2 class=\"elementor-heading-title elementor-size-default\">EISENGEL\u00c4NDER<\/h2>\t\t<\/div>\n\t\t\t\t<\/div>\n\t\t\t\t<div class=\"elementor-element elementor-element-9fb224a elementor-widget elementor-widget-image-gallery\" data-id=\"9fb224a\" data-element_type=\"widget\" data-widget_type=\"image-gallery.default\">\n\t\t\t\t<div class=\"elementor-widget-container\">\n\t\t\t<style>\/*! elementor - v3.16.0 - 17-10-2023 *\/\n.elementor-image-gallery .gallery-item{display:inline-block;text-align:center;vertical-align:top;width:100%;max-width:100%;margin:0 auto}.elementor-image-gallery .gallery-item img{margin:0 auto}.elementor-image-gallery .gallery-item .gallery-caption{margin:0}.elementor-image-gallery figure img{display:block}.elementor-image-gallery figure figcaption{width:100%}.gallery-spacing-custom .elementor-image-gallery .gallery-icon{padding:0}@media (min-width:768px){.elementor-image-gallery .gallery-columns-2 .gallery-item{max-width:50%}.elementor-image-gallery .gallery-columns-3 .gallery-item{max-width:33.33%}.elementor-image-gallery .gallery-columns-4 .gallery-item{max-width:25%}.elementor-image-gallery .gallery-columns-5 .gallery-item{max-width:20%}.elementor-image-gallery .gallery-columns-6 .gallery-item{max-width:16.666%}.elementor-image-gallery .gallery-columns-7 .gallery-item{max-width:14.28%}.elementor-image-gallery .gallery-columns-8 .gallery-item{max-width:12.5%}.elementor-image-gallery .gallery-columns-9 .gallery-item{max-width:11.11%}.elementor-image-gallery .gallery-columns-10 .gallery-item{max-width:10%}}@media (min-width:480px) and (max-width:767px){.elementor-image-gallery .gallery.gallery-columns-2 .gallery-item,.elementor-image-gallery .gallery.gallery-columns-3 .gallery-item,.elementor-image-gallery .gallery.gallery-columns-4 .gallery-item,.elementor-image-gallery .gallery.gallery-columns-5 .gallery-item,.elementor-image-gallery .gallery.gallery-columns-6 .gallery-item,.elementor-image-gallery .gallery.gallery-columns-7 .gallery-item,.elementor-image-gallery .gallery.gallery-columns-8 .gallery-item,.elementor-image-gallery .gallery.gallery-columns-9 .gallery-item,.elementor-image-gallery .gallery.gallery-columns-10 .gallery-item{max-width:50%}}@media (max-width:479px){.elementor-image-gallery .gallery.gallery-columns-2 .gallery-item,.elementor-image-gallery .gallery.gallery-columns-3 .gallery-item,.elementor-image-gallery .gallery.gallery-columns-4 .gallery-item,.elementor-image-gallery .gallery.gallery-columns-5 .gallery-item,.elementor-image-gallery .gallery.gallery-columns-6 .gallery-item,.elementor-image-gallery .gallery.gallery-columns-7 .gallery-item,.elementor-image-gallery .gallery.gallery-columns-8 .gallery-item,.elementor-image-gallery .gallery.gallery-columns-9 .gallery-item,.elementor-image-gallery .gallery.gallery-columns-10 .gallery-item{max-width:100%}}<\/style>\t\t<div class=\"elementor-image-gallery\">\n\t\t\t<div id='gallery-1' class='gallery galleryid-42463 gallery-columns-3 gallery-size-full'><figure class='gallery-item'>\n\t\t\t<div class='gallery-icon landscape'>\n\t\t\t\t<a data-elementor-open-lightbox=\"yes\" data-elementor-lightbox-slideshow=\"9fb224a\" data-elementor-lightbox-title=\"Eisengel\u00e4ndersystem\" data-elementor-lightbox-description=\"Eisengel\u00e4nder System\" data-e-action-hash=\"#elementor-action%3Aaction%3Dlightbox%26settings%3DeyJpZCI6NDQzMTQsInVybCI6Imh0dHBzOlwvXC9hc3R1bmFtZXRhbC5jb21cL3dwLWNvbnRlbnRcL3VwbG9hZHNcLzIwMjRcLzA2XC9FaXNlbmdlbGFuZGVyc3lzdGVtLmpwZyIsInNsaWRlc2hvdyI6IjlmYjIyNGEifQ%3D%3D\" href='https:\/\/astunametal.com\/wp-content\/uploads\/2024\/06\/Eisengelandersystem.jpg'><img loading=\"lazy\" decoding=\"async\" width=\"750\" height=\"500\" src=\"https:\/\/astunametal.com\/wp-content\/uploads\/2024\/06\/Eisengelandersystem.jpg\" class=\"attachment-full size-full\" alt=\"Eisengel\u00e4nder System\" aria-describedby=\"gallery-1-44314\" srcset=\"https:\/\/astunametal.com\/wp-content\/uploads\/2024\/06\/Eisengelandersystem.jpg 750w, https:\/\/astunametal.com\/wp-content\/uploads\/2024\/06\/Eisengelandersystem-300x200.jpg 300w\" sizes=\"(max-width: 750px) 100vw, 750px\" \/><\/a>\n\t\t\t<\/div>\n\t\t\t\t<figcaption class='wp-caption-text gallery-caption' id='gallery-1-44314'>\n\t\t\t\tEisengel\u00e4nder System\n\t\t\t\t<\/figcaption><\/figure><figure class='gallery-item'>\n\t\t\t<div class='gallery-icon landscape'>\n\t\t\t\t<a data-elementor-open-lightbox=\"yes\" data-elementor-lightbox-slideshow=\"9fb224a\" data-elementor-lightbox-title=\"Balkon-Eisengel\u00e4nder\" data-elementor-lightbox-description=\"Balkon-Eisengel\u00e4nder\" data-e-action-hash=\"#elementor-action%3Aaction%3Dlightbox%26settings%3DeyJpZCI6NDQzMDcsInVybCI6Imh0dHBzOlwvXC9hc3R1bmFtZXRhbC5jb21cL3dwLWNvbnRlbnRcL3VwbG9hZHNcLzIwMjRcLzA2XC9CYWxrb24tRWlzZW5nZWxhbmRlci5qcGciLCJzbGlkZXNob3ciOiI5ZmIyMjRhIn0%3D\" href='https:\/\/astunametal.com\/wp-content\/uploads\/2024\/06\/Balkon-Eisengelander.jpg'><img loading=\"lazy\" decoding=\"async\" width=\"750\" height=\"500\" src=\"https:\/\/astunametal.com\/wp-content\/uploads\/2024\/06\/Balkon-Eisengelander.jpg\" class=\"attachment-full size-full\" alt=\"Balkon-Eisengel\u00e4nder\" aria-describedby=\"gallery-1-44307\" srcset=\"https:\/\/astunametal.com\/wp-content\/uploads\/2024\/06\/Balkon-Eisengelander.jpg 750w, https:\/\/astunametal.com\/wp-content\/uploads\/2024\/06\/Balkon-Eisengelander-300x200.jpg 300w\" sizes=\"(max-width: 750px) 100vw, 750px\" \/><\/a>\n\t\t\t<\/div>\n\t\t\t\t<figcaption class='wp-caption-text gallery-caption' id='gallery-1-44307'>\n\t\t\t\tBalkon-Eisengel\u00e4nder\n\t\t\t\t<\/figcaption><\/figure><figure class='gallery-item'>\n\t\t\t<div class='gallery-icon landscape'>\n\t\t\t\t<a data-elementor-open-lightbox=\"yes\" data-elementor-lightbox-slideshow=\"9fb224a\" data-elementor-lightbox-title=\"Eisengeschmiedetes Eisengel\u00e4nder\" data-elementor-lightbox-description=\"Eisengeschmiedetes Eisengel\u00e4nder\" data-e-action-hash=\"#elementor-action%3Aaction%3Dlightbox%26settings%3DeyJpZCI6NDQzMDEsInVybCI6Imh0dHBzOlwvXC9hc3R1bmFtZXRhbC5jb21cL3dwLWNvbnRlbnRcL3VwbG9hZHNcLzIwMjRcLzA2XC9FaXNlbmdlc2NobWllZGV0ZXMtRWlzZW5nZWxhbmRlci5qcGciLCJzbGlkZXNob3ciOiI5ZmIyMjRhIn0%3D\" href='https:\/\/astunametal.com\/wp-content\/uploads\/2024\/06\/Eisengeschmiedetes-Eisengelander.jpg'><img loading=\"lazy\" decoding=\"async\" width=\"750\" height=\"500\" src=\"https:\/\/astunametal.com\/wp-content\/uploads\/2024\/06\/Eisengeschmiedetes-Eisengelander.jpg\" class=\"attachment-full size-full\" alt=\"Eisengeschmiedetes Eisengel\u00e4nder\" aria-describedby=\"gallery-1-44301\" srcset=\"https:\/\/astunametal.com\/wp-content\/uploads\/2024\/06\/Eisengeschmiedetes-Eisengelander.jpg 750w, https:\/\/astunametal.com\/wp-content\/uploads\/2024\/06\/Eisengeschmiedetes-Eisengelander-300x200.jpg 300w\" sizes=\"(max-width: 750px) 100vw, 750px\" \/><\/a>\n\t\t\t<\/div>\n\t\t\t\t<figcaption class='wp-caption-text gallery-caption' id='gallery-1-44301'>\n\t\t\t\tEisengeschmiedetes Eisengel\u00e4nder\n\t\t\t\t<\/figcaption><\/figure><figure class='gallery-item'>\n\t\t\t<div class='gallery-icon landscape'>\n\t\t\t\t<a data-elementor-open-lightbox=\"yes\" data-elementor-lightbox-slideshow=\"9fb224a\" data-elementor-lightbox-title=\"Preise f\u00fcr Eisengel\u00e4nder\" data-elementor-lightbox-description=\"Preise f\u00fcr Eisengel\u00e4nder\" data-e-action-hash=\"#elementor-action%3Aaction%3Dlightbox%26settings%3DeyJpZCI6NDQyOTUsInVybCI6Imh0dHBzOlwvXC9hc3R1bmFtZXRhbC5jb21cL3dwLWNvbnRlbnRcL3VwbG9hZHNcLzIwMjRcLzA2XC9QcmVpc2UtZnVyLUVpc2VuZ2VsYW5kZXIuanBnIiwic2xpZGVzaG93IjoiOWZiMjI0YSJ9\" href='https:\/\/astunametal.com\/wp-content\/uploads\/2024\/06\/Preise-fur-Eisengelander.jpg'><img loading=\"lazy\" decoding=\"async\" width=\"750\" height=\"500\" src=\"https:\/\/astunametal.com\/wp-content\/uploads\/2024\/06\/Preise-fur-Eisengelander.jpg\" class=\"attachment-full size-full\" alt=\"Preise f\u00fcr Eisengel\u00e4nder\" aria-describedby=\"gallery-1-44295\" srcset=\"https:\/\/astunametal.com\/wp-content\/uploads\/2024\/06\/Preise-fur-Eisengelander.jpg 750w, https:\/\/astunametal.com\/wp-content\/uploads\/2024\/06\/Preise-fur-Eisengelander-300x200.jpg 300w\" sizes=\"(max-width: 750px) 100vw, 750px\" \/><\/a>\n\t\t\t<\/div>\n\t\t\t\t<figcaption class='wp-caption-text gallery-caption' id='gallery-1-44295'>\n\t\t\t\tPreise f\u00fcr Eisengel\u00e4nder\n\t\t\t\t<\/figcaption><\/figure><figure class='gallery-item'>\n\t\t\t<div class='gallery-icon landscape'>\n\t\t\t\t<a data-elementor-open-lightbox=\"yes\" data-elementor-lightbox-slideshow=\"9fb224a\" data-elementor-lightbox-title=\"Eisengel\u00e4nder\" data-elementor-lightbox-description=\"Eisengel\u00e4nder\" data-e-action-hash=\"#elementor-action%3Aaction%3Dlightbox%26settings%3DeyJpZCI6NDQyODksInVybCI6Imh0dHBzOlwvXC9hc3R1bmFtZXRhbC5jb21cL3dwLWNvbnRlbnRcL3VwbG9hZHNcLzIwMjRcLzA2XC9FaXNlbmdlbGFuZGVyLmpwZyIsInNsaWRlc2hvdyI6IjlmYjIyNGEifQ%3D%3D\" href='https:\/\/astunametal.com\/wp-content\/uploads\/2024\/06\/Eisengelander.jpg'><img loading=\"lazy\" decoding=\"async\" width=\"750\" height=\"500\" src=\"https:\/\/astunametal.com\/wp-content\/uploads\/2024\/06\/Eisengelander.jpg\" class=\"attachment-full size-full\" alt=\"Eisengel\u00e4nder\" aria-describedby=\"gallery-1-44289\" srcset=\"https:\/\/astunametal.com\/wp-content\/uploads\/2024\/06\/Eisengelander.jpg 750w, https:\/\/astunametal.com\/wp-content\/uploads\/2024\/06\/Eisengelander-300x200.jpg 300w\" sizes=\"(max-width: 750px) 100vw, 750px\" \/><\/a>\n\t\t\t<\/div>\n\t\t\t\t<figcaption class='wp-caption-text gallery-caption' id='gallery-1-44289'>\n\t\t\t\tEisengel\u00e4nder\n\t\t\t\t<\/figcaption><\/figure><figure class='gallery-item'>\n\t\t\t<div class='gallery-icon landscape'>\n\t\t\t\t<a data-elementor-open-lightbox=\"yes\" data-elementor-lightbox-slideshow=\"9fb224a\" data-elementor-lightbox-title=\"Modernes Eisengel\u00e4nder\" data-elementor-lightbox-description=\"Modernes Eisengel\u00e4nder\" data-e-action-hash=\"#elementor-action%3Aaction%3Dlightbox%26settings%3DeyJpZCI6NDQyODMsInVybCI6Imh0dHBzOlwvXC9hc3R1bmFtZXRhbC5jb21cL3dwLWNvbnRlbnRcL3VwbG9hZHNcLzIwMjRcLzA2XC9Nb2Rlcm5lcy1FaXNlbmdlbGFuZGVyLmpwZyIsInNsaWRlc2hvdyI6IjlmYjIyNGEifQ%3D%3D\" href='https:\/\/astunametal.com\/wp-content\/uploads\/2024\/06\/Modernes-Eisengelander.jpg'><img loading=\"lazy\" decoding=\"async\" width=\"750\" height=\"500\" src=\"https:\/\/astunametal.com\/wp-content\/uploads\/2024\/06\/Modernes-Eisengelander.jpg\" class=\"attachment-full size-full\" alt=\"Modernes Eisengel\u00e4nder\" aria-describedby=\"gallery-1-44283\" srcset=\"https:\/\/astunametal.com\/wp-content\/uploads\/2024\/06\/Modernes-Eisengelander.jpg 750w, https:\/\/astunametal.com\/wp-content\/uploads\/2024\/06\/Modernes-Eisengelander-300x200.jpg 300w\" sizes=\"(max-width: 750px) 100vw, 750px\" \/><\/a>\n\t\t\t<\/div>\n\t\t\t\t<figcaption class='wp-caption-text gallery-caption' id='gallery-1-44283'>\n\t\t\t\tModernes Eisengel\u00e4nder\n\t\t\t\t<\/figcaption><\/figure>\n\t\t<\/div>\n\t\t<\/div>\n\t\t\t\t<\/div>\n\t\t\t\t<\/div>\n\t\t\t\t\t<\/div>\n\t\t<\/div>\n\t\t\t\t\t\t\t<\/div>\n\t\t<\/section>\n\t\t<div class=\"elementor-element elementor-element-6d292d62 e-flex e-con-boxed e-con e-parent\" data-id=\"6d292d62\" data-element_type=\"container\" data-settings=\"{&quot;content_width&quot;:&quot;boxed&quot;}\" data-core-v316-plus=\"true\">\n\t\t\t\t\t<div class=\"e-con-inner\">\n\t\t<div class=\"elementor-element elementor-element-6172dc44 e-con-full e-flex e-con e-child\" data-id=\"6172dc44\" data-element_type=\"container\" data-settings=\"{&quot;content_width&quot;:&quot;full&quot;}\">\n\t\t\t\t<div class=\"elementor-element elementor-element-4f3f51f3 elementor-widget elementor-widget-heading\" data-id=\"4f3f51f3\" data-element_type=\"widget\" data-settings=\"{&quot;_animation&quot;:&quot;none&quot;}\" data-widget_type=\"heading.default\">\n\t\t\t\t<div class=\"elementor-widget-container\">\n\t\t\t<h2 class=\"elementor-heading-title elementor-size-default\">HAUPTMERKMALE DES EISENGEL\u00c4NDERS<\/h2>\t\t<\/div>\n\t\t\t\t<\/div>\n\t\t\t\t<div class=\"elementor-element elementor-element-2171bdbf elementor-widget elementor-widget-text-editor\" data-id=\"2171bdbf\" data-element_type=\"widget\" data-widget_type=\"text-editor.default\">\n\t\t\t\t<div class=\"elementor-widget-container\">\n\t\t\t\t\t\t\t<ol>\n  <li><strong>Handlauf:<\/strong>\n<ul>\n  <li>Die horizontale Schiene oben am Gel\u00e4ndersystem, die eine Oberfl\u00e4che zum Festhalten zur Unterst\u00fctzung bietet.<\/li>\n  <li>Eisenhandl\u00e4ufe k\u00f6nnen in verschiedenen Formen und Profilen gestaltet werden und so zum traditionellen oder dekorativen Aussehen beitragen.<\/li>\n<\/ul>\n<\/li>\n  <li><strong>Baluster (Spindeln):<\/strong>\n<ul>\n  <li>Vertikale Pfosten oder Stangen, die den Handlauf und das Grundgel\u00e4nder verbinden.<\/li>\n  <li>Eisenbaluster gibt es in verschiedenen Stilen, von einfach und schlicht bis hin zu verziert und dekorativ, sodass sie je nach Designvorlieben individuell gestaltet werden k\u00f6nnen.<\/li>\n<\/ul>\n<\/li>\n  <li><strong>Grundschiene:<\/strong>\n<ul>\n  <li>Die untere horizontale Schiene verl\u00e4uft parallel zum Handlauf und bietet zus\u00e4tzlichen Halt und verbindet die Gel\u00e4nderst\u00e4be.<\/li>\n<\/ul>\n<\/li>\n  <li><strong>Newel-Beitr\u00e4ge:<\/strong>\n<ul>\n  <li>Vertikale Pfosten am Anfangs- und Endpunkt eines Gel\u00e4nderabschnitts. Newel-Pfosten dienen als Ankerpunkte f\u00fcr das Gel\u00e4nder und erh\u00f6hen die strukturelle Stabilit\u00e4t.<\/li>\n<\/ul>\n<\/li>\n<\/ol>\t\t\t\t\t\t<\/div>\n\t\t\t\t<\/div>\n\t\t\t\t<div class=\"elementor-element elementor-element-11b1e899 elementor-widget elementor-widget-heading\" data-id=\"11b1e899\" data-element_type=\"widget\" data-settings=\"{&quot;_animation&quot;:&quot;none&quot;}\" data-widget_type=\"heading.default\">\n\t\t\t\t<div class=\"elementor-widget-container\">\n\t\t\t<h2 class=\"elementor-heading-title elementor-size-default\">EIGENSCHAFTEN DES EISENGEL\u00c4NDERS<\/h2>\t\t<\/div>\n\t\t\t\t<\/div>\n\t\t\t\t<div class=\"elementor-element elementor-element-4c31e5a7 elementor-widget elementor-widget-text-editor\" data-id=\"4c31e5a7\" data-element_type=\"widget\" data-widget_type=\"text-editor.default\">\n\t\t\t\t<div class=\"elementor-widget-container\">\n\t\t\t\t\t\t\t<ol>\n  <li><strong>Zeitlose \u00c4sthetik:<\/strong>\n<ul>\n  <li>Eisengel\u00e4nder sind f\u00fcr ihr zeitloses und elegantes Design bekannt. Sie f\u00fcgen sich nahtlos in verschiedene Architekturstile ein, von traditionell bis modern.<\/li>\n<\/ul>\n<\/li>\n  <li><strong>St\u00e4rke und Haltbarkeit:<\/strong>\n<ul>\n  <li>Eisen ist ein robustes Material, das au\u00dfergew\u00f6hnliche Festigkeit und Haltbarkeit bietet. Eisengel\u00e4nder halten rauen Wetterbedingungen stand und bleiben im Laufe der Zeit strukturell stabil.<\/li>\n<\/ul>\n<\/li>\n  <li><strong>Vielseitigkeit:<\/strong>\n<ul>\n  <li>Eisengel\u00e4nder k\u00f6nnen in verschiedenen Designs hergestellt werden, was eine vielseitige Optik erm\u00f6glicht. Sie eignen sich sowohl f\u00fcr schlichte als auch f\u00fcr kunstvolle Stile und werden unterschiedlichen \u00e4sthetischen Vorlieben gerecht.<\/li>\n<\/ul>\n<\/li>\n  <li><strong>Anpassung:<\/strong>\n<ul>\n  <li>Eisengel\u00e4nder bieten ein hohes Ma\u00df an Individualisierung. Die Baluster und Handl\u00e4ufe k\u00f6nnen mit komplizierten Mustern, Drehungen und Schn\u00f6rkeln gestaltet oder einfach belassen werden, um einen klaren und klassischen Look zu erzielen.<\/li>\n<\/ul>\n<\/li>\n  <li><strong>Verwendung im Innen- und Au\u00dfenbereich:<\/strong>\n<ul>\n  <li>Eisengel\u00e4nder werden h\u00e4ufig im Innenbereich f\u00fcr Treppen und Balkone sowie im Au\u00dfenbereich f\u00fcr Terrassen, Veranden und Gartenbereiche verwendet. Aufgrund ihrer Haltbarkeit eignen sie sich gut f\u00fcr Au\u00dfenanwendungen.<\/li>\n<\/ul>\n<\/li>\n  <li><strong>Einfache Wartung:<\/strong>\n<ul>\n  <li>W\u00e4hrend Eisengel\u00e4nder regelm\u00e4\u00dfig gewartet werden m\u00fcssen, um Rost vorzubeugen, sind sie relativ pflegeleicht. Regelm\u00e4\u00dfiges Streichen oder Beschichten mit Schutzlacken tr\u00e4gt dazu bei, ihr Aussehen zu erhalten.<\/li>\n<\/ul>\n<\/li>\n  <li><strong>Sicherheit:<\/strong>\n<ul>\n  <li>Eisengel\u00e4nder vermitteln aufgrund ihrer robusten Konstruktion ein Gef\u00fchl der Sicherheit. Sie fungieren als wirksame Barrieren, insbesondere in erh\u00f6hten Bereichen, und verhindern versehentliche St\u00fcrze.<\/li>\n<\/ul>\n<\/li>\n  <li><strong>Historische Bedeutung:<\/strong>\n<ul>\n  <li>Eisengel\u00e4nder werden seit Jahrhunderten in der Architektur verwendet und tragen zu ihrer historischen Bedeutung bei. Diese zeitlose Ausstrahlung macht sie zu einer beliebten Wahl f\u00fcr diejenigen, die ein klassisches und langlebiges Design suchen.<\/li>\n<\/ul>\n<\/li>\n<\/ol>\nEisengel\u00e4nder sind nach wie vor eine beliebte Wahl f\u00fcr diejenigen, die die Kombination aus St\u00e4rke, Haltbarkeit und klassischer \u00c4sthetik sch\u00e4tzen. Ob in historischen H\u00e4usern, modernen Residenzen oder Gewerbefl\u00e4chen \u2013 Eisengel\u00e4nder verleihen architektonischen Entw\u00fcrfen ein Gef\u00fchl von Handwerkskunst und Eleganz.\t\t\t\t\t\t<\/div>\n\t\t\t\t<\/div>\n\t\t\t\t<\/div>\n\t\t\t\t\t<\/div>\n\t\t\t\t<\/div>\n\t\t\t\t\t\t\t<\/div>\n\t\t","protected":false},"excerpt":{"rendered":"<p>EISENGEL\u00c4NDER START EISENGEL\u00c4NDER IRON RAILING SYSTEMS, PRICE EISENGEL\u00c4NDER Unter Eisengel\u00e4nder versteht man Gel\u00e4ndersysteme, die haupts\u00e4chlich aus Eisenkomponenten bestehen und ein klassisches und langlebiges Design bieten. Eisen ist seit Jahrhunderten ein Grundmaterial f\u00fcr den Bau von Gel\u00e4ndern und wird f\u00fcr seine St\u00e4rke, Vielseitigkeit und zeitlose Anziehungskraft gesch\u00e4tzt. EISENGEL\u00c4NDER Eisengel\u00e4nder System Balkon-Eisengel\u00e4nder Eisengeschmiedetes Eisengel\u00e4nder Preise f\u00fcr Eisengel\u00e4nder &#8230; <a title=\"Eisengel\u00e4nder Online Kaufen\" class=\"read-more\" href=\"https:\/\/astunametal.com\/de\/eisengelander\/\" aria-label=\"Mehr dazu unter Eisengel\u00e4nder Online Kaufen\">Weiterlesen<\/a><\/p>\n","protected":false},"author":1,"featured_media":0,"parent":0,"menu_order":0,"comment_status":"closed","ping_status":"closed","template":"elementor_header_footer","meta":{"footnotes":""},"_links":{"self":[{"href":"https:\/\/astunametal.com\/de\/wp-json\/wp\/v2\/pages\/42463"}],"collection":[{"href":"https:\/\/astunametal.com\/de\/wp-json\/wp\/v2\/pages"}],"about":[{"href":"https:\/\/astunametal.com\/de\/wp-json\/wp\/v2\/types\/page"}],"author":[{"embeddable":true,"href":"https:\/\/astunametal.com\/de\/wp-json\/wp\/v2\/users\/1"}],"replies":[{"embeddable":true,"href":"https:\/\/astunametal.com\/de\/wp-json\/wp\/v2\/comments?post=42463"}],"version-history":[{"count":17,"href":"https:\/\/astunametal.com\/de\/wp-json\/wp\/v2\/pages\/42463\/revisions"}],"predecessor-version":[{"id":44455,"href":"https:\/\/astunametal.com\/de\/wp-json\/wp\/v2\/pages\/42463\/revisions\/44455"}],"wp:attachment":[{"href":"https:\/\/astunametal.com\/de\/wp-json\/wp\/v2\/media?parent=42463"}],"curies":[{"name":"wp","href":"https:\/\/api.w.org\/{rel}","templated":true}]}}